{"id":6,"date":"2016-02-09T16:02:56","date_gmt":"2016-02-09T16:02:56","guid":{"rendered":"http:\/\/grafimedia.eu\/it\/?page_id=6"},"modified":"2019-05-04T18:20:30","modified_gmt":"2019-05-04T16:20:30","slug":"icon-grafimedia","status":"publish","type":"page","link":"https:\/\/grafimedia.eu\/it\/","title":{"rendered":"<img alt=\"Home\" src=\"http:\/\/grafimedia.eu\/wp-content\/uploads\/2016\/02\/HOME_NEGATIVE.png\" \/>"},"content":{"rendered":"<h1><strong><span style=\"color: #0000ff;\">icon grafimedia<\/span><\/strong><\/h1>\n<h3><strong>Salute IT come Servizio<\/strong><\/h3>\n<p><strong>Le corrette informazioni trasferite ai fornitori di assistenza sanitaria in modo semplice, veloce e intelligente.<\/strong><\/p>\n<p>Negli ultimi dieci anni il volume di informazioni mediche \u00e8 in aumento esponenziale mentre la gestione sta diventando sempre pi\u00f9 complessa. Oggi, il flusso informatico dei dati medici \u00e8 prodotto su vari sistemi operativi utilizzando protocolli diversi che per la maggior parte del tempo non sono in grado di comunicare tra loro. Il prezioso contributo dei protocolli DICOM3 e HL7 non \u00e8 sufficiente per risolvere il problema. La ricerca semplice e il recupero veloce delle informazioni restano una sfida.<\/p>\n<p><a href=\"https:\/\/grafimedia.eu\/it\/wp-content\/uploads\/sites\/3\/2018\/03\/Grafimedia-Digital-Health-SaaS-18.jpg\"><img loading=\"lazy\" decoding=\"async\" class=\"aligncenter size-full wp-image-618\" src=\"https:\/\/grafimedia.eu\/it\/wp-content\/uploads\/sites\/3\/2018\/03\/Grafimedia-Digital-Health-SaaS-18.jpg\" alt=\"icon grafimedia Salute IT come Servizio\" width=\"800\" height=\"480\" srcset=\"https:\/\/grafimedia.eu\/it\/wp-content\/uploads\/sites\/3\/2018\/03\/Grafimedia-Digital-Health-SaaS-18.jpg 800w, https:\/\/grafimedia.eu\/it\/wp-content\/uploads\/sites\/3\/2018\/03\/Grafimedia-Digital-Health-SaaS-18-300x180.jpg 300w, https:\/\/grafimedia.eu\/it\/wp-content\/uploads\/sites\/3\/2018\/03\/Grafimedia-Digital-Health-SaaS-18-768x461.jpg 768w\" sizes=\"(max-width: 800px) 100vw, 800px\" \/><\/a><\/p>\n<p>Noi di Grafimedia accettiamo la sfida. Siamo una rete di esperti in materia di tecnologia dell\u2019 informazione per la salute operando in diverse nazioni. Analizziamo, disegnamo, sviluppiamo e implementiamo il flusso di lavoro per ogni tipo e dimensione di impianto sanitario. Ci impegniamo ad avere di ogni caso un approccio individuale cercando di integrare e fare un ponte tra i vari sistemi esistenti, non necessariamente sostituirli. \u00a0Allo stesso tempo, cerchiamo di offrire il miglior rapporto costo\/prestazioni, senza superare i bilanci.<\/p>\n<p>Da Grafimedia, l\u2019obiettivo \u00e8 quello di ottimizzare il flusso di lavoro come voi lo desiderate. Le informazioni mediche sotto forma di voce, testo, audio, immagine o video devono essere disponibili alla persona autorizzata, in un modo semplice e veloce, indipendentemente dal luogo e dal dispositivo utilizzato. Cloud, IoT, stampa su carta e masterizzazione di documentazione su CD \/ DVD, sono vari mezzi per raggiungere questo obiettivo.<\/p>\n<p>Da Grafimedia offriamo tutti i nostri servizi su una formula \u201c\u00e0 la carte\u201d.\u00a0Contatta il nostro <a href=\"mailto:sales@grafimedia.eu\" target=\"_blank\" rel=\"noopener noreferrer\">Ufficio vendite\u00a0<\/a>per un\u2019 analisi del tuo caso e approfittati di un servizio su misura che corrisponda ai tuoi requisiti.<\/p>\n<p>&nbsp;<\/p>\n<p><img loading=\"lazy\" decoding=\"async\" class=\"aligncenter size-full wp-image-627\" src=\"https:\/\/grafimedia.eu\/it\/wp-content\/uploads\/sites\/3\/2019\/05\/Grafimedia-Awards-Certifications-2019.png\" alt=\"Grafimedia Awards Certifications 2019\" width=\"1910\" height=\"365\" srcset=\"https:\/\/grafimedia.eu\/it\/wp-content\/uploads\/sites\/3\/2019\/05\/Grafimedia-Awards-Certifications-2019.png 1910w, https:\/\/grafimedia.eu\/it\/wp-content\/uploads\/sites\/3\/2019\/05\/Grafimedia-Awards-Certifications-2019-300x57.png 300w, https:\/\/grafimedia.eu\/it\/wp-content\/uploads\/sites\/3\/2019\/05\/Grafimedia-Awards-Certifications-2019-768x147.png 768w, https:\/\/grafimedia.eu\/it\/wp-content\/uploads\/sites\/3\/2019\/05\/Grafimedia-Awards-Certifications-2019-1024x196.png 1024w\" sizes=\"(max-width: 1910px) 100vw, 1910px\" \/><\/p>\n<p>&nbsp;<\/p>\n","protected":false},"excerpt":{"rendered":"<p>icon grafimedia Salute IT come Servizio Le corrette informazioni trasferite ai fornitori di assistenza sanitaria in modo semplice, veloce e intelligente. Negli ultimi dieci anni il volume di informazioni mediche \u00e8 in aumento esponenziale mentre la gestione sta diventando sempre <a class=\"more-link\" href=\"https:\/\/grafimedia.eu\/it\/\">Continue reading <span class=\"screen-reader-text\">  <img decoding=\"async\" alt=\"Home\" src=\"http:\/\/grafimedia.eu\/wp-content\/uploads\/2016\/02\/HOME_NEGATIVE.png\" \/><\/span><span class=\"meta-nav\">&rarr;<\/span><\/a><\/p>\n","protected":false},"author":10,"featured_media":310,"parent":0,"menu_order":0,"comment_status":"closed","ping_status":"closed","template":"page-disable-sidebar.php","meta":{"_exactmetrics_skip_tracking":false,"_exactmetrics_sitenote_active":false,"_exactmetrics_sitenote_note":"","_exactmetrics_sitenote_category":0,"footnotes":""},"class_list":["post-6","page","type-page","status-publish","has-post-thumbnail","hentry"],"_links":{"self":[{"href":"https:\/\/grafimedia.eu\/it\/wp-json\/wp\/v2\/pages\/6"}],"collection":[{"href":"https:\/\/grafimedia.eu\/it\/wp-json\/wp\/v2\/pages"}],"about":[{"href":"https:\/\/grafimedia.eu\/it\/wp-json\/wp\/v2\/types\/page"}],"author":[{"embeddable":true,"href":"https:\/\/grafimedia.eu\/it\/wp-json\/wp\/v2\/users\/10"}],"replies":[{"embeddable":true,"href":"https:\/\/grafimedia.eu\/it\/wp-json\/wp\/v2\/comments?post=6"}],"version-history":[{"count":5,"href":"https:\/\/grafimedia.eu\/it\/wp-json\/wp\/v2\/pages\/6\/revisions"}],"predecessor-version":[{"id":628,"href":"https:\/\/grafimedia.eu\/it\/wp-json\/wp\/v2\/pages\/6\/revisions\/628"}],"wp:featuredmedia":[{"embeddable":true,"href":"https:\/\/grafimedia.eu\/it\/wp-json\/wp\/v2\/media\/310"}],"wp:attachment":[{"href":"https:\/\/grafimedia.eu\/it\/wp-json\/wp\/v2\/media?parent=6"}],"curies":[{"name":"wp","href":"https:\/\/api.w.org\/{rel}","templated":true}]}}