{"id":56,"date":"2016-02-10T18:34:19","date_gmt":"2016-02-10T18:34:19","guid":{"rendered":"http:\/\/grafimedia.eu\/it\/?page_id=56"},"modified":"2016-08-25T11:52:16","modified_gmt":"2016-08-25T11:52:16","slug":"xerox-solid-ink-printers","status":"publish","type":"page","link":"https:\/\/grafimedia.eu\/it\/xerox-solid-ink-printers\/","title":{"rendered":"xerox printers and MFPs"},"content":{"rendered":"<h1><strong>Stampanti Xerox e MFP\u00a0 <\/strong><\/h1>\n<p>[metaslider id=125]<\/p>\n<p style=\"font-size: 15px;\">Solo Xerox\u00ae pu\u00f2 mantenere la promessa di colore accessibile per ogni documento, ogni giorno. \u00a0Questo \u00e8 possibile grazie alla tecnologia brevettata a inchiostro solido Xerox\u00ae. Costruita fin dall&#8217;inizio per la stampa a inchiostro solido a colori ad alte prestazioni, la tecnologia a inchiostro solido ha una storia di oltre 20 anni di affidabilit\u00e0 . Qualit\u00e0 del colore spettacolare, pi\u00f9 conveniente che mai. Ecco inchiostro solido Xerox\u00ae.<\/p>\n<p><img loading=\"lazy\" decoding=\"async\" class=\"size-full wp-image-437\" src=\"http:\/\/grafimedia.eu\/it\/wp-content\/uploads\/sites\/3\/2016\/02\/Solo-Xerox\u00ae-pu\u00f2-mantenere-la-promessa-di-colore-accessibile-per-ogni-documento-ogni-giorno.-Questo-\u00e8-possibile-grazie-alla-tecnologia-brevettata-a-inchiostro-solido-Xerox\u00ae..png\" alt=\"Solo Xerox\u00ae pu\u00f2 mantenere la promessa di colore accessibile per ogni documento, ogni giorno. Questo \u00e8 possibile grazie alla tecnologia brevettata a inchiostro solido Xerox\u00ae.\" width=\"1024\" height=\"618\" srcset=\"https:\/\/grafimedia.eu\/it\/wp-content\/uploads\/sites\/3\/2016\/02\/Solo-Xerox\u00ae-pu\u00f2-mantenere-la-promessa-di-colore-accessibile-per-ogni-documento-ogni-giorno.-Questo-\u00e8-possibile-grazie-alla-tecnologia-brevettata-a-inchiostro-solido-Xerox\u00ae..png 1024w, https:\/\/grafimedia.eu\/it\/wp-content\/uploads\/sites\/3\/2016\/02\/Solo-Xerox\u00ae-pu\u00f2-mantenere-la-promessa-di-colore-accessibile-per-ogni-documento-ogni-giorno.-Questo-\u00e8-possibile-grazie-alla-tecnologia-brevettata-a-inchiostro-solido-Xerox\u00ae.-300x181.png 300w, https:\/\/grafimedia.eu\/it\/wp-content\/uploads\/sites\/3\/2016\/02\/Solo-Xerox\u00ae-pu\u00f2-mantenere-la-promessa-di-colore-accessibile-per-ogni-documento-ogni-giorno.-Questo-\u00e8-possibile-grazie-alla-tecnologia-brevettata-a-inchiostro-solido-Xerox\u00ae.-768x464.png 768w\" sizes=\"(max-width: 1024px) 100vw, 1024px\" \/><\/p>\n<h2><strong>Rendi il tuo ufficio<\/strong>\u00a0<strong>pi\u00f9 verde<\/strong><\/h2>\n<p style=\"font-size: 15px;\">E &#8216; del tutto possibile con il colore solido Xerox\u00ae, la soluzione colore con sistemazione senza cartuccia e imballaggio minimo. Questa semplice combinazione significa produrre meno, rifiuti drasticamente ridotti e meno spazio di archiviazione per una migliore efficienza del trasporto che fa risparmiare spese di spedizione, riducendo l&#8217;impatto ambientale.*<\/p>\n<blockquote>\n<p style=\"font-size: 15px;\"><strong>Meno materiali di consumo\u00a0<\/strong><\/p>\n<\/blockquote>\n<p style=\"font-size: 15px;\">Mai pi\u00f9 le grandi cartucce di stampa, il fusore o anche le unit\u00e0 di imaggine trovati in stampanti laser a colore di base e singolo colore. Altro che le cartucce d&#8217;inchiostro solido, l&#8217;unico altro componente che deve essere sostituito \u00e8 il rullo di manutenzione \/ unit\u00e0 di pulizia che dura per decine di migliaia di pagine e deve essere sostituito un paio di volte per tutta la vita operativa del dispositivo.<\/p>\n<blockquote>\n<p style=\"font-size: 15px;\"><strong>Pensare globalmente. Agire localmente<\/strong>.<\/p>\n<\/blockquote>\n<p style=\"font-size: 15px;\">L&#8217;imballaggio inchiostro solido \u00e8 costituito da rifiuti post-consumo che possono essere riciclati a livello locale, ove possibile. Parametri del driver della stampante EarthSmart. Manometro del print-driver facile da usare che consente di selezionare le impostazioni di stampa pi\u00f9 amichevoli per l\u2019 ambiente.Certificato da ENERGY STAR\u00ae. Tutti i dispositivi ColorQube soddisfano i requisiti pi\u00f9 severi di Energy Star per il consumo di energia.<\/p>\n<blockquote>\n<p style=\"font-size: 15px;\"><strong>Inchiostro organico <\/strong><\/p>\n<\/blockquote>\n<p style=\"font-size: 15px;\">L&#8217;Associazione Americana di Produttori d\u2019 Inchiostro di Stampa\u00a0 ha certificato che l&#8217;inchiostro solido Xerox ha un contenuto del 30 % di materiali biologici rinnovabili.\u00a0La carta riciclata \u00e8 apprezzata. Con l&#8217;inchiostro solido, non c\u2019 \u00e8 bisogno di carta riciclata &#8220;speciale&#8221;. Stampa\u00a0 su qualsiasi tipo di carta riciclata \u2013 con quasi ogni mezzo o in qualsiasi periodo &#8211; e avrai colori brillanti e di alta qualit\u00e0. Inoltre, le stampe a inchiostro solido sono completamente riciclabili.<\/p>\n<blockquote>\n<p style=\"font-size: 15px;\"><strong>Stampa efficiente <\/strong><\/p>\n<\/blockquote>\n<p>Software GreenPrint incluso. Lo strumento standard GreenPrint rileva automaticamente le pagine non necessarie , come quelle che non hanno che un indirizzo web o un&#8217;immagine priva di senso e permette di selezionare le pagine che ti servono per la stampa , contribuendo a ridurre i consumi carta e materiali di consumo . ( Non applicabile per la serie ColorQube 9300).\u00a0Il processo di imaging inchiostro solido \u00e8 molto efficiente, in quanto trasferisce quasi il 100 % dell\u2019 inchiostro sulla pagina durante la stampa normale.<\/p>\n<p style=\"font-size: 11.5px; text-decoration: none;\">*Inchiostro solido esente da cartuccia : Meno da produrre, niente cartucce di toner vuote da scartare o riciclare e meno spazio di memorizzazione richiesto rispetto ai dispositivi laser comparabili. Le stampanti a inchiostro solido generano fino al 90 % in meno di rifiuti di stampa durante l&#8217;uso degli dispositivi laser comparabili (in base alla valutazione del ciclo di vita completata in novembre 2011. Per ulteriori informazioni, visitare il sito <a href=\"http:\/\/www.xerox.com\/SolidInkLifeCycle\">Xerox<\/a>).<\/p>\n<hr \/>\n<p><a href=\"mailto:sales@grafimedia.eu?subject=xerox Printers and MFPs\">Interessato? Richiedi maggiori informazioni<\/a><\/p>\n<p>&nbsp;<br \/>\n<img loading=\"lazy\" decoding=\"async\" src=\"http:\/\/grafimedia.eu\/wp-content\/uploads\/2016\/02\/xerox_logo_2008_trans-white-bg-300x80.png\" alt=\"xerox_logo_2008_trans white-bg\" width=\"142\" height=\"80\" align=\"left\" \/><\/p>\n","protected":false},"excerpt":{"rendered":"<p>Stampanti Xerox e MFP\u00a0 [metaslider id=125] Solo Xerox\u00ae pu\u00f2 mantenere la promessa di colore accessibile per ogni documento, ogni giorno. \u00a0Questo \u00e8 possibile grazie alla tecnologia brevettata a inchiostro solido Xerox\u00ae. Costruita fin dall&#8217;inizio per la stampa a inchiostro solido <a class=\"more-link\" href=\"https:\/\/grafimedia.eu\/it\/xerox-solid-ink-printers\/\">Continue reading <span class=\"screen-reader-text\">  xerox printers and MFPs<\/span><span class=\"meta-nav\">&rarr;<\/span><\/a><\/p>\n","protected":false},"author":1,"featured_media":437,"parent":0,"menu_order":0,"comment_status":"closed","ping_status":"closed","template":"page-disable-sidebar.php","meta":{"_exactmetrics_skip_tracking":false,"_exactmetrics_sitenote_active":false,"_exactmetrics_sitenote_note":"","_exactmetrics_sitenote_category":0,"footnotes":""},"class_list":["post-56","page","type-page","status-publish","has-post-thumbnail","hentry"],"_links":{"self":[{"href":"https:\/\/grafimedia.eu\/it\/wp-json\/wp\/v2\/pages\/56"}],"collection":[{"href":"https:\/\/grafimedia.eu\/it\/wp-json\/wp\/v2\/pages"}],"about":[{"href":"https:\/\/grafimedia.eu\/it\/wp-json\/wp\/v2\/types\/page"}],"author":[{"embeddable":true,"href":"https:\/\/grafimedia.eu\/it\/wp-json\/wp\/v2\/users\/1"}],"replies":[{"embeddable":true,"href":"https:\/\/grafimedia.eu\/it\/wp-json\/wp\/v2\/comments?post=56"}],"version-history":[{"count":5,"href":"https:\/\/grafimedia.eu\/it\/wp-json\/wp\/v2\/pages\/56\/revisions"}],"predecessor-version":[{"id":441,"href":"https:\/\/grafimedia.eu\/it\/wp-json\/wp\/v2\/pages\/56\/revisions\/441"}],"wp:featuredmedia":[{"embeddable":true,"href":"https:\/\/grafimedia.eu\/it\/wp-json\/wp\/v2\/media\/437"}],"wp:attachment":[{"href":"https:\/\/grafimedia.eu\/it\/wp-json\/wp\/v2\/media?parent=56"}],"curies":[{"name":"wp","href":"https:\/\/api.w.org\/{rel}","templated":true}]}}