{"id":54,"date":"2016-02-10T18:31:48","date_gmt":"2016-02-10T18:31:48","guid":{"rendered":"http:\/\/grafimedia.eu\/it\/?page_id=54"},"modified":"2016-08-25T13:34:15","modified_gmt":"2016-08-25T13:34:15","slug":"xerox-managed-print-services","status":"publish","type":"page","link":"https:\/\/grafimedia.eu\/it\/xerox-managed-print-services\/","title":{"rendered":"xerox Managed Print Services"},"content":{"rendered":"<h1>xerox Managed Print Services<\/h1>\n<p>Di carta o digitali, i documenti sono necessari se si vuole offrire il miglior servizio ai clienti e stimolare le imprese. Eppure la maggior parte delle aziende non sono consapevoli di quanto tempo e denaro si spendono per i processi di documentazione \u00a0e i dispositivi di stampa . Vi aiuteremo ad acquisire il controllo dei documenti e a risparmiare fino al 30 %, allo stesso tempo. Se volete risparmiare tempo e denaro, automatizzare il flusso di documentazione o attivare la stampa mobile, la nostra competenza Managed Print Services (MPS) pu\u00f2 aiutare. I nostri clienti ottengono il controllo dei loro processi documentali tramite il nostro approccio collaudato in tre fasi, che si basa su come aiutare le migliaia di organizzazioni a massimizzare il proprio investimento nell\u2019 infrastruttura di stampa.<\/p>\n<p><strong><em>Valutare e ottimizzare<\/em><\/strong><\/p>\n<p>Il primo vantaggio che si vede\u00a0 \u00e8 il risparmio sui costi &#8211; fino al 30 % sul costo totale dei documenti . Stampando a basso costo e stampando meno, \u00a0supportate anche i vostri obiettivi di sostenibilit\u00e0.<\/p>\n<p><strong><em>Assicurare e integrare<\/em><\/strong><\/p>\n<p>Con la maturazione della vostra strategia MPS , sarete in grado di fare di pi\u00f9, come migliorare la sicurezza dei documenti e sostenere i lavoratori mobili che hanno bisogno di stampare.<\/p>\n<p style=\"font-size: 15px;\"><strong><em>Automatizzare e semplificare<\/em><\/strong><\/p>\n<p style=\"font-size: 15px;\">Al livello pi\u00f9 avanzato di MPS , si vedr\u00e0 automazione, integrazione e semplificazione pi\u00f9 grandi dei processi su forma di carta e digitali.<\/p>\n<p style=\"font-size: 15px;\">\n<p><img loading=\"lazy\" decoding=\"async\" class=\"size-full wp-image-475\" src=\"http:\/\/grafimedia.eu\/it\/wp-content\/uploads\/sites\/3\/2016\/02\/grafimedia-printers.jpg\" alt=\"xerox Managed Print Services\" width=\"708\" height=\"432\" srcset=\"https:\/\/grafimedia.eu\/it\/wp-content\/uploads\/sites\/3\/2016\/02\/grafimedia-printers.jpg 708w, https:\/\/grafimedia.eu\/it\/wp-content\/uploads\/sites\/3\/2016\/02\/grafimedia-printers-300x183.jpg 300w\" sizes=\"(max-width: 708px) 100vw, 708px\" \/><\/p>\n<hr \/>\n<p><a href=\"mailto:sales@grafimedia.eu?subject=xerox Managed Print Services\">Interessato? Richiedi maggiori informazioni.<\/a><\/p>\n<p><img loading=\"lazy\" decoding=\"async\" src=\"http:\/\/grafimedia.eu\/wp-content\/uploads\/2016\/02\/xerox_logo_2008_trans-white-bg-300x80.png\" alt=\"xerox_logo_2008_trans white-bg\" width=\"142\" height=\"80\" align=\"left\" \/><\/p>\n","protected":false},"excerpt":{"rendered":"<p>xerox Managed Print Services Di carta o digitali, i documenti sono necessari se si vuole offrire il miglior servizio ai clienti e stimolare le imprese. Eppure la maggior parte delle aziende non sono consapevoli di quanto tempo e denaro si <a class=\"more-link\" href=\"https:\/\/grafimedia.eu\/it\/xerox-managed-print-services\/\">Continue reading <span class=\"screen-reader-text\">  xerox Managed Print Services<\/span><span class=\"meta-nav\">&rarr;<\/span><\/a><\/p>\n","protected":false},"author":1,"featured_media":475,"parent":0,"menu_order":0,"comment_status":"closed","ping_status":"closed","template":"page-disable-sidebar.php","meta":{"_exactmetrics_skip_tracking":false,"_exactmetrics_sitenote_active":false,"_exactmetrics_sitenote_note":"","_exactmetrics_sitenote_category":0,"footnotes":""},"class_list":["post-54","page","type-page","status-publish","has-post-thumbnail","hentry"],"_links":{"self":[{"href":"https:\/\/grafimedia.eu\/it\/wp-json\/wp\/v2\/pages\/54"}],"collection":[{"href":"https:\/\/grafimedia.eu\/it\/wp-json\/wp\/v2\/pages"}],"about":[{"href":"https:\/\/grafimedia.eu\/it\/wp-json\/wp\/v2\/types\/page"}],"author":[{"embeddable":true,"href":"https:\/\/grafimedia.eu\/it\/wp-json\/wp\/v2\/users\/1"}],"replies":[{"embeddable":true,"href":"https:\/\/grafimedia.eu\/it\/wp-json\/wp\/v2\/comments?post=54"}],"version-history":[{"count":5,"href":"https:\/\/grafimedia.eu\/it\/wp-json\/wp\/v2\/pages\/54\/revisions"}],"predecessor-version":[{"id":476,"href":"https:\/\/grafimedia.eu\/it\/wp-json\/wp\/v2\/pages\/54\/revisions\/476"}],"wp:featuredmedia":[{"embeddable":true,"href":"https:\/\/grafimedia.eu\/it\/wp-json\/wp\/v2\/media\/475"}],"wp:attachment":[{"href":"https:\/\/grafimedia.eu\/it\/wp-json\/wp\/v2\/media?parent=54"}],"curies":[{"name":"wp","href":"https:\/\/api.w.org\/{rel}","templated":true}]}}