{"id":52,"date":"2016-02-10T18:28:46","date_gmt":"2016-02-10T18:28:46","guid":{"rendered":"http:\/\/grafimedia.eu\/it\/?page_id=52"},"modified":"2016-08-25T11:26:52","modified_gmt":"2016-08-25T11:26:52","slug":"vepro-pacs-systems","status":"publish","type":"page","link":"https:\/\/grafimedia.eu\/it\/vepro-pacs-systems\/","title":{"rendered":"VEPRO PACS Systems"},"content":{"rendered":"<h1><strong>Sistemi PACS VEPRO<\/strong><\/h1>\n<p style=\"font-size: 15px;\">Le nostre soluzioni rendono il vostro desiderio una realt\u00e0. I sistemi avanzati di Grafimedia permettono di accedere a tutte le informazioni del paziente premendo un semplice tasto. Sia che si sta prendendo in considerazione un PACS ( sistema di immagine ,archiviazione e comunicazione ) di impresa indipendente, microimpresa o a livello di clinica, ci si pu\u00f2 aspettare pi\u00f9 di un sistema VEPRO che solo la gestione e la visualizzazione di immagini.<\/p>\n<p style=\"font-size: 15px;\">Il grado punteggio pi\u00f9 alto a cui VEPRO PACS \u00e8 riuscito a produrre risultati , si basa su sistemi di intelligenza di alta qualit\u00e0. La sua efficacia rimane esattamente inalterabile indipendentemente dalla fonte di campo medico che fornisce i dati . Ora tutti i file medici, ad esempio radiologia, cardiologia, ortopedia, endoscopia o chirurgia possono collaborare al fine di portare le giuste informazioni al fornitore di assistenza sanitaria in un modo intelligente e semplice.\u00a0Tutte le informazioni pazienti possono essere stipulate verso un PACS Vepro e memorizzate nel formato standard DICOM.\u00a0 Con VEPRO, \u00e8 irrilevante che le modalit\u00e0 ( dispositivi di imaging ) corrispondino al livello DICOM o se non sono DICOM. L&#8217;importazione di tutti i dati, rigorosamente secondo il standard DICOM 3.0, crea un archivio coerente e standardizzato e una struttura di file nel vostro PACS Vepro.<\/p>\n<p style=\"font-size: 15px;\">Come un sistema client-server aperto e standardizzato che pu\u00f2 essere espanso di modo modulare, PACS Vepro non solo cresce in base alle proprie esigenze, ma garantisce anche la sicurezza degli investimenti del vostro sistema in futuro .<\/p>\n<p><a href=\"http:\/\/grafimedia.eu\/it\/vepro-pacs-systems\/ \"><img loading=\"lazy\" decoding=\"async\" class=\"aligncenter wp-image-431 size-full\" src=\"http:\/\/grafimedia.eu\/it\/wp-content\/uploads\/sites\/3\/2016\/02\/Grafimedia-Pacs-Vepro-Systems.png\" alt=\"Il grado punteggio pi\u00f9 alto a cui VEPRO PACS \u00e8 riuscito a produrre risultati , si basa su sistemi di intelligenza di alta qualit\u00e0.\" width=\"940\" height=\"353\" srcset=\"https:\/\/grafimedia.eu\/it\/wp-content\/uploads\/sites\/3\/2016\/02\/Grafimedia-Pacs-Vepro-Systems.png 940w, https:\/\/grafimedia.eu\/it\/wp-content\/uploads\/sites\/3\/2016\/02\/Grafimedia-Pacs-Vepro-Systems-300x113.png 300w, https:\/\/grafimedia.eu\/it\/wp-content\/uploads\/sites\/3\/2016\/02\/Grafimedia-Pacs-Vepro-Systems-768x288.png 768w\" sizes=\"(max-width: 940px) 100vw, 940px\" \/><\/a><\/p>\n<p>&nbsp;<\/p>\n<p>Vuoi rendere il tuo ufficio pi\u00f9 verde? Dai un\u2019 occhiata alle ultime notizie sulle stampanti Xerox nella sezione <a href=\"http:\/\/grafimedia.eu\/blog\/make-office-greener-grafimedia\/\">News<\/a>.<\/p>\n<p>&nbsp;<\/p>\n<hr \/>\n<p><a href=\"mailto:sales@grafimedia.eu?subject=VEPRO PACS Systems\">Interessato? Richiedi maggiori informazioni.<\/a><\/p>\n<p><img loading=\"lazy\" decoding=\"async\" src=\"http:\/\/grafimedia.eu\/wp-content\/uploads\/2016\/02\/VEPRO_300x80.png\" alt=\"VEPRO_300x80\" width=\"142\" height=\"80\" align=\"left\" \/><\/p>\n","protected":false},"excerpt":{"rendered":"<p>Sistemi PACS VEPRO Le nostre soluzioni rendono il vostro desiderio una realt\u00e0. I sistemi avanzati di Grafimedia permettono di accedere a tutte le informazioni del paziente premendo un semplice tasto. Sia che si sta prendendo in considerazione un PACS ( <a class=\"more-link\" href=\"https:\/\/grafimedia.eu\/it\/vepro-pacs-systems\/\">Continue reading <span class=\"screen-reader-text\">  VEPRO PACS Systems<\/span><span class=\"meta-nav\">&rarr;<\/span><\/a><\/p>\n","protected":false},"author":1,"featured_media":431,"parent":0,"menu_order":0,"comment_status":"closed","ping_status":"closed","template":"page-disable-sidebar.php","meta":{"_exactmetrics_skip_tracking":false,"_exactmetrics_sitenote_active":false,"_exactmetrics_sitenote_note":"","_exactmetrics_sitenote_category":0,"footnotes":""},"class_list":["post-52","page","type-page","status-publish","has-post-thumbnail","hentry"],"_links":{"self":[{"href":"https:\/\/grafimedia.eu\/it\/wp-json\/wp\/v2\/pages\/52"}],"collection":[{"href":"https:\/\/grafimedia.eu\/it\/wp-json\/wp\/v2\/pages"}],"about":[{"href":"https:\/\/grafimedia.eu\/it\/wp-json\/wp\/v2\/types\/page"}],"author":[{"embeddable":true,"href":"https:\/\/grafimedia.eu\/it\/wp-json\/wp\/v2\/users\/1"}],"replies":[{"embeddable":true,"href":"https:\/\/grafimedia.eu\/it\/wp-json\/wp\/v2\/comments?post=52"}],"version-history":[{"count":5,"href":"https:\/\/grafimedia.eu\/it\/wp-json\/wp\/v2\/pages\/52\/revisions"}],"predecessor-version":[{"id":433,"href":"https:\/\/grafimedia.eu\/it\/wp-json\/wp\/v2\/pages\/52\/revisions\/433"}],"wp:featuredmedia":[{"embeddable":true,"href":"https:\/\/grafimedia.eu\/it\/wp-json\/wp\/v2\/media\/431"}],"wp:attachment":[{"href":"https:\/\/grafimedia.eu\/it\/wp-json\/wp\/v2\/media?parent=52"}],"curies":[{"name":"wp","href":"https:\/\/api.w.org\/{rel}","templated":true}]}}