{"id":48,"date":"2016-02-10T18:14:39","date_gmt":"2016-02-10T18:14:39","guid":{"rendered":"http:\/\/grafimedia.eu\/it\/?page_id=48"},"modified":"2019-05-04T18:27:09","modified_gmt":"2019-05-04T16:27:09","slug":"philips-dictation-systems","status":"publish","type":"page","link":"https:\/\/grafimedia.eu\/it\/philips-dictation-systems\/","title":{"rendered":"PHILIPS Dictation Systems"},"content":{"rendered":"<h1>PHILIPS Dictation Systems<\/h1>\n<p>[metaslider id=269]<\/p>\n<p>Voce in testo facile con qualit\u00e0 di registrazione superiore. Il kit di dettatura e trascrizione di Philips consente di convertire la voce in testo pi\u00f9 velocemente che mai. Il registratore vocale Pocket Memo combina due microfoni per una qualit\u00e0 audio superiore con un design ergonomico, robusto e leggero. Con il software facile da usare e il pedale comodo, la dettatura e la trascrizione non sono mai state cos\u00ec facili.<\/p>\n<p>&nbsp;<\/p>\n<p><strong>Lo sviluppo di dettatura professionale<br \/>\n(1954 &#8211; oggi)<\/strong><br \/>\n[metaslider id=282]<\/p>\n<p>&nbsp;<\/p>\n<h2>Philips DPM 6700 DPM4 Starter Kit<\/h2>\n<h3>Pocket Kit \u00a0Dettatura e trascrizione<\/h3>\n<p>&nbsp;<\/p>\n<h3>Soluzione di registrazione professionale<\/h3>\n<p>Due microfoni per registrazione audio stereo di qualit\u00e0 superiore<br \/>\nAlta qualit\u00e0 di registrazione in formato DSS e MP3<br \/>\nPulsante comodo per il comando di registrazione professionale<br \/>\nInvolucro robusto in acciaio inox per una lunga durata<br \/>\nGrande schermo a colori e interfaccia utente chiara facili da usare ed intuitivi<br \/>\nSensore di luce e batteria agli ioni di litio per un uso prolungato<br \/>\nDownload automatico dei file tramite USB per una trascrizione rapida<\/p>\n<p><a href=\"http:\/\/grafimedia.eu\/it\/philips-dictation-systems\/\"><img loading=\"lazy\" decoding=\"async\" class=\"alignnone wp-image-421 size-full\" src=\"http:\/\/grafimedia.eu\/it\/wp-content\/uploads\/sites\/3\/2016\/02\/Digital-Dictation-Philips-DPM-6700-DPM4-Starter-Kit-by-Grafimedia.jpg\" alt=\"Philips DPM 6700 DPM4 Starter Kit. Pocket Kit Dettatura e trascrizione.\" width=\"760\" height=\"462\" srcset=\"https:\/\/grafimedia.eu\/it\/wp-content\/uploads\/sites\/3\/2016\/02\/Digital-Dictation-Philips-DPM-6700-DPM4-Starter-Kit-by-Grafimedia.jpg 760w, https:\/\/grafimedia.eu\/it\/wp-content\/uploads\/sites\/3\/2016\/02\/Digital-Dictation-Philips-DPM-6700-DPM4-Starter-Kit-by-Grafimedia-300x182.jpg 300w\" sizes=\"(max-width: 760px) 100vw, 760px\" \/><\/a><\/p>\n<h2><\/h2>\n<h3>Soluzione di trascrizione professionale<\/h3>\n<p>Software SpeechExec per una gestione dei dati efficiente<br \/>\nPedale ergonomico per il controllo pratico della riproduzione<br \/>\nCuffie stereo leggere per un confort maggiore<br \/>\nInformazioni di priorit\u00e0 per il trattamento immediato dei compiti urgenti<\/p>\n<h3><\/h3>\n<h3>Contenuto del pacco<\/h3>\n<p>Registratore vocale digitale Pocket Memo DPM6000<br \/>\nPedale LFH2330<br \/>\nCuffie stereo LFH0334<br \/>\nScheda di memoria<br \/>\nSoftware di trascrizione SpeechExec<br \/>\nSoftware di dettatura SpeechExec<br \/>\nBatteria ricaricabile<br \/>\nCavo USB<br \/>\nSacchetto<br \/>\nGuida per un avvio rapido<\/p>\n<p><iframe loading=\"lazy\" title=\"Philips Digital Pocket Memo - Large, high-resolution color display\" width=\"530\" height=\"298\" src=\"https:\/\/www.youtube.com\/embed\/Xd0UOGaRJd4?feature=oembed\" frameborder=\"0\" allow=\"accelerometer; autoplay; clipboard-write; encrypted-media; gyroscope; picture-in-picture; web-share\" referrerpolicy=\"strict-origin-when-cross-origin\" allowfullscreen><\/iframe><\/p>\n<h3>Requisiti del sistema<\/h3>\n<p>Processore : Intel Pentium 4 1.0 GHz o equivalente<br \/>\nMemoria RAM : 1 GB ( 2 GB consigliati )<br \/>\nSpazio su disco rigido : 100 MB per il software SpeechExec , 850 MB ( 32 bit ) \/ 2 GB ( 64 bit) per Microsoft .NET Framework ( Windows)<br \/>\nSistema operativo: Windows 8\/7 \/ Vista ( 32\/64 bit ) , Mac OS X 10.10 \/ 10.9 (funzionalit\u00e0 Mac pu\u00f2 essere limitata )<br \/>\nPorta USB libera<br \/>\nUnit\u00e0 DVD-ROM<br \/>\nScheda grafica : scheda grafica compatibile con DirectX con accelerazione hardware ( Windows)<br \/>\nWindows Media Player deve essere installato su un sistema operativo Windows<\/p>\n<hr \/>\n<p><a href=\"mailto:sales@grafimedia.eu?subject=PHILIPS Dictation Systems\">Interessato? Richiedi maggiori informazioni.<\/a><\/p>\n<p><img loading=\"lazy\" decoding=\"async\" class=\"size-medium wp-image-629 alignnone\" src=\"https:\/\/grafimedia.eu\/it\/wp-content\/uploads\/sites\/3\/2019\/05\/philips-dictation_certified-partner_label_2019_en_rgb_large-300x214.png\" alt=\"Philips Dictation Certified Partner 2019\" width=\"300\" height=\"214\" srcset=\"https:\/\/grafimedia.eu\/it\/wp-content\/uploads\/sites\/3\/2019\/05\/philips-dictation_certified-partner_label_2019_en_rgb_large-300x214.png 300w, https:\/\/grafimedia.eu\/it\/wp-content\/uploads\/sites\/3\/2019\/05\/philips-dictation_certified-partner_label_2019_en_rgb_large.png 546w\" sizes=\"(max-width: 300px) 100vw, 300px\" \/><\/p>\n<p>&nbsp;<\/p>\n","protected":false},"excerpt":{"rendered":"<p>PHILIPS Dictation Systems [metaslider id=269] Voce in testo facile con qualit\u00e0 di registrazione superiore. Il kit di dettatura e trascrizione di Philips consente di convertire la voce in testo pi\u00f9 velocemente che mai. Il registratore vocale Pocket Memo combina due <a class=\"more-link\" href=\"https:\/\/grafimedia.eu\/it\/philips-dictation-systems\/\">Continue reading <span class=\"screen-reader-text\">  PHILIPS Dictation Systems<\/span><span class=\"meta-nav\">&rarr;<\/span><\/a><\/p>\n","protected":false},"author":1,"featured_media":421,"parent":0,"menu_order":0,"comment_status":"closed","ping_status":"closed","template":"page-disable-sidebar.php","meta":{"_exactmetrics_skip_tracking":false,"_exactmetrics_sitenote_active":false,"_exactmetrics_sitenote_note":"","_exactmetrics_sitenote_category":0,"footnotes":""},"class_list":["post-48","page","type-page","status-publish","has-post-thumbnail","hentry"],"_links":{"self":[{"href":"https:\/\/grafimedia.eu\/it\/wp-json\/wp\/v2\/pages\/48"}],"collection":[{"href":"https:\/\/grafimedia.eu\/it\/wp-json\/wp\/v2\/pages"}],"about":[{"href":"https:\/\/grafimedia.eu\/it\/wp-json\/wp\/v2\/types\/page"}],"author":[{"embeddable":true,"href":"https:\/\/grafimedia.eu\/it\/wp-json\/wp\/v2\/users\/1"}],"replies":[{"embeddable":true,"href":"https:\/\/grafimedia.eu\/it\/wp-json\/wp\/v2\/comments?post=48"}],"version-history":[{"count":5,"href":"https:\/\/grafimedia.eu\/it\/wp-json\/wp\/v2\/pages\/48\/revisions"}],"predecessor-version":[{"id":630,"href":"https:\/\/grafimedia.eu\/it\/wp-json\/wp\/v2\/pages\/48\/revisions\/630"}],"wp:featuredmedia":[{"embeddable":true,"href":"https:\/\/grafimedia.eu\/it\/wp-json\/wp\/v2\/media\/421"}],"wp:attachment":[{"href":"https:\/\/grafimedia.eu\/it\/wp-json\/wp\/v2\/media?parent=48"}],"curies":[{"name":"wp","href":"https:\/\/api.w.org\/{rel}","templated":true}]}}