{"id":386,"date":"2016-08-24T20:28:13","date_gmt":"2016-08-24T20:28:13","guid":{"rendered":"http:\/\/grafimedia.eu\/it\/?page_id=386"},"modified":"2018-02-26T20:27:20","modified_gmt":"2018-02-26T19:27:20","slug":"termini-condizioni","status":"publish","type":"page","link":"https:\/\/grafimedia.eu\/it\/termini-condizioni\/","title":{"rendered":"Termini &#038; Condizioni"},"content":{"rendered":"<h1>Termini &amp; Condizioni<\/h1>\n<p>&nbsp;<\/p>\n<p>Questo sito ( &#8220;Sito Web&#8221;) \u00e8 offerto da Grafimedia.eu . ( &#8221; Grafimedia &#8221; ).<\/p>\n<p>I seguenti termini e condizioni disciplinano l&#8217;accesso e l&#8217;utilizzo di questo sito Web. I termini e condizioni specifiche possono essere applicati anche ai contenuti, dati, documenti o informazioni contenuti in questo sito o disponibili attraverso di esso ( di seguito denominati\u00a0 &#8220;il Contenuto&#8221; ), cos\u00ec come a contenuti, dati, materiali o informazioni specifici che si possono caricare , inviare e \/ o pubblicare sul sito web (di seguito denominati &#8221; contenuti utente &#8220;) o a transazioni concluse tramite questo sito web . Queste condizioni particolari possono essere aggiunte ai presenti Termini e Condizioni o possono , e soltanto se si \u00e8 espressamente specificato , sostituire i presenti Termini e Condizioni.<\/p>\n<p>&nbsp;<\/p>\n<p><strong>1. Accettazione di Termini e condizioni<\/strong><\/p>\n<p>Accedendo o utilizzando questo sito web , l&#8217;utente accetta di essere vincolato legalmente ai Termini e Condizioni contenuti o richiamati in questi termini e condizioni o altri termini e condizioni di questo sito web. Se NON si \u00e8 d&#8217;accordo a tutti questi termini , NON si potr\u00e0 accedere o utilizzare questo sito web .<\/p>\n<p>&nbsp;<\/p>\n<p><strong>2. Modificazione delle Condizioni<\/strong><\/p>\n<p>I presenti Termini e Condizioni possono essere modificati in qualsiasi momento da Grafimedia . I Termini e Condizioni modificati entreranno in vigore al momento della pubblicazione. Continuando ad accedere o utilizzare il sito dopo questa convalida, si riterr\u00e0 che abbia accettato queste modifiche. Vi consigliamo di consultare regolarmente i termini e le condizioni applicabili. Altri siti web Grafimedia possono avere le loro condizioni di utilizzo che si applicano a questi siti web.<\/p>\n<p>Grafimedia si riserva il diritto di interrompere o di apportare modifiche o aggiornamenti sul sito web o il contenuto del sito in qualsiasi momento, senza preavviso. Grafimedia si riserva il diritto di limitare, rifiutare o interrompere l&#8217;accesso al sito a qualsiasi persona o qualsiasi parte, con effetto immediato e senza preavviso in qualsiasi momento e per qualsiasi motivo, a sua esclusiva discrezione.<\/p>\n<p>&nbsp;<\/p>\n<p><strong>3. Questo \u00e8 un sito web pubblico<\/strong><\/p>\n<p>Non si dovrebbe avere aspettative relative alla riservatezza con riferimento a qualsiasi Contenuto Utente che si pu\u00f2 presentare su questo sito web. Non si deve presentare informazioni riservate sul sito web.<br \/>\nGrafimedia e le sue imprese controllate, affiliate, partner, licenziatari, fornitori e proprietari di marchi non si assumono alcuna responsabilit\u00e0 per interruzioni o omissioni nei servizi Internet, servizi di rete o di sistemazione e non garantiscono che il sito web o i servizi che rendono questo sito web a disposizione o le comunicazioni elettroniche inviate da Grafimedia siano privi di virus o altri componenti dannosi.<br \/>\nQualsiasi materiale scaricato o altrimenti ottenuto attraverso l&#8217;uso di questo sito Web \u00e8 a proprio rischio. Si \u00e8 responsabili per eventuali danni al proprio computer o per la perdita di dati derivanti dal download di tale materiale.<\/p>\n<p>&nbsp;<\/p>\n<p><strong>4. Contenuto \/ Software di terze parti<\/strong><\/p>\n<p>Grafimedia non \u00e8 responsabile del contenuto di qualsiasi sito di propriet\u00e0 di terzi che possono essere collegati al Sito Web tramite collegamento ipertestuale, che tale collegamento \u00e8 previsto o meno dal Sito Web o da una terza parte in base ai Termini e Condizioni. Qualsiasi altro sito web che \u00e8 collegato al\u00a0 nostro sito non costituisce un&#8217;approvazione di questo altro sito e non viene fatto alcun giudizio o garanzia circa l&#8217;accuratezza , la tempestivit\u00e0 o convenienza del contenuto di qualsiasi altro sito al quale il nostro sito pu\u00f2 essere collegato , e noi non prenderemo alcuna responsabilit\u00e0 per questo.<\/p>\n<p>&nbsp;<\/p>\n<p><strong>5. Diritti di propriet\u00e0 intellettuale e dei marchi depositati<\/strong><\/p>\n<p>I diritti d&#8217;autore e gli altri diritti di propriet\u00e0 intellettuale del Contenuto fornito da Grafimedia, le sue imprese affiliate, licenziatari dei marchi e \/ o altri partner, il software per funzionare e pubblicare il sito Web, la raccolta di dati sul sito web e l&#8217;ordine, la sequenza e la disposizione di questo sito web, appartengono tutti a Grafimedia, a Spiros Kokkalis e \/ o ai suoi licenziatari del marchio , altri partner o licenziatari . Tutti i diritti sul Contenuto, non espressamente concessi nei presenti termini e condizioni, sono riservati. Grafimedia \u00e8 un marchio registrato di Spiros Kokkalis .<\/p>\n<p>L&#8217; uso e la registrazione del nome di Grafimedia sono riservati esclusivamente alla nostra azienda. Non \u00e8 consentito registrare o utilizzare un nome di azienda, nome commerciale, nome di dominio o altro nome , indicazione o descrizione, che include il nome di Grafimedia o un nome simile, o qualsiasi nome che \u00e8 costituito da una parte del nome di Grafimedia, n\u00e9 che include qualsiasi altro marchio registrato di propriet\u00e0 di Spiros Kokkalis .<\/p>\n<p>&nbsp;<\/p>\n<p><strong>6. Diritti esclusivi del sito Web<\/strong><\/p>\n<p>Il presente sito Web \u00e8 pubblico per natura e tutte le informazioni fornite saranno considerate non riservate. Si riconosce che ogni presentazione di invenzioni incorporate in qualsiasi contenuto dell&#8217;utente, fornito dall\u2019 utente, costituisce una &#8221; pubblicazione &#8221; di queste invenzioni ai sensi delle leggi sui brevetti applicabili.<br \/>\nL&#8217;utente riconosce che i Contenuti inseriti dall&#8217;utente e \/ o discussi sul sito web possono essere oggetto di brevetti , diritti d&#8217;autore , marchi registrati e altre propriet\u00e0 intellettuali di Grafimedia , le sue consociate, affiliate , licenziatari del marchio , altri partner o terzi . Se l\u2019 utente prevede di utilizzare qualsiasi idea , proposta , suggerimento o soluzione o altri contenuti dell\u2019 utente inviati al sito Web , l&#8217;utente \u00e8 responsabile di ottenere il permesso di propriet\u00e0 intellettuale appropriato prima di impegnarsi in qualsiasi comportamento operativo.<\/p>\n<p>&nbsp;<\/p>\n<p><strong>7. Chiusura del sito<\/strong><\/p>\n<p>Noi abbiamo l&#8217;unico diritto di chiudere il sito Web o parte di esso, per qualsiasi motivo, in qualsiasi momento, senza preavviso o consenso. Non ci assumiamo nessuna responsabilit\u00e0 per \u00a0non conservare o per cancellare qualsiasi contenuto e \/ o contenuti utente \u00a0inviati verso il sito Web .<\/p>\n<p>&nbsp;<\/p>\n<p><strong>8. Risoluzione delle controversie<\/strong><\/p>\n<p>I presenti Termini e Condizioni sono regolati e interpretati secondo le leggi della Grecia e dell&#8217;Unione europea. Si accetta la giurisdizione non esclusiva dei tribunali in Grecia per qualsiasi controversia, rivendicazione o azione legale che comportano o sono relativi a o in connessione con i presenti Termini e Condizioni o l&#8217;utilizzo di questo sito Web, compresa qualsiasi controversia relativa alla esistenza o la validit\u00e0 di questi Termini e Condizioni, a condizione che l&#8217;utente accetta di sottoporre qualsiasi controversia, reclamo o azione legale esclusivamente ai giudici della Grecia.<\/p>\n<p>&nbsp;<\/p>\n<p>Grazie per far parte del nostro sito web.<\/p>\n<p>Ultimo aggiornamento : Gennaio 2018<\/p>\n","protected":false},"excerpt":{"rendered":"<p>Termini &amp; Condizioni &nbsp; Questo sito ( &#8220;Sito Web&#8221;) \u00e8 offerto da Grafimedia.eu . ( &#8221; Grafimedia &#8221; ). I seguenti termini e condizioni disciplinano l&#8217;accesso e l&#8217;utilizzo di questo sito Web. I termini e condizioni specifiche possono essere applicati <a class=\"more-link\" href=\"https:\/\/grafimedia.eu\/it\/termini-condizioni\/\">Continue reading <span class=\"screen-reader-text\">  Termini &#038; Condizioni<\/span><span class=\"meta-nav\">&rarr;<\/span><\/a><\/p>\n","protected":false},"author":10,"featured_media":609,"parent":0,"menu_order":0,"comment_status":"closed","ping_status":"closed","template":"page-disable-sidebar.php","meta":{"_exactmetrics_skip_tracking":false,"_exactmetrics_sitenote_active":false,"_exactmetrics_sitenote_note":"","_exactmetrics_sitenote_category":0,"footnotes":""},"class_list":["post-386","page","type-page","status-publish","has-post-thumbnail","hentry"],"_links":{"self":[{"href":"https:\/\/grafimedia.eu\/it\/wp-json\/wp\/v2\/pages\/386"}],"collection":[{"href":"https:\/\/grafimedia.eu\/it\/wp-json\/wp\/v2\/pages"}],"about":[{"href":"https:\/\/grafimedia.eu\/it\/wp-json\/wp\/v2\/types\/page"}],"author":[{"embeddable":true,"href":"https:\/\/grafimedia.eu\/it\/wp-json\/wp\/v2\/users\/10"}],"replies":[{"embeddable":true,"href":"https:\/\/grafimedia.eu\/it\/wp-json\/wp\/v2\/comments?post=386"}],"version-history":[{"count":5,"href":"https:\/\/grafimedia.eu\/it\/wp-json\/wp\/v2\/pages\/386\/revisions"}],"predecessor-version":[{"id":613,"href":"https:\/\/grafimedia.eu\/it\/wp-json\/wp\/v2\/pages\/386\/revisions\/613"}],"wp:featuredmedia":[{"embeddable":true,"href":"https:\/\/grafimedia.eu\/it\/wp-json\/wp\/v2\/media\/609"}],"wp:attachment":[{"href":"https:\/\/grafimedia.eu\/it\/wp-json\/wp\/v2\/media?parent=386"}],"curies":[{"name":"wp","href":"https:\/\/api.w.org\/{rel}","templated":true}]}}