{"id":34,"date":"2016-02-10T17:46:51","date_gmt":"2016-02-10T17:46:51","guid":{"rendered":"http:\/\/grafimedia.eu\/it\/?page_id=34"},"modified":"2016-08-30T16:00:06","modified_gmt":"2016-08-30T16:00:06","slug":"icon-print-video","status":"publish","type":"page","link":"https:\/\/grafimedia.eu\/it\/icon-print-video\/","title":{"rendered":"icon Print Video"},"content":{"rendered":"<h1>icon Print Video<span style=\"font-size: 15px;\">\u00a0<img loading=\"lazy\" decoding=\"async\" class=\"alignright wp-image-512 size-full\" src=\"http:\/\/grafimedia.eu\/it\/wp-content\/uploads\/sites\/3\/2016\/02\/Grafimedia-ICON-logo-square_9-small-e1472572791805.jpg\" alt=\"Grafimedia-ICON logo\" width=\"88\" height=\"88\" \/><\/span><\/h1>\n<p>[metaslider id=180]<\/p>\n<p>Con icon Print video il collegamento di qualsiasi dispositivo di imaging con uscita video ( per esempio ultrasuoni, colposcopio , gastroscopio , endoscopio , microscopio ) ad un PC diventa possibile senza sforzo supplementare. Inoltre,\u00a0 icon d\u00e0 la possibilit\u00e0 di catturare immagini a colori o in bianco e nero esattamente quando e dove si vuole . In pochi minuti \u00e8 possibile regolare luminosit\u00e0, contrasto e saturazione su ogni immagine . Si pu\u00f2 anche stampare su carta A4 o A3 , scegliendo da 1 a 32 immagini per pagina . Stampa un pi\u00e8 di pagina in ogni pagina con il nome e l&#8217;indirizzo dell&#8217;istituto di cura . Esegui tutte le funzioni di base, con la semplice pressione di un pulsante tramite il controllo icon a quatro tasti di commando.<\/p>\n<blockquote><p><strong>Digitalizzare e registrare i video senza sforzo.<\/strong><\/p><\/blockquote>\n<p>Si tratta di una scelta perfetta per tutti i fornitori di servizi sanitari, nel caso in cui desidereranno estrarre le immagini selezionate da un video catturato. Gli operatori sanitari possono anche avere alta qualit\u00e0 di stampa su una stampante a inchiostro solido Xerox. Possono anche bruciare testo, immagini e video relativi ad un esame su un CD \/ DVD . Si prega di tenere presente che solo con l&#8217; utilizzo della carta digitalizzazione suggerita , dei cavi di collegamento e di icon si possono ottenere i migliori risultati .<\/p>\n<p>&nbsp;<\/p>\n<h1>icon DICOM<\/h1>\n<p>E &#8216;possibile inviare le immagini catturate dalla stampante icon al sistema <a href=\"http:\/\/grafimedia.eu\/blog\/picture-archiving-communication-system-pacs\/\">PACS<\/a>, dapprima convertendoli in formato <a href=\"http:\/\/grafimedia.eu\/blog\/dicom-digital-imaging-communications-medicine\/\">DICOM<\/a> in modo che siano riconosciute. Cercare e recuperare i dati del paziente dal sistema PACS semplicemente digitando il proprio codice. Creare un nuovo identificatore in base alle informazioni del paziente se il paziente non ha alcun codice. Convertire le serie di immagini in formato DICOM e inviarle al sistema PACS semplicemente premendo il tasto &#8220;invia&#8221; \u00a0( dopo che l&#8217; identificativo del paziente \u00e8 stato trovato o creato ) .<\/p>\n<p><a href=\"http:\/\/grafimedia.eu\/it\/icon-print-video\/ \"><img loading=\"lazy\" decoding=\"async\" class=\"aligncenter wp-image-315 size-large\" src=\"http:\/\/grafimedia.eu\/it\/wp-content\/uploads\/sites\/3\/2016\/02\/grafimedia-ehealth-systems-1024x482.jpg\" alt=\"Con icon Print video il collegamento di qualsiasi dispositivo di imaging con uscita video ad un PC diventa possibile senza sforzo supplementare\" width=\"1024\" height=\"482\" srcset=\"https:\/\/grafimedia.eu\/it\/wp-content\/uploads\/sites\/3\/2016\/02\/grafimedia-ehealth-systems-1024x482.jpg 1024w, https:\/\/grafimedia.eu\/it\/wp-content\/uploads\/sites\/3\/2016\/02\/grafimedia-ehealth-systems-300x141.jpg 300w, https:\/\/grafimedia.eu\/it\/wp-content\/uploads\/sites\/3\/2016\/02\/grafimedia-ehealth-systems-768x362.jpg 768w, https:\/\/grafimedia.eu\/it\/wp-content\/uploads\/sites\/3\/2016\/02\/grafimedia-ehealth-systems.jpg 2000w\" sizes=\"(max-width: 1024px) 100vw, 1024px\" \/><\/a><\/p>\n<p>&nbsp;<\/p>\n<p>Vuoi rendere il tuo ufficio pi\u00f9 verde? Dai un\u2019 occhiata alle ultime notizie sulle stampanti Xerox nella sezione <a href=\"http:\/\/grafimedia.eu\/blog\/make-office-greener-grafimedia\/\">News<\/a> .<\/p>\n<hr \/>\n<p><a href=\"mailto:sales@grafimedia.eu?subject=icon Print Video\">Interessato? Richiedi maggiori informazioni.<\/a><\/p>\n<p><img loading=\"lazy\" decoding=\"async\" src=\"http:\/\/grafimedia.eu\/wp-content\/uploads\/2016\/02\/xerox_logo_2008_trans-white-bg-300x80.png\" alt=\"xerox_logo_2008_trans white-bg\" width=\"142\" height=\"80\" align=\"left\" \/><\/p>\n","protected":false},"excerpt":{"rendered":"<p>icon Print Video\u00a0 [metaslider id=180] Con icon Print video il collegamento di qualsiasi dispositivo di imaging con uscita video ( per esempio ultrasuoni, colposcopio , gastroscopio , endoscopio , microscopio ) ad un PC diventa possibile senza sforzo supplementare. Inoltre,\u00a0 <a class=\"more-link\" href=\"https:\/\/grafimedia.eu\/it\/icon-print-video\/\">Continue reading <span class=\"screen-reader-text\">  icon Print Video<\/span><span class=\"meta-nav\">&rarr;<\/span><\/a><\/p>\n","protected":false},"author":1,"featured_media":315,"parent":0,"menu_order":0,"comment_status":"closed","ping_status":"closed","template":"page-disable-sidebar.php","meta":{"_exactmetrics_skip_tracking":false,"_exactmetrics_sitenote_active":false,"_exactmetrics_sitenote_note":"","_exactmetrics_sitenote_category":0,"footnotes":""},"class_list":["post-34","page","type-page","status-publish","has-post-thumbnail","hentry"],"_links":{"self":[{"href":"https:\/\/grafimedia.eu\/it\/wp-json\/wp\/v2\/pages\/34"}],"collection":[{"href":"https:\/\/grafimedia.eu\/it\/wp-json\/wp\/v2\/pages"}],"about":[{"href":"https:\/\/grafimedia.eu\/it\/wp-json\/wp\/v2\/types\/page"}],"author":[{"embeddable":true,"href":"https:\/\/grafimedia.eu\/it\/wp-json\/wp\/v2\/users\/1"}],"replies":[{"embeddable":true,"href":"https:\/\/grafimedia.eu\/it\/wp-json\/wp\/v2\/comments?post=34"}],"version-history":[{"count":5,"href":"https:\/\/grafimedia.eu\/it\/wp-json\/wp\/v2\/pages\/34\/revisions"}],"predecessor-version":[{"id":513,"href":"https:\/\/grafimedia.eu\/it\/wp-json\/wp\/v2\/pages\/34\/revisions\/513"}],"wp:featuredmedia":[{"embeddable":true,"href":"https:\/\/grafimedia.eu\/it\/wp-json\/wp\/v2\/media\/315"}],"wp:attachment":[{"href":"https:\/\/grafimedia.eu\/it\/wp-json\/wp\/v2\/media?parent=34"}],"curies":[{"name":"wp","href":"https:\/\/api.w.org\/{rel}","templated":true}]}}