{"id":30,"date":"2016-02-10T17:39:27","date_gmt":"2016-02-10T17:39:27","guid":{"rendered":"http:\/\/grafimedia.eu\/it\/?page_id=30"},"modified":"2016-08-30T16:11:17","modified_gmt":"2016-08-30T16:11:17","slug":"icon-integration","status":"publish","type":"page","link":"https:\/\/grafimedia.eu\/it\/icon-integration\/","title":{"rendered":"icon Integration"},"content":{"rendered":"<h1><strong>Icon\u00a0Integrazione<img loading=\"lazy\" decoding=\"async\" class=\"alignright size-full wp-image-512\" src=\"http:\/\/grafimedia.eu\/it\/wp-content\/uploads\/sites\/3\/2016\/02\/Grafimedia-ICON-logo-square_9-small-e1472572791805.jpg\" alt=\"Grafimedia-ICON logo\" width=\"88\" height=\"88\" \/> <\/strong><\/h1>\n<p style=\"font-size: 15px;\">E &#8216;vero che si producono problemi di integrazione all&#8217;interno dei sistemi informativi che vengono installati nelle strutture sanitarie perch\u00e9 provengono da una variet\u00e0 di produttori. Molto spesso i sistemi affrontano difficolt\u00e0 a collegarsi tra di loro e quindi possono assistere il flusso di lavoro solo di modo frammentario. Questa frammentazione esiste per ragioni storiche. I vari sottosistemi (come <a href=\"http:\/\/grafimedia.eu\/blog\/hospital-information-system\/\">HIS<\/a>, <a href=\"http:\/\/grafimedia.eu\/blog\/radiology-information-system-ris\/\">RIS<\/a>, <a href=\"http:\/\/grafimedia.eu\/blog\/laboratory-information-system-lis\/\">LIS<\/a>, <a href=\"http:\/\/grafimedia.eu\/blog\/picture-archiving-communication-system-pacs\/\">PACS<\/a>, <a href=\"http:\/\/grafimedia.eu\/blog\/electronic-medical-record-emr\/\">EMR<\/a> ) sono sviluppati in modo indipendente per coprire le necessit\u00e0 specifiche, a prescindere dal fatto che le informazioni mediche dovrebbero essere disponibili ovunque e in qualsiasi momento.<\/p>\n<p style=\"font-size: 15px;\">Enormi progressi sono stati fatti negli ultimi anni, principalmente a causa della applicazione di protocolli come <a href=\"http:\/\/grafimedia.eu\/blog\/health-level-seven-international-hl7\/\">HL7<\/a> e <a href=\"http:\/\/grafimedia.eu\/blog\/dicom-digital-imaging-communications-medicine\/\">DICOM3<\/a>. Cos\u00ec, tutti questi sottosistemi possono &#8221; parlare &#8221; tra di loro e scambiare dati.<\/p>\n<p style=\"font-size: 15px;\">Il servizio di integrazione icon Grafimedia include non solo un&#8217;analisi completa e la registrazione della situazione esistente, ma anche suggerimenti sulle modifiche che dovrebbero essere applicate ai sottosistemi in modo che il flusso di lavoro possa diventare il pi\u00f9 efficiente possibile.<\/p>\n<p style=\"font-size: 15px;\">Avendo raggiunto tali obiettivi, Grafimedia \u00e8 in grado di dare il suo suggerimento, indipendentemente dal livello di complessit\u00e0 di ogni caso.<\/p>\n<p><img loading=\"lazy\" decoding=\"async\" class=\"size-full wp-image-460\" src=\"http:\/\/grafimedia.eu\/it\/wp-content\/uploads\/sites\/3\/2016\/02\/The-icon-grafimedia-integration-service-can-apply-to-the-subsystems-so-that-the-workflow-would-become-as-efficient-as-possible.-1.jpg\" alt=\"Icon Integrazione\" width=\"595\" height=\"292\" srcset=\"https:\/\/grafimedia.eu\/it\/wp-content\/uploads\/sites\/3\/2016\/02\/The-icon-grafimedia-integration-service-can-apply-to-the-subsystems-so-that-the-workflow-would-become-as-efficient-as-possible.-1.jpg 595w, https:\/\/grafimedia.eu\/it\/wp-content\/uploads\/sites\/3\/2016\/02\/The-icon-grafimedia-integration-service-can-apply-to-the-subsystems-so-that-the-workflow-would-become-as-efficient-as-possible.-1-300x147.jpg 300w\" sizes=\"(max-width: 595px) 100vw, 595px\" \/><\/p>\n<p>Ulteriori informazioni su \u00a0<strong><a href=\"http:\/\/grafimedia.eu\/it\/\">Icon Grafimedia<\/a>, <a href=\"http:\/\/grafimedia.eu\/it\/icon-print-video\/\">Icon Print Video<\/a>, <a href=\"http:\/\/grafimedia.eu\/it\/icon-emr\/\">Icon EMR<\/a>, <a href=\"http:\/\/grafimedia.eu\/it\/icon-dicom\/\">Icon DICOM<\/a>, <a href=\"http:\/\/grafimedia.eu\/it\/icon-dicom-print\/\">Icon DICOM Print<\/a>, <a href=\"http:\/\/grafimedia.eu\/it\/icon-dicom-record\/\">Icon DICOM Record,<\/a> <a href=\"http:\/\/grafimedia.eu\/it\/icon-pacs\/\">Icon Pacs<\/a>, <a href=\"http:\/\/grafimedia.eu\/it\/icon-bytes\/\">Icon &amp; Bytes HIS<\/a><\/strong><\/p>\n<hr \/>\n<p><a href=\"mailto:sales@grafimedia.eu?subject=icon Integration\">Interessato? Richiedi maggiori informazioni.<\/a><\/p>\n","protected":false},"excerpt":{"rendered":"<p>Icon\u00a0Integrazione E &#8216;vero che si producono problemi di integrazione all&#8217;interno dei sistemi informativi che vengono installati nelle strutture sanitarie perch\u00e9 provengono da una variet\u00e0 di produttori. Molto spesso i sistemi affrontano difficolt\u00e0 a collegarsi tra di loro e quindi possono <a class=\"more-link\" href=\"https:\/\/grafimedia.eu\/it\/icon-integration\/\">Continue reading <span class=\"screen-reader-text\">  icon Integration<\/span><span class=\"meta-nav\">&rarr;<\/span><\/a><\/p>\n","protected":false},"author":1,"featured_media":460,"parent":0,"menu_order":0,"comment_status":"closed","ping_status":"closed","template":"page-disable-sidebar.php","meta":{"_exactmetrics_skip_tracking":false,"_exactmetrics_sitenote_active":false,"_exactmetrics_sitenote_note":"","_exactmetrics_sitenote_category":0,"footnotes":""},"class_list":["post-30","page","type-page","status-publish","has-post-thumbnail","hentry"],"_links":{"self":[{"href":"https:\/\/grafimedia.eu\/it\/wp-json\/wp\/v2\/pages\/30"}],"collection":[{"href":"https:\/\/grafimedia.eu\/it\/wp-json\/wp\/v2\/pages"}],"about":[{"href":"https:\/\/grafimedia.eu\/it\/wp-json\/wp\/v2\/types\/page"}],"author":[{"embeddable":true,"href":"https:\/\/grafimedia.eu\/it\/wp-json\/wp\/v2\/users\/1"}],"replies":[{"embeddable":true,"href":"https:\/\/grafimedia.eu\/it\/wp-json\/wp\/v2\/comments?post=30"}],"version-history":[{"count":5,"href":"https:\/\/grafimedia.eu\/it\/wp-json\/wp\/v2\/pages\/30\/revisions"}],"predecessor-version":[{"id":523,"href":"https:\/\/grafimedia.eu\/it\/wp-json\/wp\/v2\/pages\/30\/revisions\/523"}],"wp:featuredmedia":[{"embeddable":true,"href":"https:\/\/grafimedia.eu\/it\/wp-json\/wp\/v2\/media\/460"}],"wp:attachment":[{"href":"https:\/\/grafimedia.eu\/it\/wp-json\/wp\/v2\/media?parent=30"}],"curies":[{"name":"wp","href":"https:\/\/api.w.org\/{rel}","templated":true}]}}