{"id":134,"date":"2016-02-23T11:49:11","date_gmt":"2016-02-23T11:49:11","guid":{"rendered":"http:\/\/grafimedia.eu\/it\/?page_id=134"},"modified":"2016-08-24T20:08:13","modified_gmt":"2016-08-24T20:08:13","slug":"country-selector","status":"publish","type":"page","link":"https:\/\/grafimedia.eu\/it\/country-selector\/","title":{"rendered":"Country Selector"},"content":{"rendered":"<p><img decoding=\"async\" src=\"http:\/\/grafimedia.eu\/wp-content\/uploads\/2016\/02\/language_selector.jpg\" alt=\"selector\" height=\"150\" \/><\/p>\n<p>&nbsp;<\/p>\n<h1><strong>SELETTORE DEL PAESE<\/strong><\/h1>\n<p>Selezioni la localit\u00e0 e la lingua che fanno per te.<\/p>\n<p>La nostra azienda fornisce servizi sanitari digitali in tutto il mondo. Per comodit\u00e0, \u00e8 possibile scegliere il paese che \u00e8 pi\u00f9 vicino a te o la lingua che conosci meglio. In molti casi, la tempestivit\u00e0 e la gamma di prodotti possono variare da paese a paese. Visita i nostri siti web per rimanere aggiornato sulle nostre notizie.<\/p>\n<p><strong>\u00a0<\/strong>Sito Web mondiale :\u00a0 <a href=\"http:\/\/grafimedia.eu\/\">www.grafimedia.eu<\/a><\/p>\n<p>Puoi visitare nostri altri siti in : \u00a0<a href=\"http:\/\/grafimedia.eu\/fr\/\">Francia<\/a>\u00a0 <a href=\"http:\/\/grafimedia.eu\/de\/\">Germania<\/a>\u00a0 <a href=\"http:\/\/grafimedia.eu\/gr\/\">Grecia<\/a>\u00a0 <a href=\"http:\/\/grafimedia.eu\/it\/\">Italia<\/a>\u00a0\u00a0<a href=\"http:\/\/grafimedia.eu\/p\/\">Portogallo<\/a>\u00a0\u00a0 <a href=\"http:\/\/grafimedia.eu\/esp\/\">Spagna<\/a>\u00a0 <a href=\"http:\/\/grafimedia.eu\/de\/\">Svizzera<\/a><\/p>\n<p>Se vuoi aggiornamenti su tutte le news iscriviti sul nostro <a href=\"http:\/\/grafimedia.eu\/newsletter-grafimedia\/\">newsletter<\/a>.<\/p>\n<p><img loading=\"lazy\" decoding=\"async\" class=\"aligncenter wp-image-377 size-full\" src=\"http:\/\/grafimedia.eu\/it\/wp-content\/uploads\/sites\/3\/2016\/02\/Grafimedia-Health-Information-Technology-SELETTORE-DEL-PAESE.png\" alt=\"Grafimedia. SELETTORE DEL PAESE. Selezioni la localit\u00e0 e la lingua che fanno per te. La nostra azienda fornisce servizi sanitari digitali in tutto il mondo. Per comodit\u00e0, \u00e8 possibile scegliere il paese che \u00e8 pi\u00f9 vicino a te o la lingua che conosci meglio. In molti casi, la tempestivit\u00e0 e la gamma di prodotti possono variare da paese a paese. Visita i nostri siti web per rimanere aggiornato sulle nostre notizie.\" width=\"512\" height=\"512\" srcset=\"https:\/\/grafimedia.eu\/it\/wp-content\/uploads\/sites\/3\/2016\/02\/Grafimedia-Health-Information-Technology-SELETTORE-DEL-PAESE.png 512w, https:\/\/grafimedia.eu\/it\/wp-content\/uploads\/sites\/3\/2016\/02\/Grafimedia-Health-Information-Technology-SELETTORE-DEL-PAESE-150x150.png 150w, https:\/\/grafimedia.eu\/it\/wp-content\/uploads\/sites\/3\/2016\/02\/Grafimedia-Health-Information-Technology-SELETTORE-DEL-PAESE-300x300.png 300w\" sizes=\"(max-width: 512px) 100vw, 512px\" \/><\/p>\n<p>&nbsp;<\/p>\n","protected":false},"excerpt":{"rendered":"<p>&nbsp; SELETTORE DEL PAESE Selezioni la localit\u00e0 e la lingua che fanno per te. La nostra azienda fornisce servizi sanitari digitali in tutto il mondo. Per comodit\u00e0, \u00e8 possibile scegliere il paese che \u00e8 pi\u00f9 vicino a te o la <a class=\"more-link\" href=\"https:\/\/grafimedia.eu\/it\/country-selector\/\">Continue reading <span class=\"screen-reader-text\">  Country Selector<\/span><span class=\"meta-nav\">&rarr;<\/span><\/a><\/p>\n","protected":false},"author":1,"featured_media":377,"parent":0,"menu_order":0,"comment_status":"closed","ping_status":"closed","template":"page-disable-sidebar.php","meta":{"_exactmetrics_skip_tracking":false,"_exactmetrics_sitenote_active":false,"_exactmetrics_sitenote_note":"","_exactmetrics_sitenote_category":0,"footnotes":""},"class_list":["post-134","page","type-page","status-publish","has-post-thumbnail","hentry"],"_links":{"self":[{"href":"https:\/\/grafimedia.eu\/it\/wp-json\/wp\/v2\/pages\/134"}],"collection":[{"href":"https:\/\/grafimedia.eu\/it\/wp-json\/wp\/v2\/pages"}],"about":[{"href":"https:\/\/grafimedia.eu\/it\/wp-json\/wp\/v2\/types\/page"}],"author":[{"embeddable":true,"href":"https:\/\/grafimedia.eu\/it\/wp-json\/wp\/v2\/users\/1"}],"replies":[{"embeddable":true,"href":"https:\/\/grafimedia.eu\/it\/wp-json\/wp\/v2\/comments?post=134"}],"version-history":[{"count":5,"href":"https:\/\/grafimedia.eu\/it\/wp-json\/wp\/v2\/pages\/134\/revisions"}],"predecessor-version":[{"id":378,"href":"https:\/\/grafimedia.eu\/it\/wp-json\/wp\/v2\/pages\/134\/revisions\/378"}],"wp:featuredmedia":[{"embeddable":true,"href":"https:\/\/grafimedia.eu\/it\/wp-json\/wp\/v2\/media\/377"}],"wp:attachment":[{"href":"https:\/\/grafimedia.eu\/it\/wp-json\/wp\/v2\/media?parent=134"}],"curies":[{"name":"wp","href":"https:\/\/api.w.org\/{rel}","templated":true}]}}