{"id":99,"date":"2016-02-23T13:23:44","date_gmt":"2016-02-23T13:23:44","guid":{"rendered":"http:\/\/grafimedia.eu\/fr\/?page_id=99"},"modified":"2018-09-12T14:31:08","modified_gmt":"2018-09-12T12:31:08","slug":"contact-grafimedia-experts","status":"publish","type":"page","link":"https:\/\/grafimedia.eu\/fr\/contact-grafimedia-experts\/","title":{"rendered":"Contact"},"content":{"rendered":"<h1><strong>CONTACTEZ NOS EXPERTS EN INFORMATIQUE<\/strong><br \/>\n<img alt=\"\" align=\"right\" \/><\/h1>\n<p>&nbsp;<\/p>\n<p>Les experts en informatique de Grafimedia \u00e9valueront les besoins pr\u00e9cis des clients. Notre \u00e9quipe peut recommander la solution int\u00e9grale qui corresponde le mieux au budget du cabinet priv\u00e9, centre de diagnostic, clinique ou h\u00f4pital. L\u2019 \u00e9quipe de Grafemedia peut recommander des syst\u00e8mes qui ont \u00e9t\u00e9 d\u00e9velopp\u00e9s en interne, mais aussi vous conseiller des produits de haute qualit\u00e9 de fabricants tiers bien connus de partout dans le monde. Un examen minutieux des donn\u00e9es financi\u00e8res et techniques, coupl\u00e9 \u00e0 une analyse approfondie de vos besoins, permet \u00e0 nos experts en informatique de proposer la solution avec le rapport co\u00fbt\/b\u00e9n\u00e9fice le plus favorable.<\/p>\n<p>&nbsp;<\/p>\n<p><strong>\u201cLa bonne information qui rejoint le m\u00e9decin facilement et au bon moment peut sauver des vies\u201d<\/strong><\/p>\n<p><img loading=\"lazy\" decoding=\"async\" class=\"size-full wp-image-266\" src=\"http:\/\/grafimedia.eu\/fr\/wp-content\/uploads\/sites\/8\/2016\/02\/CONTACTEZ-NOS-EXPERTS-EN-INFORMATIQUE-GRAFIMEDIA.jpg\" alt=\"CONTACTEZ NOS EXPERTS EN INFORMATIQUE - GRAFIMEDIA\" width=\"768\" height=\"432\" srcset=\"https:\/\/grafimedia.eu\/fr\/wp-content\/uploads\/sites\/8\/2016\/02\/CONTACTEZ-NOS-EXPERTS-EN-INFORMATIQUE-GRAFIMEDIA.jpg 768w, https:\/\/grafimedia.eu\/fr\/wp-content\/uploads\/sites\/8\/2016\/02\/CONTACTEZ-NOS-EXPERTS-EN-INFORMATIQUE-GRAFIMEDIA-300x169.jpg 300w\" sizes=\"(max-width: 768px) 100vw, 768px\" \/><\/p>\n<p>&nbsp;<\/p>\n<p><a href=\"http:\/\/grafimedia.eu\/fr\/\"><b>Grafimedia<\/b><\/a>\u00a0 d\u00e9veloppe, installe et prend en charge des syst\u00e8mes d\u2019information m\u00e9dicale num\u00e9rique. Les renseignements cliniques peuvent \u00eatre disponibles en forme de texte, voix, image ou vid\u00e9o. Les images cliniques qui sont g\u00e9n\u00e9r\u00e9es par les \u00e9quipements m\u00e9dicaux, tels que \u00e9chographe, tomographie par ordinateur (CT), IRM, colposcope, endoscope ou microscope sont transf\u00e9r\u00e9es sur ordinateur o\u00f9 elles sont int\u00e9gr\u00e9es avec les autres renseignements pertinents dans un dossier patients \u00e9lectronique.<\/p>\n<p>&nbsp;<\/p>\n<p>Ce fichier multim\u00e9dia peut ensuite \u00eatre mis \u00e0 disposition, via un r\u00e9seau local (LAN) ou un r\u00e9seau \u00e9tendu (WAN) partout o\u00f9 il faut. \u00a0Lorsqu\u2019il est impossible de transferer les informations num\u00e9riques via le r\u00e9seau, celles-ci peuvent \u00eatre enregistr\u00e9es sur un CD-ROM ou un DVD et puis livr\u00e9es physiquement.<\/p>\n<p>Bien que Grafimedia soit ax\u00e9e sur l\u2019information clinique num\u00e9rique, lorsqu\u2019 une copie-papier s\u2019 av\u00e8re n\u00e9cessaire, peut-\u00eatre \u00e0 des fins de documentation, nous offrons la solution de l\u2019impression sur du papier ordinaire A4.<\/p>\n<p>&nbsp;<\/p>\n<h2>Services :<\/h2>\n<p><strong>Service des ventes:<\/strong>\u00a0\u00a0<a href=\"mailto:sales@grafimedia.eu\">sales@grafimedia.eu<\/a><br \/>\n<strong>Service d\u2019 assistance:<\/strong>\u00a0<a href=\"mailto:support@grafimedia.eu\">support@grafimedia.eu<\/a><br \/>\n<strong>D\u00e9partement du D\u00e9veloppement<\/strong><strong>:<\/strong>\u00a0<a href=\"mailto:development@grafimedia.eu\">development@grafimedia.eu<\/a><br \/>\n<strong>D\u00e9partement Marketing:<\/strong><a href=\"http:\/\/marketing@grafimedia.eu\/\"><strong>\u00a0<\/strong><\/a><a href=\"mailto:marketing@grafimedia.eu\">marketing@grafimedia.eu<\/a><\/p>\n<p>&nbsp;<\/p>\n<h1><\/h1>\n<h1>Grafimedia Bureaux<\/h1>\n<p>&nbsp;<\/p>\n<p><strong><a href=\"http:\/\/grafimedia.eu\/gr\/%CE%B5%CF%80%CE%B9%CE%BA%CE%BF%CE%B9%CE%BD%CF%89%CE%BD%CE%AF%CE%B1\/\">Athens Grafimedia Bureau<\/a><br \/>\n<\/strong>Vasiliou Voulgaroktonou 53<br \/>\nAthina 114 73<br \/>\nGreece<br \/>\nTelf:\u00a0+30 2103819939, +30 2103819350<\/p>\n<p><a href=\"http:\/\/grafimedia.eu\/esp\/contactenos\/\"><strong>Barcelona Grafimedia Bureau<\/strong><\/a><br \/>\nBarber\u00e1, 34. Entlo. 3<sup><u>a<\/u><\/sup><br \/>\n08290 Cerdanyola del Vall\u00e8s<br \/>\nBarcelona \u00a0Spain<br \/>\nTelf: +34 61 746 2282<\/p>\n<p id=\"yui_3_16_0_ym19_1_1469795563972_50735\" class=\"yiv0683181450MsoNormal\"><a href=\"http:\/\/grafimedia.eu\/de\/\"><strong><span id=\"yui_3_16_0_ym19_1_1469795563972_50741\" lang=\"EN-US\">Lugano<\/span>\u00a0Grafimedia\u00a0<span id=\"yui_3_16_0_ym19_1_1469795563972_50748\" lang=\"EN-US\">Bureau<\/span><\/strong><\/a><br \/>\nVia Vanoni 2<br \/>\nCH-6900 Lugano<br \/>\nSwitzerland<br \/>\nTelf: +41919249313<\/p>\n<p class=\"yiv0683181450MsoNormal\"><a href=\"http:\/\/grafimedia.eu\/it\/contattaci\/\" target=\"_blank\" rel=\"noopener\"><strong>Milano Grafimedia\u00a0Bureau<\/strong><\/a><br \/>\nVia Mantova 36<br \/>\n<span id=\"yui_3_16_0_ym19_1_1473840777200_6609\" lang=\"EN-US\">20099 Sesto San Giovanni<\/span><br \/>\nMilano \u00a0Italy<br \/>\nTelf: +3407801584<\/p>\n<p><a href=\"https:\/\/grafimedia.eu\/gr\/%CE%B5%CF%80%CE%B9%CE%BA%CE%BF%CE%B9%CE%BD%CF%89%CE%BD%CE%AF%CE%B1\/\" target=\"_blank\" rel=\"noopener\"><strong>Thessaloniki Grafimedia Office<\/strong><\/a><br \/>\nAmpelokipon 46<br \/>\n57019 Thessaloniki<br \/>\nGreece<br \/>\nTelf: +30 6947690571<\/p>\n<p>&nbsp;<\/p>\n<p>Si vous souhaitez avoir de nos nouvelles inscrivez-vous sur notre <a href=\"http:\/\/grafimedia.eu\/newsletter-grafimedia\/\"><strong>newsletter<\/strong><\/a><strong>.<\/strong><\/p>\n<p>&nbsp;<\/p>\n","protected":false},"excerpt":{"rendered":"<p>CONTACTEZ NOS EXPERTS EN INFORMATIQUE &nbsp; Les experts en informatique de Grafimedia \u00e9valueront les besoins pr\u00e9cis des clients. Notre \u00e9quipe peut recommander la solution int\u00e9grale qui corresponde le mieux au budget du cabinet priv\u00e9, centre de diagnostic, clinique ou h\u00f4pital. <a class=\"more-link\" href=\"https:\/\/grafimedia.eu\/fr\/contact-grafimedia-experts\/\">Continue reading <span class=\"screen-reader-text\">  Contact<\/span><span class=\"meta-nav\">&rarr;<\/span><\/a><\/p>\n","protected":false},"author":1,"featured_media":266,"parent":0,"menu_order":0,"comment_status":"closed","ping_status":"closed","template":"page-disable-sidebar.php","meta":{"_exactmetrics_skip_tracking":false,"_exactmetrics_sitenote_active":false,"_exactmetrics_sitenote_note":"","_exactmetrics_sitenote_category":0,"footnotes":""},"class_list":["post-99","page","type-page","status-publish","has-post-thumbnail","hentry"],"_links":{"self":[{"href":"https:\/\/grafimedia.eu\/fr\/wp-json\/wp\/v2\/pages\/99"}],"collection":[{"href":"https:\/\/grafimedia.eu\/fr\/wp-json\/wp\/v2\/pages"}],"about":[{"href":"https:\/\/grafimedia.eu\/fr\/wp-json\/wp\/v2\/types\/page"}],"author":[{"embeddable":true,"href":"https:\/\/grafimedia.eu\/fr\/wp-json\/wp\/v2\/users\/1"}],"replies":[{"embeddable":true,"href":"https:\/\/grafimedia.eu\/fr\/wp-json\/wp\/v2\/comments?post=99"}],"version-history":[{"count":5,"href":"https:\/\/grafimedia.eu\/fr\/wp-json\/wp\/v2\/pages\/99\/revisions"}],"predecessor-version":[{"id":413,"href":"https:\/\/grafimedia.eu\/fr\/wp-json\/wp\/v2\/pages\/99\/revisions\/413"}],"wp:featuredmedia":[{"embeddable":true,"href":"https:\/\/grafimedia.eu\/fr\/wp-json\/wp\/v2\/media\/266"}],"wp:attachment":[{"href":"https:\/\/grafimedia.eu\/fr\/wp-json\/wp\/v2\/media?parent=99"}],"curies":[{"name":"wp","href":"https:\/\/api.w.org\/{rel}","templated":true}]}}