{"id":54,"date":"2016-02-10T18:35:22","date_gmt":"2016-02-10T18:35:22","guid":{"rendered":"http:\/\/grafimedia.eu\/fr\/?page_id=54"},"modified":"2016-08-02T19:59:20","modified_gmt":"2016-08-02T19:59:20","slug":"xerox-printers-mfps","status":"publish","type":"page","link":"https:\/\/grafimedia.eu\/fr\/xerox-printers-mfps\/","title":{"rendered":"Xerox Printers and MFPs"},"content":{"rendered":"<h1><strong>Imprimantes Xerox et MFPs <\/strong><\/h1>\n<p>[metaslider id=125]<\/p>\n<p style=\"font-size: 15px;\">Seule Xerox\u00ae peut remplir la promesse de couleur abordable pour chaque document, tous les jours. C\u2019est possible avec la technologie \u00e0 encre solide brevet\u00e9e de Xerox\u00ae. Construite d\u00e8s le d\u00e9part pour l\u2019impression couleur de haute performance, la technologie \u00e0 encre solide a un palmar\u00e8s de plus de 20 ans de fiabilit\u00e9. Qualit\u00e9 de couleurs spectaculaire, plus abordable que jamais. On vous pr\u00e9sente Xerox\u00ae encre solide.<\/p>\n<h2><strong>Rendez votre bureau plus vert<\/strong><\/h2>\n<p style=\"font-size: 15px;\">Il est tout \u00e0 fait possible avec Xerox\u00aeencre solide, la solution couleur avec am\u00e9nagement sans cartouche et emballage minimal. Cette simple combinaison signifie moins \u00e0 fabriquer, des d\u00e9chets consid\u00e9rablement r\u00e9duits et moins d\u2019espace stockage pour une meilleure efficacit\u00e9 de transport ce qui vous permet d\u2019\u00e9conomiser les frais de livraison tout en diminuant l\u2019impact environnemental.*<\/p>\n<p><strong>Moins de consommables.<\/strong><\/p>\n<p style=\"font-size: 15px;\">Plus de cartouches d\u2019impression volumineuses; l\u2019unit\u00e9 de fusion ou m\u00eame les unit\u00e9s d\u2019imagerie se trouvent dans des imprimantes laser couleur de base et couleur simple. Autre que les b\u00e2tons d\u2019encre solide, le seul autre composant qui aurait besoin d\u2019\u00eatre remplac\u00e9 c\u2019 est le rouleau d\u2019 entretien \/ unit\u00e9 de nettoyage qui dure pour des dizaines de milliers de pages et ne doit \u00eatre remplac\u00e9 que quelques fois tout au long de la dur\u00e9e d\u2019exploitation de l\u2019appareil.<\/p>\n<p style=\"font-size: 15px;\"><strong>Pensez globalement. Agissez au niveau local.<\/strong><\/p>\n<p style=\"font-size: 15px;\">L\u2019emballage encre solide est compos\u00e9 de d\u00e9chets de post-consommation pouvant \u00eatre recycl\u00e9s sur place dans toute la mesure du possible. Param\u00e8tres du pilote d\u2019impression EarthSmart. Jauge du pilote d\u2019impression facile \u00e0 utiliser vous permettant de s\u00e9lectionner les param\u00e8tres d\u2019impression plus respectueuses de l\u2019environnement.Certifi\u00e9e par ENERGY STAR\u00ae. Tous les dispositifs ColorQube r\u00e9pondent aux plus strictes exigences d\u2019ENERGY STAR pour l\u2019utilisation de l\u2019\u00e9nergie.<\/p>\n<p><strong>Encre d\u2019origine biologique. <\/strong><\/p>\n<p>L\u2019Association Am\u00e9ricaine des Fabricants d\u2019Encres d\u2019Imprimerie a certifi\u00e9 que l\u2019encre solide de Xerox\u00ae a une teneur de 30 % des mati\u00e8res renouvelables d\u2019origine biologique.Papier recycl\u00e9 appreci\u00e9. Avec l\u2019encre solide, plus besoin de papier recycl\u00e9\u00a0\u00ab sp\u00e9cial \u00bb. Imprimez sur n\u2019importe quel papier recycl\u00e9 \u2013 ou sur presque n\u2019importe quel m\u00e9dia \u2013 et vous aurez des couleurs vives et de haute qualit\u00e9. De plus, les impressions encre solide sont enti\u00e8rement recyclables.<\/p>\n<p style=\"font-size: 15px;\">GreenPrint logiciel inclus. L\u2019outil standard de GreenPrint d\u00e9tecte automatiquement les pages inutiles, telles que celles ne comportant qu\u2019 une adresse web ou une\u00a0image vide de sens et vous permet de s\u00e9lectionner les pages que vous avez vraiment besoin d\u2019imprimer, vous aidant \u00e0 r\u00e9duire la consommation de papier et\u00a0 de consommables. (Ne s\u2019applique pas \u00e0 la s\u00e9rie ColorQube 9300).<\/p>\n<p><strong>Impression efficace.\u00a0 <\/strong><\/p>\n<p>Le processus d\u2019imagerie encre solide est tr\u00e8s efficace puisqu\u2019il transf\u00e8re pr\u00e8s de 100 % de l\u2019encre sur la page pendant l\u2019impression normale.<\/p>\n<p>&nbsp;<\/p>\n<p>* Encre solide exempt de cartouche : moins \u00e0 fabriquer, pas de cartouches de toner vides \u00e0 jeter ou \u00e0 recycler et moins d\u2019espace de stockage requis par rapport aux appareils laser comparables. Les imprimantes \u00e0 encre solide g\u00e9n\u00e8rent jusqu&#8217;\u00e0 90% moins de d\u00e9chets d\u2019impression lors de leur utilisation que les dispositifs laser comparables (chiffre bas\u00e9 sur l\u2019\u00e9valuation du cycle de vie r\u00e9alis\u00e9e en novembre 2011. Pour plus d\u2019informations, visitez <a href=\"http:\/\/www.office.xerox.com\/latest\/890WP-01U.PDF\">\u00a0Xerox<\/a>).<\/p>\n<hr \/>\n<p style=\"text-align: left;\"><strong><a href=\"mailto:sales@grafimedia.eu?subject=xerox Printers and MFPs_fr\">Si vous \u00eates int\u00e9ress\u00e9s, demandez des informations suppl\u00e9mentaires.<\/a><\/strong><\/p>\n<p><img loading=\"lazy\" decoding=\"async\" src=\"http:\/\/grafimedia.eu\/wp-content\/uploads\/2016\/02\/xerox_logo_2008_trans-white-bg-300x80.png\" alt=\"xerox_logo_2008_trans white-bg\" width=\"142\" height=\"80\" align=\"left\" \/><\/p>\n","protected":false},"excerpt":{"rendered":"<p>Imprimantes Xerox et MFPs [metaslider id=125] Seule Xerox\u00ae peut remplir la promesse de couleur abordable pour chaque document, tous les jours. C\u2019est possible avec la technologie \u00e0 encre solide brevet\u00e9e de Xerox\u00ae. Construite d\u00e8s le d\u00e9part pour l\u2019impression couleur de <a class=\"more-link\" href=\"https:\/\/grafimedia.eu\/fr\/xerox-printers-mfps\/\">Continue reading <span class=\"screen-reader-text\">  Xerox Printers and MFPs<\/span><span class=\"meta-nav\">&rarr;<\/span><\/a><\/p>\n","protected":false},"author":1,"featured_media":228,"parent":0,"menu_order":0,"comment_status":"closed","ping_status":"closed","template":"page-disable-sidebar.php","meta":{"_exactmetrics_skip_tracking":false,"_exactmetrics_sitenote_active":false,"_exactmetrics_sitenote_note":"","_exactmetrics_sitenote_category":0,"footnotes":""},"class_list":["post-54","page","type-page","status-publish","has-post-thumbnail","hentry"],"_links":{"self":[{"href":"https:\/\/grafimedia.eu\/fr\/wp-json\/wp\/v2\/pages\/54"}],"collection":[{"href":"https:\/\/grafimedia.eu\/fr\/wp-json\/wp\/v2\/pages"}],"about":[{"href":"https:\/\/grafimedia.eu\/fr\/wp-json\/wp\/v2\/types\/page"}],"author":[{"embeddable":true,"href":"https:\/\/grafimedia.eu\/fr\/wp-json\/wp\/v2\/users\/1"}],"replies":[{"embeddable":true,"href":"https:\/\/grafimedia.eu\/fr\/wp-json\/wp\/v2\/comments?post=54"}],"version-history":[{"count":5,"href":"https:\/\/grafimedia.eu\/fr\/wp-json\/wp\/v2\/pages\/54\/revisions"}],"predecessor-version":[{"id":229,"href":"https:\/\/grafimedia.eu\/fr\/wp-json\/wp\/v2\/pages\/54\/revisions\/229"}],"wp:featuredmedia":[{"embeddable":true,"href":"https:\/\/grafimedia.eu\/fr\/wp-json\/wp\/v2\/media\/228"}],"wp:attachment":[{"href":"https:\/\/grafimedia.eu\/fr\/wp-json\/wp\/v2\/media?parent=54"}],"curies":[{"name":"wp","href":"https:\/\/api.w.org\/{rel}","templated":true}]}}