{"id":52,"date":"2016-02-10T18:32:39","date_gmt":"2016-02-10T18:32:39","guid":{"rendered":"http:\/\/grafimedia.eu\/fr\/?page_id=52"},"modified":"2016-08-22T08:13:07","modified_gmt":"2016-08-22T08:13:07","slug":"xerox-managed-print-services","status":"publish","type":"page","link":"https:\/\/grafimedia.eu\/fr\/xerox-managed-print-services\/","title":{"rendered":"Xerox Managed Print Services"},"content":{"rendered":"<h1>Xerox Managed Print Services<\/h1>\n<p>Que les documents soient en papier ou num\u00e9riques, ils sont n\u00e9cessaires si l\u2019 on veut offrir le meilleur service aux clients et stimuler les affaires. Or la plupart des entreprises ignorent combien de temps et des ressources elles consacrent aux processus documentaires et\u00a0 p\u00e9riph\u00e9riques d\u2019impression. Nous vous aiderons \u00e0 prendre le contr\u00f4le de vos documents et \u00e0 \u00e9conomiser jusqu&#8217;\u00e0 30 % en m\u00eame temps. Si vous voulez \u00e9conomiser temps et argent, automatiser les flux de travail des documents ou permettre l\u2019impression mobile, notre expertise Managed Print Services (MPS) peut vous aider. Nos clients prennent le contr\u00f4le de leurs processus documentaires gr\u00e2ce \u00e0 notre approche \u00e9prouv\u00e9e \u00e0 trois \u00e9tapes, qui repose sur le principe consistant \u00e0 aider des milliers d\u2019organisations \u00e0 tirer le meilleur parti de leurs investissements en infrastructure d\u2019impression.<\/p>\n<p>&nbsp;<\/p>\n<h3>\u00c9valuer et optimiser<\/h3>\n<p>Le premier avantage que vous verrez c\u2019 est l\u2019 \u00e9conomie de co\u00fbts \u2014 autant que 30 % sur le co\u00fbt total des documents. En imprimant pour moins cher et en imprimant moins, vous allez de plus soutenir vos objectifs de d\u00e9veloppement durable.<\/p>\n<p>&nbsp;<\/p>\n<h3>S\u00e9curiser et int\u00e9grer<\/h3>\n<p>Avec la maturation de votre strat\u00e9gie MPS, vous serez en mesure d\u2019en faire plus, tel que am\u00e9liorer la s\u00e9curit\u00e9 des documents et soutenir les travailleurs mobiles qui ont besoin d\u2019imprimer.<\/p>\n<p>&nbsp;<\/p>\n<h3>Automatiser et simplifier<\/h3>\n<p>Au niveau le plus avanc\u00e9 de MPS, vous verrez une plus grande automatisation, int\u00e9gration et simplification des processus sous forme papier et num\u00e9riques.<\/p>\n<p>&nbsp;<\/p>\n<p><a href=\" http:\/\/grafimedia.eu\/fr\/xerox-managed-print-services\/\"><img loading=\"lazy\" decoding=\"async\" class=\"aligncenter wp-image-239 size-full\" src=\"http:\/\/grafimedia.eu\/fr\/wp-content\/uploads\/sites\/8\/2016\/02\/Avec-Xerox-Managed-Print-Services-le-premier-avantage-que-vous-verrez-c\u2019-est-l\u2019-\u00e9conomie-de-co\u00fbts-\u2014-autant-que-30-sur-le-co\u00fbt-total-des-documents...png\" alt=\"Avec Xerox Managed Print Services, le premier avantage que vous verrez c\u2019 est l\u2019 \u00e9conomie de co\u00fbts \u2014 autant que 30 % sur le co\u00fbt total des documents.\" width=\"921\" height=\"556\" srcset=\"https:\/\/grafimedia.eu\/fr\/wp-content\/uploads\/sites\/8\/2016\/02\/Avec-Xerox-Managed-Print-Services-le-premier-avantage-que-vous-verrez-c\u2019-est-l\u2019-\u00e9conomie-de-co\u00fbts-\u2014-autant-que-30-sur-le-co\u00fbt-total-des-documents...png 921w, https:\/\/grafimedia.eu\/fr\/wp-content\/uploads\/sites\/8\/2016\/02\/Avec-Xerox-Managed-Print-Services-le-premier-avantage-que-vous-verrez-c\u2019-est-l\u2019-\u00e9conomie-de-co\u00fbts-\u2014-autant-que-30-sur-le-co\u00fbt-total-des-documents..-300x181.png 300w, https:\/\/grafimedia.eu\/fr\/wp-content\/uploads\/sites\/8\/2016\/02\/Avec-Xerox-Managed-Print-Services-le-premier-avantage-que-vous-verrez-c\u2019-est-l\u2019-\u00e9conomie-de-co\u00fbts-\u2014-autant-que-30-sur-le-co\u00fbt-total-des-documents..-768x464.png 768w\" sizes=\"(max-width: 921px) 100vw, 921px\" \/><\/a><\/p>\n<p>&nbsp;<\/p>\n<hr \/>\n<p><strong><a href=\"mailto:sales@grafimedia.eu?subject=xerox managed print services_fr\">Si vous \u00eates int\u00e9ress\u00e9s, demandez des informations suppl\u00e9mentaires<\/a><\/strong><br \/>\n<img loading=\"lazy\" decoding=\"async\" src=\"http:\/\/grafimedia.eu\/wp-content\/uploads\/2016\/02\/xerox_logo_2008_trans-white-bg-300x80.png\" alt=\"xerox_logo_2008_trans white-bg\" width=\"142\" height=\"80\" align=\"left\" \/><\/p>\n","protected":false},"excerpt":{"rendered":"<p>Xerox Managed Print Services Que les documents soient en papier ou num\u00e9riques, ils sont n\u00e9cessaires si l\u2019 on veut offrir le meilleur service aux clients et stimuler les affaires. Or la plupart des entreprises ignorent combien de temps et des <a class=\"more-link\" href=\"https:\/\/grafimedia.eu\/fr\/xerox-managed-print-services\/\">Continue reading <span class=\"screen-reader-text\">  Xerox Managed Print Services<\/span><span class=\"meta-nav\">&rarr;<\/span><\/a><\/p>\n","protected":false},"author":1,"featured_media":239,"parent":0,"menu_order":0,"comment_status":"closed","ping_status":"closed","template":"page-disable-sidebar.php","meta":{"_exactmetrics_skip_tracking":false,"_exactmetrics_sitenote_active":false,"_exactmetrics_sitenote_note":"","_exactmetrics_sitenote_category":0,"footnotes":""},"class_list":["post-52","page","type-page","status-publish","has-post-thumbnail","hentry"],"_links":{"self":[{"href":"https:\/\/grafimedia.eu\/fr\/wp-json\/wp\/v2\/pages\/52"}],"collection":[{"href":"https:\/\/grafimedia.eu\/fr\/wp-json\/wp\/v2\/pages"}],"about":[{"href":"https:\/\/grafimedia.eu\/fr\/wp-json\/wp\/v2\/types\/page"}],"author":[{"embeddable":true,"href":"https:\/\/grafimedia.eu\/fr\/wp-json\/wp\/v2\/users\/1"}],"replies":[{"embeddable":true,"href":"https:\/\/grafimedia.eu\/fr\/wp-json\/wp\/v2\/comments?post=52"}],"version-history":[{"count":5,"href":"https:\/\/grafimedia.eu\/fr\/wp-json\/wp\/v2\/pages\/52\/revisions"}],"predecessor-version":[{"id":241,"href":"https:\/\/grafimedia.eu\/fr\/wp-json\/wp\/v2\/pages\/52\/revisions\/241"}],"wp:featuredmedia":[{"embeddable":true,"href":"https:\/\/grafimedia.eu\/fr\/wp-json\/wp\/v2\/media\/239"}],"wp:attachment":[{"href":"https:\/\/grafimedia.eu\/fr\/wp-json\/wp\/v2\/media?parent=52"}],"curies":[{"name":"wp","href":"https:\/\/api.w.org\/{rel}","templated":true}]}}