{"id":50,"date":"2016-02-10T18:29:43","date_gmt":"2016-02-10T18:29:43","guid":{"rendered":"http:\/\/grafimedia.eu\/fr\/?page_id=50"},"modified":"2016-08-02T19:25:07","modified_gmt":"2016-08-02T19:25:07","slug":"vepro-pacs-systems","status":"publish","type":"page","link":"https:\/\/grafimedia.eu\/fr\/vepro-pacs-systems\/","title":{"rendered":"VEPRO PACS Systems"},"content":{"rendered":"<h1><strong>Syst\u00e8mes de PACS VEPRO<\/strong><\/h1>\n<p style=\"font-size: 15px;\">Nos solutions changent votre souhait en une r\u00e9alit\u00e9. Les syst\u00e8mes avanc\u00e9s de Grafimedia \u00a0vous permettent d\u2019acc\u00e9der \u00e0 toutes les informations des patients simplement en appuyant sur une touche. Que vous envisagiez un <a href=\"http:\/\/grafimedia.eu\/blog\/picture-archiving-communication-system-pacs\/\">PACS<\/a> (syst\u00e8me de photo, archivage &amp; Communication) d\u2019 enterprise ind\u00e9pendante, mini ou \u00e0 l\u2019\u00e9chelle de clinique, vous pouvez vous attendre plus d\u2019un syst\u00e8me VEPRO PACS que la simple gestion et visualisation des images.<\/p>\n<p style=\"font-size: 15px;\">Le degr\u00e9 de score \u00e9lev\u00e9 auquel VEPRO PACS a r\u00e9ussi \u00e0 produire des r\u00e9sultats , est bas\u00e9 aux syst\u00e8mes de renseignement de haute qualit\u00e9 . L&#8217;efficacit\u00e9 reste exactement la m\u00eame quelle que soit la source des domaines m\u00e9dicaux qui fournissent les donn\u00e9es. Maintenant, tous les dossiers m\u00e9dicaux tels que la radiologie , la cardiologie , l&#8217;orthop\u00e9die , l&#8217;endoscopie ou la chirurgie peuvent collaborer afin d&#8217;apporter la bonne information au fournisseur de soins de sant\u00e9 d\u2019 une fa\u00e7on simple et intelligente.<\/p>\n<p style=\"font-size: 15px;\">Toutes les informations du patient peuvent \u00eatre entr\u00e9es dans un VEPRO PACS et stock\u00e9es dans le format standard <a href=\"http:\/\/grafimedia.eu\/blog\/dicom-digital-imaging-communications-medicine\/\">DICOM<\/a>.\u00a0 Avec VEPRO, il est indiff\u00e9rent de savoir si les modalit\u00e9s (dispositifs d\u2019imagerie) correspondent \u00e0 la norme DICOM ou pas. \u00a0L\u2019 importation de toutes les donn\u00e9es strictement selon la norme DICOM 3.0. peut cr\u00e9er une archive homog\u00e8ne et standardis\u00e9e ainsi qu\u2019 une structure de fichiers dans votre PACS VEPRO. \u00a0En tant que syst\u00e8me client-serveur ouvert et standardis\u00e9 pouvant \u00eatre \u00e9tendu de fa\u00e7on modulaire, PACS VEPRO se d\u00e9veloppe non seulement en fonction de vos besoins, mais garantit \u00e9galement la s\u00e9curit\u00e9 de l\u2019investissement de votre syst\u00e8me \u00e0 l\u2019avenir.<\/p>\n<p><a href=\"http:\/\/grafimedia.eu\/fr\/vepro-pacs-systems\/\"><img loading=\"lazy\" decoding=\"async\" class=\"aligncenter wp-image-218\" src=\"http:\/\/grafimedia.eu\/fr\/wp-content\/uploads\/sites\/8\/2016\/02\/Le-degr\u00e9-de-score-\u00e9lev\u00e9-auquel-VEPRO-PACS-a-r\u00e9ussi-\u00e0-produire-des-r\u00e9sultats-est-bas\u00e9-aux-syst\u00e8mes-de-renseignement-de-haute-qualit\u00e9.jpg\" alt=\"Le degr\u00e9 de score \u00e9lev\u00e9 auquel VEPRO PACS a r\u00e9ussi \u00e0 produire des r\u00e9sultats , est bas\u00e9 aux syst\u00e8mes de renseignement de haute qualit\u00e9\" width=\"900\" height=\"491\" srcset=\"https:\/\/grafimedia.eu\/fr\/wp-content\/uploads\/sites\/8\/2016\/02\/Le-degr\u00e9-de-score-\u00e9lev\u00e9-auquel-VEPRO-PACS-a-r\u00e9ussi-\u00e0-produire-des-r\u00e9sultats-est-bas\u00e9-aux-syst\u00e8mes-de-renseignement-de-haute-qualit\u00e9.jpg 1013w, https:\/\/grafimedia.eu\/fr\/wp-content\/uploads\/sites\/8\/2016\/02\/Le-degr\u00e9-de-score-\u00e9lev\u00e9-auquel-VEPRO-PACS-a-r\u00e9ussi-\u00e0-produire-des-r\u00e9sultats-est-bas\u00e9-aux-syst\u00e8mes-de-renseignement-de-haute-qualit\u00e9-300x164.jpg 300w, https:\/\/grafimedia.eu\/fr\/wp-content\/uploads\/sites\/8\/2016\/02\/Le-degr\u00e9-de-score-\u00e9lev\u00e9-auquel-VEPRO-PACS-a-r\u00e9ussi-\u00e0-produire-des-r\u00e9sultats-est-bas\u00e9-aux-syst\u00e8mes-de-renseignement-de-haute-qualit\u00e9-768x419.jpg 768w\" sizes=\"(max-width: 900px) 100vw, 900px\" \/><\/a><\/p>\n<hr \/>\n<p><strong><a href=\"mailto:sales@grafimedia.eu?subject=subject=VEPRO PACS Systems_fr\"><span lang=\"EL\">Si vous \u00eates int\u00e9ress\u00e9s, demandez des informations suppl\u00e9mentaires<\/span><\/a><\/strong><\/p>\n<p><strong>\u00a0<\/strong><\/p>\n<p><!-- Unused option \"Buy it now \" --><br \/>\n<!--<a href=\"#\" onClick=\"ShowMessageFromPage('There is not the option to buy it now yet')\">Buy it now<\/a> --><\/p>\n<p><img loading=\"lazy\" decoding=\"async\" src=\"http:\/\/grafimedia.eu\/wp-content\/uploads\/2016\/02\/VEPRO_300x80.png\" alt=\"VEPRO_300x80\" width=\"142\" height=\"80\" align=\"left\" \/><\/p>\n","protected":false},"excerpt":{"rendered":"<p>Syst\u00e8mes de PACS VEPRO Nos solutions changent votre souhait en une r\u00e9alit\u00e9. Les syst\u00e8mes avanc\u00e9s de Grafimedia \u00a0vous permettent d\u2019acc\u00e9der \u00e0 toutes les informations des patients simplement en appuyant sur une touche. Que vous envisagiez un PACS (syst\u00e8me de photo, <a class=\"more-link\" href=\"https:\/\/grafimedia.eu\/fr\/vepro-pacs-systems\/\">Continue reading <span class=\"screen-reader-text\">  VEPRO PACS Systems<\/span><span class=\"meta-nav\">&rarr;<\/span><\/a><\/p>\n","protected":false},"author":1,"featured_media":218,"parent":0,"menu_order":0,"comment_status":"closed","ping_status":"closed","template":"page-disable-sidebar.php","meta":{"_exactmetrics_skip_tracking":false,"_exactmetrics_sitenote_active":false,"_exactmetrics_sitenote_note":"","_exactmetrics_sitenote_category":0,"footnotes":""},"class_list":["post-50","page","type-page","status-publish","has-post-thumbnail","hentry"],"_links":{"self":[{"href":"https:\/\/grafimedia.eu\/fr\/wp-json\/wp\/v2\/pages\/50"}],"collection":[{"href":"https:\/\/grafimedia.eu\/fr\/wp-json\/wp\/v2\/pages"}],"about":[{"href":"https:\/\/grafimedia.eu\/fr\/wp-json\/wp\/v2\/types\/page"}],"author":[{"embeddable":true,"href":"https:\/\/grafimedia.eu\/fr\/wp-json\/wp\/v2\/users\/1"}],"replies":[{"embeddable":true,"href":"https:\/\/grafimedia.eu\/fr\/wp-json\/wp\/v2\/comments?post=50"}],"version-history":[{"count":5,"href":"https:\/\/grafimedia.eu\/fr\/wp-json\/wp\/v2\/pages\/50\/revisions"}],"predecessor-version":[{"id":222,"href":"https:\/\/grafimedia.eu\/fr\/wp-json\/wp\/v2\/pages\/50\/revisions\/222"}],"wp:featuredmedia":[{"embeddable":true,"href":"https:\/\/grafimedia.eu\/fr\/wp-json\/wp\/v2\/media\/218"}],"wp:attachment":[{"href":"https:\/\/grafimedia.eu\/fr\/wp-json\/wp\/v2\/media?parent=50"}],"curies":[{"name":"wp","href":"https:\/\/api.w.org\/{rel}","templated":true}]}}