{"id":48,"date":"2016-02-10T18:22:16","date_gmt":"2016-02-10T18:22:16","guid":{"rendered":"http:\/\/grafimedia.eu\/fr\/?page_id=48"},"modified":"2017-01-31T20:54:26","modified_gmt":"2017-01-31T19:54:26","slug":"remote-support","status":"publish","type":"page","link":"https:\/\/grafimedia.eu\/fr\/remote-support\/","title":{"rendered":"Remote Support"},"content":{"rendered":"<h1>Support \u00e0 distance<\/h1>\n<p>Support \u00e0 distance par les experts de la Technologie d\u2019 information m\u00e9dicale de Grafimedia pour tous les syst\u00e8mes m\u00e9dicaux num\u00e9riques et logiciels de pointe.<\/p>\n<p>Dans la technologie de l\u2019 information (TI), les outils de support \u00e0 distance sont des outils informatiques et des logiciels qui permettent au technicien informatique ou au repr\u00e9sentant du support de se connecter \u00e0 un ordinateur distant \u00e0 partir de leurs consoles via Internet et travailler directement sur le syst\u00e8me distant. Bien que son objectif principal est l\u2019 acc\u00e8s \u00e0 des ordinateurs situ\u00e9s partout dans le monde, les applications de support \u00e0 distance fournissent \u00e9galement des fonctionnalit\u00e9s telles que le transfert de fichiers, le partage de bureau, la synchronization de fichiers, la ligne de commande ou l\u2019 accessibilit\u00e9 des clients.<\/p>\n<p><a href=\"http:\/\/grafimedia.eu\/fr\/remote-support\/\"><img loading=\"lazy\" decoding=\"async\" class=\"aligncenter wp-image-248 size-medium\" src=\"http:\/\/grafimedia.eu\/fr\/wp-content\/uploads\/sites\/8\/2016\/02\/teamviewer-300x300.png\" alt=\"Teamviewer: outil efficace de Grafimedia pour vous soutenir \u00e0 distance et\/ou afficher son logiciel sugg\u00e9r\u00e9. Visitez la page correspondante et suivez les instructions.\" width=\"300\" height=\"300\" srcset=\"https:\/\/grafimedia.eu\/fr\/wp-content\/uploads\/sites\/8\/2016\/02\/teamviewer-300x300.png 300w, https:\/\/grafimedia.eu\/fr\/wp-content\/uploads\/sites\/8\/2016\/02\/teamviewer-150x150.png 150w, https:\/\/grafimedia.eu\/fr\/wp-content\/uploads\/sites\/8\/2016\/02\/teamviewer.png 512w\" sizes=\"(max-width: 300px) 100vw, 300px\" \/><\/a><\/p>\n<p style=\"font-size: 15px;\"><strong style=\"color: blue;\">Teamviewer<\/strong>: outil efficace de Grafimedia pour vous soutenir \u00e0 distance et\/ou afficher son logiciel sugg\u00e9r\u00e9. <a href=\"http:\/\/www.teamviewer.com\/fr\/Index.aspx\">Visitez la page correspondante <\/a>et suivez les instructions.<\/p>\n<p style=\"font-size: 15px;\"><em>Saisissez cette opportunit\u00e9.<\/em><\/p>\n<p style=\"font-size: 15px;\">Support \u00e0 distance, acc\u00e9s \u00e0 distance et logiciel de conference en ligne auxquels se fie le monde entier \u2013 un milliard d\u2019 installations et plus de 20 millions d\u2019 appareils en ligne \u00e0 tout moment.<\/p>\n<p>&nbsp;<\/p>\n<p>&nbsp;<\/p>\n<p><strong><a href=\"mailto:sales@grafimedia.eu?subject=remote support\">Demandez plus d\u2019informations.\u00a0<\/a><\/strong><\/p>\n<p>&nbsp;<\/p>\n<p>&nbsp;<\/p>\n","protected":false},"excerpt":{"rendered":"<p>Support \u00e0 distance Support \u00e0 distance par les experts de la Technologie d\u2019 information m\u00e9dicale de Grafimedia pour tous les syst\u00e8mes m\u00e9dicaux num\u00e9riques et logiciels de pointe. Dans la technologie de l\u2019 information (TI), les outils de support \u00e0 distance <a class=\"more-link\" href=\"https:\/\/grafimedia.eu\/fr\/remote-support\/\">Continue reading <span class=\"screen-reader-text\">  Remote Support<\/span><span class=\"meta-nav\">&rarr;<\/span><\/a><\/p>\n","protected":false},"author":1,"featured_media":352,"parent":0,"menu_order":0,"comment_status":"closed","ping_status":"closed","template":"page-disable-sidebar.php","meta":{"_exactmetrics_skip_tracking":false,"_exactmetrics_sitenote_active":false,"_exactmetrics_sitenote_note":"","_exactmetrics_sitenote_category":0,"footnotes":""},"class_list":["post-48","page","type-page","status-publish","has-post-thumbnail","hentry"],"_links":{"self":[{"href":"https:\/\/grafimedia.eu\/fr\/wp-json\/wp\/v2\/pages\/48"}],"collection":[{"href":"https:\/\/grafimedia.eu\/fr\/wp-json\/wp\/v2\/pages"}],"about":[{"href":"https:\/\/grafimedia.eu\/fr\/wp-json\/wp\/v2\/types\/page"}],"author":[{"embeddable":true,"href":"https:\/\/grafimedia.eu\/fr\/wp-json\/wp\/v2\/users\/1"}],"replies":[{"embeddable":true,"href":"https:\/\/grafimedia.eu\/fr\/wp-json\/wp\/v2\/comments?post=48"}],"version-history":[{"count":5,"href":"https:\/\/grafimedia.eu\/fr\/wp-json\/wp\/v2\/pages\/48\/revisions"}],"predecessor-version":[{"id":353,"href":"https:\/\/grafimedia.eu\/fr\/wp-json\/wp\/v2\/pages\/48\/revisions\/353"}],"wp:featuredmedia":[{"embeddable":true,"href":"https:\/\/grafimedia.eu\/fr\/wp-json\/wp\/v2\/media\/352"}],"wp:attachment":[{"href":"https:\/\/grafimedia.eu\/fr\/wp-json\/wp\/v2\/media?parent=48"}],"curies":[{"name":"wp","href":"https:\/\/api.w.org\/{rel}","templated":true}]}}