{"id":46,"date":"2016-02-10T18:15:39","date_gmt":"2016-02-10T18:15:39","guid":{"rendered":"http:\/\/grafimedia.eu\/fr\/?page_id=46"},"modified":"2019-05-04T17:55:52","modified_gmt":"2019-05-04T15:55:52","slug":"philips-dictation-systems","status":"publish","type":"page","link":"https:\/\/grafimedia.eu\/fr\/philips-dictation-systems\/","title":{"rendered":"Philips Dictation Systems"},"content":{"rendered":"<h1><strong>Syst\u00e8mes de Dict\u00e9e Philips<\/strong><\/h1>\n<p>[metaslider id=249]<\/p>\n<p>Voix au texte rendue facile avec la qualit\u00e9 d\u2019enregistrement sup\u00e9rieure. Le kit de dict\u00e9e et de transcription de Philips vous permet de transformer la voix en texte encore plus rapidement qu\u2019avant. L\u2019enregistreur de voix num\u00e9rique Pocket memo combine deux micros pour une qualit\u00e9 audio sup\u00e9rieure avec un design ergonomique robuste et l\u00e9ger. Avec le logiciel facile \u00e0 utiliser et la p\u00e9dale commode, la dict\u00e9e et la transcription n\u2019ont jamais \u00e9t\u00e9 aussi faciles.<\/p>\n<h4 style=\"font-size: 185x;\"><strong>Le d\u00e9veloppement de la dict\u00e9e professionnelle(1954 &#8211; aujourd&#8217;hui )<\/strong><\/h4>\n<p>&nbsp;<\/p>\n<h2 style=\"font-size: 185x;\">Avez-vous vu le kit de d\u00e9marrage ?<\/h2>\n<h2 style=\"font-size: 185x;\">Philips DPM 6700 DPM4 Starter Kit.<\/h2>\n<h2 style=\"font-size: 185x;\"><\/h2>\n<p><a href=\": http:\/\/grafimedia.eu\/fr\/philips-dictation-systems\/\"><img loading=\"lazy\" decoding=\"async\" class=\"aligncenter wp-image-208 size-large\" src=\"http:\/\/grafimedia.eu\/fr\/wp-content\/uploads\/sites\/8\/2016\/02\/PHILIPS-DPM-6700-DPM4-STARTER-KIT.-POCKET-MEMO-DICTATION-TRANSCRIPTION-SET-by-GRAFIMEDIA-1024x457.jpg\" alt=\"Le kit de dict\u00e9e et de transcription de Philips vous permet de transformer la voix en texte encore plus rapidement qu\u2019avant.\" width=\"1024\" height=\"457\" srcset=\"https:\/\/grafimedia.eu\/fr\/wp-content\/uploads\/sites\/8\/2016\/02\/PHILIPS-DPM-6700-DPM4-STARTER-KIT.-POCKET-MEMO-DICTATION-TRANSCRIPTION-SET-by-GRAFIMEDIA-1024x457.jpg 1024w, https:\/\/grafimedia.eu\/fr\/wp-content\/uploads\/sites\/8\/2016\/02\/PHILIPS-DPM-6700-DPM4-STARTER-KIT.-POCKET-MEMO-DICTATION-TRANSCRIPTION-SET-by-GRAFIMEDIA-300x134.jpg 300w, https:\/\/grafimedia.eu\/fr\/wp-content\/uploads\/sites\/8\/2016\/02\/PHILIPS-DPM-6700-DPM4-STARTER-KIT.-POCKET-MEMO-DICTATION-TRANSCRIPTION-SET-by-GRAFIMEDIA-768x343.jpg 768w, https:\/\/grafimedia.eu\/fr\/wp-content\/uploads\/sites\/8\/2016\/02\/PHILIPS-DPM-6700-DPM4-STARTER-KIT.-POCKET-MEMO-DICTATION-TRANSCRIPTION-SET-by-GRAFIMEDIA.jpg 1239w\" sizes=\"(max-width: 1024px) 100vw, 1024px\" \/><\/a><\/p>\n<p>&nbsp;<\/p>\n<h2><strong>Kit de d\u00e9marrage Philips DPM 6700 DPM4<\/strong><\/h2>\n<h4><strong>Ensemble de poche pour dict\u00e9e &amp; transcription<\/strong><\/h4>\n<h3><\/h3>\n<h3>Solution d&#8217;enregistrement professionnel<\/h3>\n<p>Deux microphones pour enregistrements audio st\u00e9r\u00e9o de qualit\u00e9 sup\u00e9rieure.<br \/>\nHaute qualit\u00e9 d&#8217;enregistrement en format DSS et MP3.<br \/>\nBouton-poussoir pratique pour la commande d&#8217;enregistrement professionnel.<br \/>\nBo\u00eetier robuste en acier inoxydable pour une durabilit\u00e9 accrue.<br \/>\nGrand \u00e9cran couleur et interface utilisateur claire permettant une utilisation facile et intuitive.<br \/>\nCapteur de lumi\u00e8re et batterie Li -ion pour une utilisation prolong\u00e9e.<br \/>\nT\u00e9l\u00e9chargement automatique de fichiers via USB pour une transcription rapide.<\/p>\n<p>&nbsp;<\/p>\n<h3><strong>Solution de transcription professionnelle<\/strong><\/h3>\n<p>Logiciel SpeechExec pour la gestion efficace des donn\u00e9es.<br \/>\nP\u00e9dale ergonomique pour une commande de lecture commode.<br \/>\nCasque st\u00e9r\u00e9o l\u00e9ger pour un confort am\u00e9lior\u00e9.<br \/>\nInformations de priorit\u00e9 pour le traitement imm\u00e9diat des t\u00e2ches urgentes.<\/p>\n<p>&nbsp;<\/p>\n<p><iframe loading=\"lazy\" title=\"Philips Digital Pocket Memo - Large, high-resolution color display\" width=\"530\" height=\"298\" src=\"https:\/\/www.youtube.com\/embed\/Xd0UOGaRJd4?feature=oembed\" frameborder=\"0\" allow=\"accelerometer; autoplay; clipboard-write; encrypted-media; gyroscope; picture-in-picture; web-share\" referrerpolicy=\"strict-origin-when-cross-origin\" allowfullscreen><\/iframe><\/p>\n<p>&nbsp;<\/p>\n<h3><\/h3>\n<h3><strong>Contenu du kit<\/strong><\/h3>\n<p>Enregistreur vocal num\u00e9rique DPM6000 Pocket Memo.<br \/>\nP\u00e9dale LFH2330.<br \/>\nCasque st\u00e9r\u00e9o LFH0334.<br \/>\nCarte m\u00e9moire.<br \/>\nLogiciel de transcription SpeechExec.<br \/>\nLogiciel de dict\u00e9e SpeechExec.<br \/>\nBatterie rechargeable.<br \/>\nC\u00e2ble USB.<br \/>\nEtui.<br \/>\nGuide de d\u00e9marrage rapide<\/p>\n<p>&nbsp;<\/p>\n<h3><strong>Exigences du <\/strong><strong>syst\u00e8me<\/strong><\/h3>\n<p><strong>Processeur<\/strong>: Intel Pentium 4 , 1,0 GHz ou equivalent<br \/>\n<strong>M\u00e9moire RAM<\/strong>: 1 Go (2 Go recommand\u00e9s )<br \/>\n<strong>Espace disque dur<\/strong> : 100 Mo pour le logiciel SpeechExec , 850 Mo ( 32 bits) \/ 2 Go (64 bits) pour Microsoft .NET Framework (Windows )<br \/>\n<strong>Syst\u00e8me d&#8217;exploitation<\/strong>: Windows 8 \/ 7 \/ Vista ( 32\/64 bits ), Mac OS X 10.10 \/ 10.9 ( fonctionnalit\u00e9 Mac peut \u00eatre limit\u00e9e )<br \/>\n<strong>Port USB libre<\/strong><br \/>\n<strong>Lecteur DVD- ROM<\/strong><br \/>\n<strong>Carte graphique<\/strong>: carte graphique compatible DirectX avec acc\u00e9l\u00e9ration mat\u00e9rielle recommand\u00e9e (Windows )<\/p>\n<p><strong>\u00a0Windows Media Player doit \u00eatre install\u00e9 sur un syst\u00e8me d&#8217;exploitation Windows<\/strong><\/p>\n<p>&nbsp;<\/p>\n<p>&nbsp;<\/p>\n<hr \/>\n<p><strong><a href=\"mailto:sales@grafimedia.eu?subjects=Philips-Dictation-Systems_fr\">Si vous \u00eates int\u00e9ress\u00e9s, demandez des informations suppl\u00e9mentaires<\/a><\/strong><\/p>\n<p><img loading=\"lazy\" decoding=\"async\" class=\"size-medium wp-image-419 alignnone\" src=\"https:\/\/grafimedia.eu\/fr\/wp-content\/uploads\/sites\/8\/2019\/05\/philips-dictation_certified-partner_label_2019_en_rgb_large-300x214.png\" alt=\"\" width=\"300\" height=\"214\" srcset=\"https:\/\/grafimedia.eu\/fr\/wp-content\/uploads\/sites\/8\/2019\/05\/philips-dictation_certified-partner_label_2019_en_rgb_large-300x214.png 300w, https:\/\/grafimedia.eu\/fr\/wp-content\/uploads\/sites\/8\/2019\/05\/philips-dictation_certified-partner_label_2019_en_rgb_large.png 546w\" sizes=\"(max-width: 300px) 100vw, 300px\" \/><\/p>\n<p><!-- Unused option \"Buy it now \" --><br \/>\n<!--<a href=\"#\" onClick=\"ShowMessageFromPage('There is not the option to buy it now yet')\">Buy it now<\/a> --><\/p>\n<p>&nbsp;<\/p>\n","protected":false},"excerpt":{"rendered":"<p>Syst\u00e8mes de Dict\u00e9e Philips [metaslider id=249] Voix au texte rendue facile avec la qualit\u00e9 d\u2019enregistrement sup\u00e9rieure. Le kit de dict\u00e9e et de transcription de Philips vous permet de transformer la voix en texte encore plus rapidement qu\u2019avant. L\u2019enregistreur de voix <a class=\"more-link\" href=\"https:\/\/grafimedia.eu\/fr\/philips-dictation-systems\/\">Continue reading <span class=\"screen-reader-text\">  Philips Dictation Systems<\/span><span class=\"meta-nav\">&rarr;<\/span><\/a><\/p>\n","protected":false},"author":1,"featured_media":208,"parent":0,"menu_order":0,"comment_status":"closed","ping_status":"closed","template":"page-disable-sidebar.php","meta":{"_exactmetrics_skip_tracking":false,"_exactmetrics_sitenote_active":false,"_exactmetrics_sitenote_note":"","_exactmetrics_sitenote_category":0,"footnotes":""},"class_list":["post-46","page","type-page","status-publish","has-post-thumbnail","hentry"],"_links":{"self":[{"href":"https:\/\/grafimedia.eu\/fr\/wp-json\/wp\/v2\/pages\/46"}],"collection":[{"href":"https:\/\/grafimedia.eu\/fr\/wp-json\/wp\/v2\/pages"}],"about":[{"href":"https:\/\/grafimedia.eu\/fr\/wp-json\/wp\/v2\/types\/page"}],"author":[{"embeddable":true,"href":"https:\/\/grafimedia.eu\/fr\/wp-json\/wp\/v2\/users\/1"}],"replies":[{"embeddable":true,"href":"https:\/\/grafimedia.eu\/fr\/wp-json\/wp\/v2\/comments?post=46"}],"version-history":[{"count":5,"href":"https:\/\/grafimedia.eu\/fr\/wp-json\/wp\/v2\/pages\/46\/revisions"}],"predecessor-version":[{"id":420,"href":"https:\/\/grafimedia.eu\/fr\/wp-json\/wp\/v2\/pages\/46\/revisions\/420"}],"wp:featuredmedia":[{"embeddable":true,"href":"https:\/\/grafimedia.eu\/fr\/wp-json\/wp\/v2\/media\/208"}],"wp:attachment":[{"href":"https:\/\/grafimedia.eu\/fr\/wp-json\/wp\/v2\/media?parent=46"}],"curies":[{"name":"wp","href":"https:\/\/api.w.org\/{rel}","templated":true}]}}