{"id":32,"date":"2016-02-10T17:47:48","date_gmt":"2016-02-10T17:47:48","guid":{"rendered":"http:\/\/grafimedia.eu\/fr\/?page_id=32"},"modified":"2016-08-30T15:40:26","modified_gmt":"2016-08-30T15:40:26","slug":"icon-print-video","status":"publish","type":"page","link":"https:\/\/grafimedia.eu\/fr\/icon-print-video\/","title":{"rendered":"Icon Print Video"},"content":{"rendered":"<h1>Icon Print Video<img loading=\"lazy\" decoding=\"async\" class=\"alignright wp-image-324 size-full\" src=\"http:\/\/grafimedia.eu\/fr\/wp-content\/uploads\/sites\/8\/2016\/02\/Grafimedia-ICON-logo-square_9-small-e1472571603111.jpg\" alt=\"Grafimedia-ICON logo\" width=\"88\" height=\"88\" \/><\/h1>\n<p><span style=\"font-size: 15px;\">\u00a0<\/span><\/p>\n<p>[metaslider id=180]<\/p>\n<p>Avec <strong>icon Print vid\u00e9o<\/strong> la connection de tout dispositif d&#8217;imagerie, muni d\u2019 une sortie vid\u00e9o \u00a0(par ex. ultrasons, colposcope , gastroscope , endoscope , microscope ) \u00e0 un PC, devient possible sans effort suppl\u00e9mentaire . En outre il donne la possibilit\u00e9 de saisir des images couleur ou noir et blanc exactement quand et o\u00f9 vous le souhaitez.\u00a0 En quelques minutes, vous pouvez r\u00e9gler la luminosit\u00e9 , le contraste et la saturation sur chaque image . Vous pouvez m\u00eame les imprimer sur du papier au format A4 ou A3 \u00a0en choisissant de 1 \u00e0 32 images par page, imprimer un pied de page sur chaque page avec le nom et l&#8217;adresse de l&#8217;institution m\u00e9dicale\u00a0 ou ex\u00e9cuter toutes les fonctions de base avec la pouss\u00e9e d&#8217; un bouton , en utilisant le contr\u00f4le icon \u00e0 quatre boutons.<\/p>\n<p><strong><em>Num\u00e9risez et enregistrez des videos facilement.<\/em><\/strong><\/p>\n<p>Il constitue le choix parfait pour tous les fournisseurs de soins de sant\u00e9, dans le cas o\u00f9 ils souhaitent extraire des images s\u00e9lectionn\u00e9es sur une vid\u00e9o captur\u00e9e. Les professionnels de soins de sant\u00e9 peuvent\u00a0 \u00e9galement obtenir une qualit\u00e9 sup\u00e9rieure d&#8217;impression sur une imprimante XEROX \u00e0 encre solide . Ils peuvent m\u00eame graver du texte, des images et des vid\u00e9os r\u00e9latifs \u00e0 un examen m\u00e9dical sur un CD \/ DVD.\u00a0\u00a0 A savoir que ce n\u2019 est qu\u2019 avec l&#8217;utilisation de la carte de num\u00e9risation propos\u00e9e, les c\u00e2bles de connexion et icon que les meilleurs r\u00e9sultats peuvent \u00eatre atteints.<\/p>\n<p>&nbsp;<\/p>\n<h1>icon DICOM<\/h1>\n<p>Il peut envoyer les images captur\u00e9es par l\u2019 imprimante icon au syst\u00e8me PACS, en les convertissant tout d\u2019abord en format DICOM afin qu\u2019 elles puissent \u00eatre reconnues. Chercher et r\u00e9cup\u00e9rer les donn\u00e9es du patient du syst\u00e8me PACS simplement en tapant leur code.\u00a0Cr\u00e9er un nouvel identifiant bas\u00e9 sur l\u2019information du patient si le patient n\u2019a aucun code.\u00a0Convertir les s\u00e9ries d\u2019images en format icon DICOM et les envoyer vers le syst\u00e8me PACS simplement en appuyant sur le bouton \u00ab envoyer \u00bb (apr\u00e8s que l\u2019 identifiant du patient a \u00e9t\u00e9 trouv\u00e9 ou cr\u00e9\u00e9).<\/p>\n<p><a href=\"http:\/\/grafimedia.eu\/fr\/icon-dicom\/\"><img loading=\"lazy\" decoding=\"async\" class=\"aligncenter wp-image-171\" src=\"http:\/\/grafimedia.eu\/fr\/wp-content\/uploads\/sites\/8\/2016\/02\/Convertir-les-s%C3%A9ries-d%E2%80%99images-en-format-DICOM-et-les-envoyer-vers-le-syst%C3%A8me-PACS-simplement-en-appuyant-sur-le-bouton-%C2%AB-envoyer-%C2%BB-1024x532.jpg\" alt=\"Convertir les s\u00e9ries d\u2019images en format icon DICOM et les envoyer vers le syst\u00e8me PACS simplement en appuyant sur le bouton \u00ab envoyer \u00bb\" width=\"1000\" height=\"520\" \/><\/a><\/p>\n<p>&nbsp;<\/p>\n<p>N\u2019 h\u00e9sitez pas \u00e0 jeter un coup d\u2019 oeil aux derni\u00e8res nouvelles sur les imprimantes Xerox dans la section <a href=\"http:\/\/grafimedia.eu\/blog\/make-office-greener-grafimedia\/\"><strong>News<\/strong><\/a>.<\/p>\n<p>&nbsp;<\/p>\n<p>&nbsp;<\/p>\n<hr \/>\n<div align=\"right\">\n<p style=\"text-align: left;\"><strong><a href=\"mailto:sales@grafimedia.eu?subject=icon Print Video\"><span lang=\"EL\">Si vous \u00eates int\u00e9ress\u00e9s, demandez des informations suppl\u00e9mentaires<\/span><\/a><\/strong><\/p>\n<\/div>\n<p><img loading=\"lazy\" decoding=\"async\" src=\"http:\/\/grafimedia.eu\/wp-content\/uploads\/2016\/02\/xerox_logo_2008_trans-white-bg-300x80.png\" alt=\"xerox_logo_2008_trans white-bg\" width=\"142\" height=\"80\" align=\"left\" \/><\/p>\n","protected":false},"excerpt":{"rendered":"<p>Icon Print Video \u00a0 [metaslider id=180] Avec icon Print vid\u00e9o la connection de tout dispositif d&#8217;imagerie, muni d\u2019 une sortie vid\u00e9o \u00a0(par ex. ultrasons, colposcope , gastroscope , endoscope , microscope ) \u00e0 un PC, devient possible sans effort suppl\u00e9mentaire <a class=\"more-link\" href=\"https:\/\/grafimedia.eu\/fr\/icon-print-video\/\">Continue reading <span class=\"screen-reader-text\">  Icon Print Video<\/span><span class=\"meta-nav\">&rarr;<\/span><\/a><\/p>\n","protected":false},"author":1,"featured_media":151,"parent":0,"menu_order":0,"comment_status":"closed","ping_status":"closed","template":"page-disable-sidebar.php","meta":{"_exactmetrics_skip_tracking":false,"_exactmetrics_sitenote_active":false,"_exactmetrics_sitenote_note":"","_exactmetrics_sitenote_category":0,"footnotes":""},"class_list":["post-32","page","type-page","status-publish","has-post-thumbnail","hentry"],"_links":{"self":[{"href":"https:\/\/grafimedia.eu\/fr\/wp-json\/wp\/v2\/pages\/32"}],"collection":[{"href":"https:\/\/grafimedia.eu\/fr\/wp-json\/wp\/v2\/pages"}],"about":[{"href":"https:\/\/grafimedia.eu\/fr\/wp-json\/wp\/v2\/types\/page"}],"author":[{"embeddable":true,"href":"https:\/\/grafimedia.eu\/fr\/wp-json\/wp\/v2\/users\/1"}],"replies":[{"embeddable":true,"href":"https:\/\/grafimedia.eu\/fr\/wp-json\/wp\/v2\/comments?post=32"}],"version-history":[{"count":5,"href":"https:\/\/grafimedia.eu\/fr\/wp-json\/wp\/v2\/pages\/32\/revisions"}],"predecessor-version":[{"id":325,"href":"https:\/\/grafimedia.eu\/fr\/wp-json\/wp\/v2\/pages\/32\/revisions\/325"}],"wp:featuredmedia":[{"embeddable":true,"href":"https:\/\/grafimedia.eu\/fr\/wp-json\/wp\/v2\/media\/151"}],"wp:attachment":[{"href":"https:\/\/grafimedia.eu\/fr\/wp-json\/wp\/v2\/media?parent=32"}],"curies":[{"name":"wp","href":"https:\/\/api.w.org\/{rel}","templated":true}]}}