{"id":30,"date":"2016-02-10T17:44:52","date_gmt":"2016-02-10T17:44:52","guid":{"rendered":"http:\/\/grafimedia.eu\/fr\/?page_id=30"},"modified":"2016-08-30T15:45:06","modified_gmt":"2016-08-30T15:45:06","slug":"icon-pacs","status":"publish","type":"page","link":"https:\/\/grafimedia.eu\/fr\/icon-pacs\/","title":{"rendered":"icon PACS"},"content":{"rendered":"<h1 style=\"font-size: 18px;\">icon PACS<br \/>\n<span style=\"font-size: 15px;\">Une solution compl\u00e8te pour archivage d\u2019images DICOM<img loading=\"lazy\" decoding=\"async\" class=\"alignright size-full wp-image-324\" src=\"http:\/\/grafimedia.eu\/fr\/wp-content\/uploads\/sites\/8\/2016\/02\/Grafimedia-ICON-logo-square_9-small-e1472571603111.jpg\" alt=\"Grafimedia-ICON logo\" width=\"88\" height=\"88\" \/><\/span><\/h1>\n<p>[metaslider id=428]<\/p>\n<p style=\"font-size: 15px;\"><strong>Un syst\u00e8me d\u2019 archivage d\u2019images DICOM (PACS), moderne et \u00e9conomique, aux nombreuses fonctionnalit\u00e9s sp\u00e9ciales : <\/strong><\/p>\n<p style=\"font-size: 15px;\">Compatibilit\u00e9 avec tous les dispositifs m\u00e9dicaux et stations de travail diagnostiques utilisant le protocole <a href=\"http:\/\/grafimedia.eu\/blog\/dicom-digital-imaging-communications-medicine\/\"><strong>DICOM<\/strong><\/a>.\u00a0 Connectivit\u00e9 \u00e0 un nombre illimit\u00e9 de postes de travail diagnostiques ou de mat\u00e9riel m\u00e9dical.<br \/>\nCapacit\u00e9 d\u2019importer et exporter des donn\u00e9es DICOM vers et \u00e0 partir de fichiers ou supports optiques en cr\u00e9ant DICOMDIR.<br \/>\nCapacit\u00e9 d\u2019envoyer \/ acheminer des donn\u00e9es vers d\u2019autres syst\u00e8mes <a href=\"http:\/\/grafimedia.eu\/blog\/picture-archiving-communication-system-pacs\/\"><strong>PACS<\/strong><\/a> ou \u00a0mat\u00e9riel m\u00e9dical (DICOM-STORE-SCU) de mani\u00e8re manuelle, automatique ou planifi\u00e9e.<br \/>\nPossibilit\u00e9 de cr\u00e9er des profils pour les mat\u00e9riels m\u00e9dicaux multiples tout en choisissant la compression de l\u2019image (non compress\u00e9s ou compress\u00e9s non p\u00e9rissables) et de surveiller leur \u00e9tat (journalisation).<br \/>\nPossibilit\u00e9 de cr\u00e9er des profils espace de stockage \u00e0 images multiples \u2013 au niveau \u00e0 la fois local et global &#8211; \u00a0assurant une op\u00e9ration continue, longue et r\u00e9guli\u00e8re du service.<br \/>\nPossibilit\u00e9 d\u2019ex\u00e9cuter des interventions programm\u00e9es de transfert d\u2019 images \u00e0 l\u2019aide de crit\u00e8res, entretien, supprimant et cr\u00e9ant la sauvegarde de la base de donn\u00e9es.<br \/>\nCapacit\u00e9 de soutenir les enregistrements d\u2019une liste d\u2019 instructions sur l\u2019\u00e9quipement m\u00e9dical (modalit\u00e9 WORKLIST) et de les partager avec le mat\u00e9riel m\u00e9dical correspondant.<br \/>\nCapacit\u00e9 d\u2019enregistrer, depuis l\u2019appareil medical, le progr\u00e9s et l\u2019ach\u00e8vement \u00a0de l\u2019examen de sant\u00e9.<br \/>\nCapacit\u00e9 d\u2019interagir avec les autres syst\u00e8mes d\u2019information de sant\u00e9 existants.<\/p>\n<p style=\"font-size: 15px;\">Les rendez-vous pour les examens de sant\u00e9 peuvent \u00eatre fix\u00e9s par des messages <a href=\"http:\/\/grafimedia.eu\/blog\/health-level-seven-international-hl7\/\"><strong>HL7<\/strong><\/a> ORM sur les dispositifs m\u00e9dicaux qui supportent les modalit\u00e9s WORKLIST. (Le syst\u00e8me d\u2019information de sant\u00e9 existant doit assurer la cr\u00e9ation et la transmission des messages HL7 ORM.)<\/p>\n<p><a href=\"http:\/\/grafimedia.eu\/fr\/icon-pacs\/\"><img loading=\"lazy\" decoding=\"async\" class=\"aligncenter wp-image-192 size-large\" src=\"http:\/\/grafimedia.eu\/fr\/wp-content\/uploads\/sites\/8\/2016\/02\/Icon-PACS.-Compatibilit\u00e9-avec-tous-les-dispositifs-m\u00e9dicaux-et-stations-de-travail-diagnostiques-utilisant-le-protocole-DICOM.-1024x505.jpg\" alt=\"Icon PACS. Compatibilit\u00e9 avec tous les dispositifs m\u00e9dicaux et stations de travail diagnostiques utilisant le protocole DICOM.\" width=\"1024\" height=\"505\" srcset=\"https:\/\/grafimedia.eu\/fr\/wp-content\/uploads\/sites\/8\/2016\/02\/Icon-PACS.-Compatibilit\u00e9-avec-tous-les-dispositifs-m\u00e9dicaux-et-stations-de-travail-diagnostiques-utilisant-le-protocole-DICOM.-1024x505.jpg 1024w, https:\/\/grafimedia.eu\/fr\/wp-content\/uploads\/sites\/8\/2016\/02\/Icon-PACS.-Compatibilit\u00e9-avec-tous-les-dispositifs-m\u00e9dicaux-et-stations-de-travail-diagnostiques-utilisant-le-protocole-DICOM.-300x148.jpg 300w, https:\/\/grafimedia.eu\/fr\/wp-content\/uploads\/sites\/8\/2016\/02\/Icon-PACS.-Compatibilit\u00e9-avec-tous-les-dispositifs-m\u00e9dicaux-et-stations-de-travail-diagnostiques-utilisant-le-protocole-DICOM.-768x379.jpg 768w, https:\/\/grafimedia.eu\/fr\/wp-content\/uploads\/sites\/8\/2016\/02\/Icon-PACS.-Compatibilit\u00e9-avec-tous-les-dispositifs-m\u00e9dicaux-et-stations-de-travail-diagnostiques-utilisant-le-protocole-DICOM..jpg 1160w\" sizes=\"(max-width: 1024px) 100vw, 1024px\" \/><\/a><\/p>\n<p>&nbsp;<\/p>\n<hr \/>\n<p><strong><a href=\"mailto:sales@grafimedia.eu?subject=icon_pacs\">Si vous \u00eates int\u00e9ress\u00e9s, demandez des informations suppl\u00e9mentaires<\/a><\/strong><\/p>\n<p>&nbsp;<\/p>\n","protected":false},"excerpt":{"rendered":"<p>icon PACS Une solution compl\u00e8te pour archivage d\u2019images DICOM [metaslider id=428] Un syst\u00e8me d\u2019 archivage d\u2019images DICOM (PACS), moderne et \u00e9conomique, aux nombreuses fonctionnalit\u00e9s sp\u00e9ciales : Compatibilit\u00e9 avec tous les dispositifs m\u00e9dicaux et stations de travail diagnostiques utilisant le protocole <a class=\"more-link\" href=\"https:\/\/grafimedia.eu\/fr\/icon-pacs\/\">Continue reading <span class=\"screen-reader-text\">  icon PACS<\/span><span class=\"meta-nav\">&rarr;<\/span><\/a><\/p>\n","protected":false},"author":1,"featured_media":192,"parent":0,"menu_order":0,"comment_status":"closed","ping_status":"closed","template":"page-disable-sidebar.php","meta":{"_exactmetrics_skip_tracking":false,"_exactmetrics_sitenote_active":false,"_exactmetrics_sitenote_note":"","_exactmetrics_sitenote_category":0,"footnotes":""},"class_list":["post-30","page","type-page","status-publish","has-post-thumbnail","hentry"],"_links":{"self":[{"href":"https:\/\/grafimedia.eu\/fr\/wp-json\/wp\/v2\/pages\/30"}],"collection":[{"href":"https:\/\/grafimedia.eu\/fr\/wp-json\/wp\/v2\/pages"}],"about":[{"href":"https:\/\/grafimedia.eu\/fr\/wp-json\/wp\/v2\/types\/page"}],"author":[{"embeddable":true,"href":"https:\/\/grafimedia.eu\/fr\/wp-json\/wp\/v2\/users\/1"}],"replies":[{"embeddable":true,"href":"https:\/\/grafimedia.eu\/fr\/wp-json\/wp\/v2\/comments?post=30"}],"version-history":[{"count":5,"href":"https:\/\/grafimedia.eu\/fr\/wp-json\/wp\/v2\/pages\/30\/revisions"}],"predecessor-version":[{"id":330,"href":"https:\/\/grafimedia.eu\/fr\/wp-json\/wp\/v2\/pages\/30\/revisions\/330"}],"wp:featuredmedia":[{"embeddable":true,"href":"https:\/\/grafimedia.eu\/fr\/wp-json\/wp\/v2\/media\/192"}],"wp:attachment":[{"href":"https:\/\/grafimedia.eu\/fr\/wp-json\/wp\/v2\/media?parent=30"}],"curies":[{"name":"wp","href":"https:\/\/api.w.org\/{rel}","templated":true}]}}