{"id":28,"date":"2016-02-10T17:42:46","date_gmt":"2016-02-10T17:42:46","guid":{"rendered":"http:\/\/grafimedia.eu\/fr\/?page_id=28"},"modified":"2016-08-30T15:47:12","modified_gmt":"2016-08-30T15:47:12","slug":"icon-integration","status":"publish","type":"page","link":"https:\/\/grafimedia.eu\/fr\/icon-integration\/","title":{"rendered":"Icon Integration"},"content":{"rendered":"<h1>Icon Integration<img loading=\"lazy\" decoding=\"async\" class=\"alignright size-full wp-image-324\" src=\"http:\/\/grafimedia.eu\/fr\/wp-content\/uploads\/sites\/8\/2016\/02\/Grafimedia-ICON-logo-square_9-small-e1472571603111.jpg\" alt=\"Grafimedia-ICON logo\" width=\"88\" height=\"88\" \/><\/h1>\n<p style=\"font-size: 15px;\">Il est bien connu qu\u2019 en g\u00e9n\u00e9ral, l\u2019 int\u00e9gration dans les syst\u00e8mes d\u2019information install\u00e9s dans les \u00e9tablissements de sant\u00e9 proviennent d\u2019une vari\u00e9t\u00e9 de fabricants. Le plus souvent, ils ont de la difficult\u00e9 \u00e0 relier les uns aux autres n\u2019 aidant que fragmentairement le flux de travail. Cette fragmentation existe pour des raisons historiques. Les diff\u00e9rents sous-syst\u00e8mes (tels que HIS, RIS, LIS, PACS, EMR) sont ind\u00e9pendamment d\u00e9velopp\u00e9s pour couvrir des besoins sp\u00e9cifiques, sans tenir compte du fait que les renseignements m\u00e9dicaux doivent \u00eatre disponibles \u00e0 tout moment.<\/p>\n<p style=\"font-size: 15px;\">Un \u00e9norme progr\u00e8s a \u00e9t\u00e9 r\u00e9alis\u00e9 ces derni\u00e8res ann\u00e9es, principalement en raison de l\u2019application de certains protocoles tels que HL7 et DICOM3. Ainsi, tous ces diff\u00e9rents sous-syst\u00e8mes peuvent \u00ab parler \u00bb les uns aux autres et \u00e9changer des donn\u00e9es.<\/p>\n<p style=\"font-size: 15px;\">Le service d\u2019int\u00e9gration icon comprend, non seulement une analyse compl\u00e8te et l\u2019 enregistrement de la situation existante, mais aussi des suggestions sur les changements qui doivent \u00eatre appliqu\u00e9s aux sous-syst\u00e8mes afin que le flux de travail puisse devenir aussi efficace que possible.<\/p>\n<p style=\"font-size: 15px;\">Apr\u00e8s avoir accompli un grand nombre de ces r\u00e9alisations, Grafimedia est en mesure de faire une suggestion, quel que soit le niveau de complexit\u00e9 de chaque cas.<\/p>\n<p><a href=\" http:\/\/grafimedia.eu\/fr\/icon-integration\/ \u200e\"><img loading=\"lazy\" decoding=\"async\" class=\"alignnone wp-image-234 size-full\" src=\"http:\/\/grafimedia.eu\/fr\/wp-content\/uploads\/sites\/8\/2016\/02\/Service-Icon-Integration-comprend-une-analyse-compl\u00e8te-et-l\u2019-enregistrement-de-la-situation-existante-afin-que-le-flux-de-travail-puisse-devenir-efficace..jpg\" alt=\"Service Icon Integration comprend une analyse compl\u00e8te et l\u2019 enregistrement de la situation existante, afin que le flux de travail puisse devenir efficace.\" width=\"500\" height=\"353\" srcset=\"https:\/\/grafimedia.eu\/fr\/wp-content\/uploads\/sites\/8\/2016\/02\/Service-Icon-Integration-comprend-une-analyse-compl\u00e8te-et-l\u2019-enregistrement-de-la-situation-existante-afin-que-le-flux-de-travail-puisse-devenir-efficace..jpg 500w, https:\/\/grafimedia.eu\/fr\/wp-content\/uploads\/sites\/8\/2016\/02\/Service-Icon-Integration-comprend-une-analyse-compl\u00e8te-et-l\u2019-enregistrement-de-la-situation-existante-afin-que-le-flux-de-travail-puisse-devenir-efficace.-300x212.jpg 300w\" sizes=\"(max-width: 500px) 100vw, 500px\" \/><\/a><\/p>\n<p>&nbsp;<\/p>\n<hr \/>\n<p><strong><a href=\"mailto:sales@grafimedia.eu?subject=icon integration\">Si vous \u00eates int\u00e9ress\u00e9s, demandez des informations suppl\u00e9mentaires.<\/a><\/strong><\/p>\n","protected":false},"excerpt":{"rendered":"<p>Icon Integration Il est bien connu qu\u2019 en g\u00e9n\u00e9ral, l\u2019 int\u00e9gration dans les syst\u00e8mes d\u2019information install\u00e9s dans les \u00e9tablissements de sant\u00e9 proviennent d\u2019une vari\u00e9t\u00e9 de fabricants. Le plus souvent, ils ont de la difficult\u00e9 \u00e0 relier les uns aux autres <a class=\"more-link\" href=\"https:\/\/grafimedia.eu\/fr\/icon-integration\/\">Continue reading <span class=\"screen-reader-text\">  Icon Integration<\/span><span class=\"meta-nav\">&rarr;<\/span><\/a><\/p>\n","protected":false},"author":1,"featured_media":234,"parent":0,"menu_order":0,"comment_status":"closed","ping_status":"closed","template":"page-disable-sidebar.php","meta":{"_exactmetrics_skip_tracking":false,"_exactmetrics_sitenote_active":false,"_exactmetrics_sitenote_note":"","_exactmetrics_sitenote_category":0,"footnotes":""},"class_list":["post-28","page","type-page","status-publish","has-post-thumbnail","hentry"],"_links":{"self":[{"href":"https:\/\/grafimedia.eu\/fr\/wp-json\/wp\/v2\/pages\/28"}],"collection":[{"href":"https:\/\/grafimedia.eu\/fr\/wp-json\/wp\/v2\/pages"}],"about":[{"href":"https:\/\/grafimedia.eu\/fr\/wp-json\/wp\/v2\/types\/page"}],"author":[{"embeddable":true,"href":"https:\/\/grafimedia.eu\/fr\/wp-json\/wp\/v2\/users\/1"}],"replies":[{"embeddable":true,"href":"https:\/\/grafimedia.eu\/fr\/wp-json\/wp\/v2\/comments?post=28"}],"version-history":[{"count":5,"href":"https:\/\/grafimedia.eu\/fr\/wp-json\/wp\/v2\/pages\/28\/revisions"}],"predecessor-version":[{"id":332,"href":"https:\/\/grafimedia.eu\/fr\/wp-json\/wp\/v2\/pages\/28\/revisions\/332"}],"wp:featuredmedia":[{"embeddable":true,"href":"https:\/\/grafimedia.eu\/fr\/wp-json\/wp\/v2\/media\/234"}],"wp:attachment":[{"href":"https:\/\/grafimedia.eu\/fr\/wp-json\/wp\/v2\/media?parent=28"}],"curies":[{"name":"wp","href":"https:\/\/api.w.org\/{rel}","templated":true}]}}