{"id":272,"date":"2016-08-23T09:01:19","date_gmt":"2016-08-23T09:01:19","guid":{"rendered":"http:\/\/grafimedia.eu\/fr\/?page_id=272"},"modified":"2018-02-26T19:50:02","modified_gmt":"2018-02-26T18:50:02","slug":"terms-conditions","status":"publish","type":"page","link":"https:\/\/grafimedia.eu\/fr\/terms-conditions\/","title":{"rendered":"Terms &#038; Conditions"},"content":{"rendered":"<h1>Termes\u00a0&amp; Conditions<\/h1>\n<h1><\/h1>\n<p><strong>Ce site Web (\u00ab Site Web \u00bb) vous est propos\u00e9 par Grafimedia.eu. (&#8220;Grafimedia&#8221;).<\/strong><\/p>\n<p>Les Termes &amp; conditions suivants r\u00e9gissent l\u2019 acc\u00e8s et l\u2019 utilisation de ce Site Web. D\u2019 autres termes et conditions sp\u00e9cifiques peuvent \u00e9galement s\u2019 appliquer \u00e0 du contenu, donn\u00e9es,documents ou informations sp\u00e9cifiques contenus sur ce Site Web ou disponibles par le biais de ce dernier (ci-apr\u00e9s d\u00e9nomm\u00e9s \u00able \u00a0Contenu \u00bb) ainsi qu\u2019 \u00e0 du contenu, donn\u00e9es, mat\u00e9riaux ou informations sp\u00e9cifiques que vous pouvez t\u00e9l\u00e9charger, soumettre et\/ou publier sur le Site Web (ci-apr\u00e9s d\u00e9nomm\u00e9s \u00ab Contenu Utilisateur \u00bb) ou \u00e0 des op\u00e9rations conclues par l\u2019interm\u00e9diaire de ce Site Web. Ces conditions particuli\u00e8res peuvent \u00eatre ajout\u00e9es aux pr\u00e9sents Termes &amp; Conditions ou peuvent, et ce dans le seul cas o\u00f9 il est express\u00e9ment sp\u00e9cifi\u00e9, remplacer les presents Termes &amp; Conditions.<\/p>\n<p>&nbsp;<\/p>\n<ol>\n<li><strong>Acceptation des Termes &amp; Conditions<\/strong><\/li>\n<\/ol>\n<p>En acc\u00e9dant ou en utilisant ce Site Web, vous acceptez d\u2019\u00eatre l\u00e9galement li\u00e9 par les Termes &amp; Conditions contenus ou mentionn\u00e9s dans les pr\u00e9sentes modalit\u00e9s et conditions ou toutes autres modalit\u00e9s et conditions \u00e9nonc\u00e9es sur ce Site Web. Si vous N\u2019acceptez PAS toutes les pr\u00e9sentes modalit\u00e9s, vous NE devriez PAS acc\u00e9der ou utiliser ce Site Web.<\/p>\n<p>&nbsp;<\/p>\n<ol start=\"2\">\n<li><strong>Modification des conditions<\/strong><\/li>\n<\/ol>\n<p>Les pr\u00e9sents Termes &amp; Conditions peuvent \u00eatre modifi\u00e9s par Grafimedia \u00e0 tout moment. Les pr\u00e9sents Termes &amp; Conditions entreront en vigueur d\u00e8s leur publication. En continuant d\u2019acc\u00e9der ou d\u2019utiliser le Site apr\u00e8s cette validation, vous serez r\u00e9put\u00e9 avoir accept\u00e9 ces modifications. Nous vous conseillons de consulter r\u00e9guli\u00e8rement les modalit\u00e9s et conditions applicables. D\u2019 autres sites web Grafimedia peuvent avoir leurs propres conditions d\u2019utilisation qui s\u2019appliquent \u00e0 ces sites web.<\/p>\n<p>Grafimedia se r\u00e9serve le droit d\u2019interrompre ou d\u2019effectuer des changements ou des mises \u00e0 jour concernant le site web ou le Contenu du site web \u00e0 tout moment, sans pr\u00e9avis. Grafimedia se r\u00e9serve le droit de restreindre, de refuser ou de r\u00e9silier l\u2019acc\u00e8s au site de toute personne ou de toute partie, \u00e0 prendre effet imm\u00e9diatement sans pr\u00e9avis \u00e0 tout moment et pour toute raison que ce soit \u00e0 sa seule discr\u00e9tion.<\/p>\n<p>&nbsp;<\/p>\n<ol start=\"3\">\n<li><strong>Un site web public.<\/strong><\/li>\n<\/ol>\n<p>Vous ne devriez avoir aucune attente en mati\u00e8re de confidentialit\u00e9 \u00e0 l\u2019\u00e9gard de tout Contenu Utilisateur que vous pourriez d\u00e9poser sur ce Site Web. N\u2019 y soumettez pas des renseignements confidentiels.<\/p>\n<p>Grafimedia et ses filiales, affili\u00e9s, partenaires, conc\u00e9dants de licence, titulaires de marque et fournisseurs n\u2019assument aucune responsabilit\u00e9 pour des interruptions ou des omissions dans les services Internet, les services de r\u00e9seau ou d\u2019h\u00e9bergement et ne garantissent pas que le Site Web ou les services qui rendent ce Site Web disponible ou les communications \u00e9lectroniques envoy\u00e9es par Grafimedia sont exempts de virus ou de tout autre \u00e9l\u00e9ment nuisible.<\/p>\n<p>Tout mat\u00e9riel t\u00e9l\u00e9charg\u00e9 ou obtenu autrement par l\u2019utilisation de ce Site Web se fait \u00e0 vos propres risques et p\u00e9rils. Vous serez seul responsable pour tout dommage \u00e0 votre syst\u00e8me informatique ou perte de donn\u00e9es r\u00e9sultant du t\u00e9l\u00e9chargement d\u2019un tel mat\u00e9riel.<\/p>\n<p>&nbsp;<\/p>\n<ol start=\"4\">\n<li><strong>Contenu\/Logiciel des Tiers.<\/strong><\/li>\n<\/ol>\n<p>Grafimedia n\u2019est aucunement responsable du contenu de tout site appartenant \u00e0 une tierce partie qui peut \u00eatre li\u00e9e au Site Web via le lien hypertexte, que tel lien soit fourni ou non par le Site Web ou par un tiers selon les Termes &amp; Conditions. Tout autre site web qui est li\u00e9 \u00e0 \u00a0notre Site Web ne constitue pas un endossement de cet autre site et aucun jugement ou garantie n\u2019est fait en ce qui concerne l\u2019exactitude, la rapidit\u00e9 d\u2019ex\u00e9cution ou la convenance du contenu de tout autre site auquel notre Site Web peut \u00eatre reli\u00e9, et nous n\u2019 assumons aucune responsabilit\u00e9 \u00e0 cet effet.<\/p>\n<p><strong>\u00a0<\/strong><\/p>\n<ol start=\"5\">\n<li><strong>Droits de Propri\u00e9t\u00e9 intellectuelle et Marques depos\u00e9es<\/strong><\/li>\n<\/ol>\n<p>Les droits de l\u2019 auteur et autres droits de propri\u00e9t\u00e9 intellectuelle du Contenu fourni par Grafimedia, ses soci\u00e9t\u00e9s affili\u00e9es, filiales, titulaires de licence de marque et\/ou autres partenaires, le logiciel \u00e0 utiliser et \u00e0 publier le Site Web, la compilation des donn\u00e9es sur le Site Web et l\u2019ordre, la sequence et l\u2019arrangement de ce Site Web, appartiennent tous \u00e0 Grafimedia, \u00e0 Spiros Kokkalis et \/ ou \u00e0 ses titulaires de licence de marque, autres partenaires ou conc\u00e9dants de licence. Tous les droits dans le Contenu non express\u00e9ment accord\u00e9s dans les presents termes et conditions sont r\u00e9serv\u00e9s. Grafimedia est une marque d\u00e9pos\u00e9e de Spiros Kokkalis.<\/p>\n<p><strong>\u00a0<\/strong>L\u2019utilisation et l\u2019enregistrement de la d\u00e9nomination de Grafimedia sont exclusivement r\u00e9serv\u00e9s \u00e0 notre soci\u00e9t\u00e9. Vous n\u2019\u00eates pas autoris\u00e9s \u00e0 enregistrer ni \u00e0 utiliser un nom de soci\u00e9t\u00e9, d\u00e9nomination, nom commercial, nom de domaine ou autre nom, indication ou description, dont fait partie le nom de Grafimedia, ou un nom similaire s\u2019y rapportant ou tout nom qui se compose d\u2019une partie du nom de Grafimedia, ni qui inclue toute autre marque d\u00e9pos\u00e9e d\u00e9tenue par Spiros Kokkalis.<\/p>\n<p>&nbsp;<\/p>\n<ol start=\"6\">\n<li><strong>Droits exclusifs sur le Site Web<\/strong><\/li>\n<\/ol>\n<p>Le present Site Web est public par nature et tous les renseignements y fournis sont r\u00e9put\u00e9s non confidentiels. Vous reconnaissez que toute soumission d\u2019 inventions incorpor\u00e9es dans tout contenu utilisateur fournie par vous constituent une \u00a0\u00ab publication \u00bb de cette invention en vertu des lois sur les brevets applicables.<\/p>\n<p>Vous reconnaissez que tout contenu utilisateur soumis et\/ou discut\u00e9 sur le Site Web peut faire l\u2019objet de brevets, copyrights, marques d\u00e9pos\u00e9es et autres droits de propri\u00e9t\u00e9 intellectuelle de Grafimedia, ses filiales, soci\u00e9t\u00e9s affili\u00e9es, titulaires de licence de marque, autres partenaires ou tiers. Si vous envisagez d\u2019exploiter toute id\u00e9e, proposition, suggestion, ou solution ou tout autre contenu utilisateur soumis au Site Web, il vous incombe d\u2019obtenir l\u2019autorisation appropri\u00e9e de propri\u00e9t\u00e9 intellectuelle avant d\u2019engager toute conduite d\u2019exploitation.<\/p>\n<p>&nbsp;<\/p>\n<ol start=\"7\">\n<li><strong>Fermeture du Site<\/strong><\/li>\n<\/ol>\n<p>Nous avons le seul droit de fermer le Site Web ou toute partie de celui-ci pour une raison quelconque en tout temps sans avis ou consentement. Nous n\u2019aurons aucune responsabilit\u00e9 ou obligation pour n\u2019 avoir pas stock\u00e9 ou pour avoir supprim\u00e9 tout contenu et\/ou le contenu de l\u2019utilisateur soumis au Site Web.<\/p>\n<p>&nbsp;<\/p>\n<ol start=\"8\">\n<li><strong>R\u00e8glement des diff\u00e9rends<\/strong><\/li>\n<\/ol>\n<p>Les pr\u00e9sents Termes &amp; Conditions seront r\u00e9gis par et interpr\u00e9t\u00e9s selon les lois de la Gr\u00e8ce et de l\u2019 Union Europ\u00e9enne. Vous consentez \u00e0 la juridiction non exclusive des tribunaux en Gr\u00e8ce pour tout litige, poursuite ou cause d\u2019action d\u00e9coulants de ou relatifs \u00e0 ou en relation avec les presents Termes &amp; Conditions ou votre utilisation de ce Site Web, y compris tout litige relatif \u00e0 l\u2019existence ou \u00e0 la validit\u00e9 de ces Termes &amp; Conditions, sous r\u00e9serve que vous vous engagez \u00e0 soumettre tout litige, r\u00e9clamation ou cause d\u2019action exclusivement aux tribunaux de la Gr\u00e8ce.<\/p>\n<p>Merci de rejoindre notre Site Web.<\/p>\n<p>&nbsp;<\/p>\n<p>Derni\u00e8re mise \u00e0 jour : Janvier 2018<\/p>\n<p>&nbsp;<\/p>\n","protected":false},"excerpt":{"rendered":"<p>Termes\u00a0&amp; Conditions Ce site Web (\u00ab Site Web \u00bb) vous est propos\u00e9 par Grafimedia.eu. (&#8220;Grafimedia&#8221;). Les Termes &amp; conditions suivants r\u00e9gissent l\u2019 acc\u00e8s et l\u2019 utilisation de ce Site Web. D\u2019 autres termes et conditions sp\u00e9cifiques peuvent \u00e9galement s\u2019 appliquer <a class=\"more-link\" href=\"https:\/\/grafimedia.eu\/fr\/terms-conditions\/\">Continue reading <span class=\"screen-reader-text\">  Terms &#038; Conditions<\/span><span class=\"meta-nav\">&rarr;<\/span><\/a><\/p>\n","protected":false},"author":10,"featured_media":273,"parent":0,"menu_order":0,"comment_status":"closed","ping_status":"closed","template":"page-disable-sidebar.php","meta":{"_exactmetrics_skip_tracking":false,"_exactmetrics_sitenote_active":false,"_exactmetrics_sitenote_note":"","_exactmetrics_sitenote_category":0,"footnotes":""},"class_list":["post-272","page","type-page","status-publish","has-post-thumbnail","hentry"],"_links":{"self":[{"href":"https:\/\/grafimedia.eu\/fr\/wp-json\/wp\/v2\/pages\/272"}],"collection":[{"href":"https:\/\/grafimedia.eu\/fr\/wp-json\/wp\/v2\/pages"}],"about":[{"href":"https:\/\/grafimedia.eu\/fr\/wp-json\/wp\/v2\/types\/page"}],"author":[{"embeddable":true,"href":"https:\/\/grafimedia.eu\/fr\/wp-json\/wp\/v2\/users\/10"}],"replies":[{"embeddable":true,"href":"https:\/\/grafimedia.eu\/fr\/wp-json\/wp\/v2\/comments?post=272"}],"version-history":[{"count":4,"href":"https:\/\/grafimedia.eu\/fr\/wp-json\/wp\/v2\/pages\/272\/revisions"}],"predecessor-version":[{"id":401,"href":"https:\/\/grafimedia.eu\/fr\/wp-json\/wp\/v2\/pages\/272\/revisions\/401"}],"wp:featuredmedia":[{"embeddable":true,"href":"https:\/\/grafimedia.eu\/fr\/wp-json\/wp\/v2\/media\/273"}],"wp:attachment":[{"href":"https:\/\/grafimedia.eu\/fr\/wp-json\/wp\/v2\/media?parent=272"}],"curies":[{"name":"wp","href":"https:\/\/api.w.org\/{rel}","templated":true}]}}