{"id":26,"date":"2016-02-10T17:38:10","date_gmt":"2016-02-10T17:38:10","guid":{"rendered":"http:\/\/grafimedia.eu\/fr\/?page_id=26"},"modified":"2016-08-30T15:41:12","modified_gmt":"2016-08-30T15:41:12","slug":"icon-emr","status":"publish","type":"page","link":"https:\/\/grafimedia.eu\/fr\/icon-emr\/","title":{"rendered":"icon EMR"},"content":{"rendered":"<h1>icon EMR<\/h1>\n<p><img loading=\"lazy\" decoding=\"async\" class=\"alignright size-full wp-image-324\" src=\"http:\/\/grafimedia.eu\/fr\/wp-content\/uploads\/sites\/8\/2016\/02\/Grafimedia-ICON-logo-square_9-small-e1472571603111.jpg\" alt=\"Grafimedia-ICON logo\" width=\"88\" height=\"88\" \/><\/p>\n<h2><strong>Un fichier m\u00e9dical \u00e9lectronique complet<\/strong><\/h2>\n<p>[metaslider id=425]<\/p>\n<p style=\"font-size: 15px;\"><strong>Icon EMR<\/strong> est un fichier m\u00e9dical \u00e9lectronique complet pour enregistrer tous les renseignements sur les patients et pour archiver, organiser et mettre \u00e0 jour les rendez-vous et les donn\u00e9es m\u00e9dicales num\u00e9riques<\/p>\n<p style=\"font-size: 15px;\">Enregistrement des informations d\u00e9mographiques de chaque patient.<br \/>\nEnregistrement des ant\u00e9c\u00e9dents m\u00e9dicaux individuels et familiaux, ainsi que d\u2019autres informations personnelles telles que habitudes, mode de vie, etc.<br \/>\nPossibilit\u00e9 d\u2019 ajouter des notes li\u00e9es au patient au format texte brut.<br \/>\nPlanification dynamique des rendez-vous des patients en fonction de la date.<br \/>\nIns\u00e9rtion dans chaque visite d\u2019 un dossier m\u00e9dical sous une forme famili\u00e9re \u00e0 l\u2019utilisateur.<br \/>\nEnregistrement des donn\u00e9es du patient sur les formulaires m\u00e9dicaux.<br \/>\nCr\u00e9ation facile d\u2019 un nouveau formulaire medical en utilisant des outils de formatage de texte utiles et conviviaux.<br \/>\nImpression des documents susmentionn\u00e9s avec le logo et les coordonn\u00e9es du cabinet m\u00e9dical, du centre diagnostique, de la clinique, de l\u2019 h\u00f4pital, etc.<br \/>\nPossibilit\u00e9 de rep\u00e9rer patients et rendez-vous<br \/>\nEnregistrement, organisation et mise \u00e0 jour des rendez-vous avec la possibilit\u00e9 de les traiter en masse sur une base quotidienne, hebdomadaire ou mensuelle.<\/p>\n<p>&nbsp;<\/p>\n<p>&nbsp;<\/p>\n<p>Voulez-vous rendre votre bureau plus vert ?\u00a0N\u2019 h\u00e9sitez pas \u00e0 jeter un coup d\u2019 oeil aux derni\u00e8res nouvelles sur les imprimantes Xerox dans la section <a href=\"http:\/\/grafimedia.eu\/blog\/make-office-greener-grafimedia\/\"><strong>News<\/strong><\/a>.<\/p>\n<hr \/>\n<p><a href=\"mailto:sales@grafimedia.eu?subject=icon emr_en\">Si vous \u00eates int\u00e9ress\u00e9s, demandez des informations suppl\u00e9mentaires<\/a><\/p>\n<p>&nbsp;<\/p>\n","protected":false},"excerpt":{"rendered":"<p>icon EMR Un fichier m\u00e9dical \u00e9lectronique complet [metaslider id=425] Icon EMR est un fichier m\u00e9dical \u00e9lectronique complet pour enregistrer tous les renseignements sur les patients et pour archiver, organiser et mettre \u00e0 jour les rendez-vous et les donn\u00e9es m\u00e9dicales num\u00e9riques <a class=\"more-link\" href=\"https:\/\/grafimedia.eu\/fr\/icon-emr\/\">Continue reading <span class=\"screen-reader-text\">  icon EMR<\/span><span class=\"meta-nav\">&rarr;<\/span><\/a><\/p>\n","protected":false},"author":1,"featured_media":181,"parent":0,"menu_order":0,"comment_status":"closed","ping_status":"closed","template":"page-disable-sidebar.php","meta":{"_exactmetrics_skip_tracking":false,"_exactmetrics_sitenote_active":false,"_exactmetrics_sitenote_note":"","_exactmetrics_sitenote_category":0,"footnotes":""},"class_list":["post-26","page","type-page","status-publish","has-post-thumbnail","hentry"],"_links":{"self":[{"href":"https:\/\/grafimedia.eu\/fr\/wp-json\/wp\/v2\/pages\/26"}],"collection":[{"href":"https:\/\/grafimedia.eu\/fr\/wp-json\/wp\/v2\/pages"}],"about":[{"href":"https:\/\/grafimedia.eu\/fr\/wp-json\/wp\/v2\/types\/page"}],"author":[{"embeddable":true,"href":"https:\/\/grafimedia.eu\/fr\/wp-json\/wp\/v2\/users\/1"}],"replies":[{"embeddable":true,"href":"https:\/\/grafimedia.eu\/fr\/wp-json\/wp\/v2\/comments?post=26"}],"version-history":[{"count":5,"href":"https:\/\/grafimedia.eu\/fr\/wp-json\/wp\/v2\/pages\/26\/revisions"}],"predecessor-version":[{"id":326,"href":"https:\/\/grafimedia.eu\/fr\/wp-json\/wp\/v2\/pages\/26\/revisions\/326"}],"wp:featuredmedia":[{"embeddable":true,"href":"https:\/\/grafimedia.eu\/fr\/wp-json\/wp\/v2\/media\/181"}],"wp:attachment":[{"href":"https:\/\/grafimedia.eu\/fr\/wp-json\/wp\/v2\/media?parent=26"}],"curies":[{"name":"wp","href":"https:\/\/api.w.org\/{rel}","templated":true}]}}