{"id":257,"date":"2016-08-23T07:58:07","date_gmt":"2016-08-23T07:58:07","guid":{"rendered":"http:\/\/grafimedia.eu\/fr\/?page_id=257"},"modified":"2016-08-29T11:46:49","modified_gmt":"2016-08-29T11:46:49","slug":"about-us","status":"publish","type":"page","link":"https:\/\/grafimedia.eu\/fr\/about-us\/","title":{"rendered":"About us"},"content":{"rendered":"<h1><strong>A\u00a0 PROPOS DE GRAFIMEDIA \u00a0\u00a0<\/strong><\/h1>\n<h2>La soci\u00e9t\u00e9 Grafimedia<\/h2>\n<p>&nbsp;<\/p>\n<p><em><strong>\u201cLa bonne information qui rejoint le m\u00e9decin facilement et au bon moment peut sauver des vies\u201d.<\/strong><\/em><\/p>\n<p>Grafimedia d\u00e9veloppe, installe et prend en charge des syst\u00e8mes num\u00e9riques d\u2019information m\u00e9dicale. On y peut acceder \u00e0 des renseignements cliniques disponibles en texte, voix, image ou vid\u00e9o. Les images cliniques g\u00e9n\u00e9r\u00e9es par les \u00e9quipements m\u00e9dicaux, par exemple un \u00e9chographe, scanner CT, MRI, colposcope, endoscope ou microscope sont transf\u00e9r\u00e9es sur un ordinateur, o\u00f9 elles sont int\u00e9gr\u00e9es avec les autres renseignements r\u00e9latifs dans le dossier patients \u00e9lectronique.<\/p>\n<p><strong>GRAFIMEDIA SANT\u00c9\u00a0 INFORMATION TECHNOLOGIE<\/strong><\/p>\n<p><em><strong>&#8220;Donn\u00e9es m\u00e9dicales \u00e0 la course&#8221;<\/strong><\/em><\/p>\n<figure id=\"attachment_261\" aria-describedby=\"caption-attachment-261\" style=\"width: 1024px\" class=\"wp-caption aligncenter\"><a href=\" http:\/\/grafimedia.eu\/fr\/about-us\/\"><img loading=\"lazy\" decoding=\"async\" class=\"wp-image-261 size-large\" src=\"http:\/\/grafimedia.eu\/fr\/wp-content\/uploads\/sites\/8\/2016\/08\/Grafimedia-develops-installs-and-supports-digital-medical-information-systems.-1024x481.jpg\" alt=\"GRAFIMEDIA SANT\u00c9 INFORMATION TECHNOLOGIE &quot;Donn\u00e9es m\u00e9dicales \u00e0 la course&quot;\" width=\"1024\" height=\"481\" srcset=\"https:\/\/grafimedia.eu\/fr\/wp-content\/uploads\/sites\/8\/2016\/08\/Grafimedia-develops-installs-and-supports-digital-medical-information-systems.-1024x481.jpg 1024w, https:\/\/grafimedia.eu\/fr\/wp-content\/uploads\/sites\/8\/2016\/08\/Grafimedia-develops-installs-and-supports-digital-medical-information-systems.-300x141.jpg 300w, https:\/\/grafimedia.eu\/fr\/wp-content\/uploads\/sites\/8\/2016\/08\/Grafimedia-develops-installs-and-supports-digital-medical-information-systems.-768x361.jpg 768w, https:\/\/grafimedia.eu\/fr\/wp-content\/uploads\/sites\/8\/2016\/08\/Grafimedia-develops-installs-and-supports-digital-medical-information-systems..jpg 1028w\" sizes=\"(max-width: 1024px) 100vw, 1024px\" \/><\/a><figcaption id=\"caption-attachment-261\" class=\"wp-caption-text\">GRAFIMEDIA SANT\u00c9 INFORMATION TECHNOLOGIE \u00a0&#8220;Donn\u00e9es m\u00e9dicales \u00e0 la course&#8221;<\/figcaption><\/figure>\n<p>&nbsp;<\/p>\n<p>&nbsp;<\/p>\n<p>Ce fichier multim\u00e9dia peut ensuite \u00eatre mis \u00e0 disposition, via un r\u00e9seau local (LAN) ou un r\u00e9seau \u00e9tendu (WAN) partout o\u00f9 il faut. Lorsqu\u2019il n\u2019y a aucune possibilit\u00e9 de transferer les informations num\u00e9riques via le r\u00e9seau, elles peuvent \u00eatre enregistr\u00e9es sur un CD-ROM ou un DVD et puis livr\u00e9es physiquement. Bien que Grafimedia soit ax\u00e9e sur l\u2019information clinique num\u00e9rique, au cas o\u00f9 il devrait y avoir besoin de copie-papier, peut-\u00eatre \u00e0 des fins de documentation, nous offrons la solution de l\u2019impression sur du papier ordinaire A4.<\/p>\n<p>&nbsp;<\/p>\n<p>Nos experts en informatique \u00e9valueront les besoins pr\u00e9cis des clients afin de recommander une solution int\u00e9grale qui correspondrait le mieux au budget du cabinet priv\u00e9, centre de diagnostic, clinique ou h\u00f4pital. Ils peuvent recommander des syst\u00e8mes d\u00e9velopp\u00e9s en interne, ou ils peuvent conseiller des produits de haute qualit\u00e9 de fabricants tiers bien connus de partout dans le monde. Un examen minutieux des donn\u00e9es financi\u00e8res et techniques, coupl\u00e9 \u00e0 une analyse approfondie de vos besoins, permet \u00e0 nos experts en informatique de proposer la solution avec le rapport co\u00fbt\/b\u00e9n\u00e9fice le plus favorable.<\/p>\n<p>&nbsp;<\/p>\n<p>D\u00e9partements : <a href=\"mailto:sales@grafimedia.eu\">Service des ventes<\/a>, <a href=\"mailto:support@grafimedia.eu\">Service d\u2019assistance<\/a>, <a href=\"mailto:development@grafimedia.eu\">D\u00e9partement du d\u00e9veloppement<\/a>, <a href=\"mailto:marketing@grafimedia.eu\">D\u00e9partement de marketing<\/a><\/p>\n<p>Sp\u00e9cialit\u00e9s : Technologies de l\u2019Information de sant\u00e9, <a href=\"http:\/\/grafimedia.eu\/blog\/picture-archiving-communication-system-pacs\/\">PACS<\/a>, <a href=\"http:\/\/grafimedia.eu\/blog\/dicom-digital-imaging-communications-medicine\/\">DICOM<\/a>, <a href=\"http:\/\/grafimedia.eu\/blog\/icon-integrated-health-information-technology-service\/\">ICON<\/a>, <a href=\"http:\/\/grafimedia.eu\/blog\/what-is-ehealth\/\">eHealth<\/a><\/p>\n<p>Fondation : 1994<\/p>\n","protected":false},"excerpt":{"rendered":"<p>A\u00a0 PROPOS DE GRAFIMEDIA \u00a0\u00a0 La soci\u00e9t\u00e9 Grafimedia &nbsp; \u201cLa bonne information qui rejoint le m\u00e9decin facilement et au bon moment peut sauver des vies\u201d. Grafimedia d\u00e9veloppe, installe et prend en charge des syst\u00e8mes num\u00e9riques d\u2019information m\u00e9dicale. On y peut <a class=\"more-link\" href=\"https:\/\/grafimedia.eu\/fr\/about-us\/\">Continue reading <span class=\"screen-reader-text\">  About us<\/span><span class=\"meta-nav\">&rarr;<\/span><\/a><\/p>\n","protected":false},"author":10,"featured_media":261,"parent":0,"menu_order":0,"comment_status":"closed","ping_status":"closed","template":"page-disable-sidebar.php","meta":{"_exactmetrics_skip_tracking":false,"_exactmetrics_sitenote_active":false,"_exactmetrics_sitenote_note":"","_exactmetrics_sitenote_category":0,"footnotes":""},"class_list":["post-257","page","type-page","status-publish","has-post-thumbnail","hentry"],"_links":{"self":[{"href":"https:\/\/grafimedia.eu\/fr\/wp-json\/wp\/v2\/pages\/257"}],"collection":[{"href":"https:\/\/grafimedia.eu\/fr\/wp-json\/wp\/v2\/pages"}],"about":[{"href":"https:\/\/grafimedia.eu\/fr\/wp-json\/wp\/v2\/types\/page"}],"author":[{"embeddable":true,"href":"https:\/\/grafimedia.eu\/fr\/wp-json\/wp\/v2\/users\/10"}],"replies":[{"embeddable":true,"href":"https:\/\/grafimedia.eu\/fr\/wp-json\/wp\/v2\/comments?post=257"}],"version-history":[{"count":5,"href":"https:\/\/grafimedia.eu\/fr\/wp-json\/wp\/v2\/pages\/257\/revisions"}],"predecessor-version":[{"id":294,"href":"https:\/\/grafimedia.eu\/fr\/wp-json\/wp\/v2\/pages\/257\/revisions\/294"}],"wp:featuredmedia":[{"embeddable":true,"href":"https:\/\/grafimedia.eu\/fr\/wp-json\/wp\/v2\/media\/261"}],"wp:attachment":[{"href":"https:\/\/grafimedia.eu\/fr\/wp-json\/wp\/v2\/media?parent=257"}],"curies":[{"name":"wp","href":"https:\/\/api.w.org\/{rel}","templated":true}]}}