{"id":24,"date":"2016-02-10T17:32:17","date_gmt":"2016-02-10T17:32:17","guid":{"rendered":"http:\/\/grafimedia.eu\/fr\/?page_id=24"},"modified":"2016-08-30T15:43:37","modified_gmt":"2016-08-30T15:43:37","slug":"icon-dicom-record","status":"publish","type":"page","link":"https:\/\/grafimedia.eu\/fr\/icon-dicom-record\/","title":{"rendered":"icon DICOM Record"},"content":{"rendered":"<h1>icon DICOM Record<img loading=\"lazy\" decoding=\"async\" class=\"alignright size-full wp-image-324\" src=\"http:\/\/grafimedia.eu\/fr\/wp-content\/uploads\/sites\/8\/2016\/02\/Grafimedia-ICON-logo-square_9-small-e1472571603111.jpg\" alt=\"Grafimedia-ICON logo\" width=\"88\" height=\"88\" \/><\/h1>\n<p>[metaslider id=178]<\/p>\n<p style=\"font-size: 15px;\"><strong>icon DICOM Record:\u00a0<\/strong>Ce syst\u00e8me recommand\u00e9 comprend logiciel de dossier icon <a href=\"http:\/\/grafimedia.eu\/blog\/dicom-digital-imaging-communications-medicine\/\"><strong>DICOM<\/strong><\/a> et enregistreur robotique PRIMERA DISC PUBLISHER 4102.<br \/>\nPossibilit\u00e9 de graver automatiquement les images m\u00e9dicales sur des supports de stockage num\u00e9riques (tels que les CD et DVD) et sur la surface des medias, imprimant les informations du patient ainsi que le logo et les coordonn\u00e9es de l\u2019\u00e9tablissement de sant\u00e9.<br \/>\nCompatibilit\u00e9 avec tout dispositif m\u00e9dical utilisant le protocole DICOM.<br \/>\nDisques d\u2019enregistrement d\u2019 examen unique ou d\u2019 examens multiples.<br \/>\nInt\u00e9gration d\u2019une visionneuse d\u2019images DICOM sophistiqu\u00e9e lorsque l\u2019examen est enregistr\u00e9 (possibilit\u00e9 de remplacement accord\u00e9e).<br \/>\nS\u00e9lection automatique des m\u00e9dias appropri\u00e9s de stockage num\u00e9rique (CD ou DVD) selon la taille de l\u2019examen.<br \/>\nImprimer une \u00e9tiquette enti\u00e8rement configurable sur les m\u00e9dias, avec la possibilit\u00e9 de remplacer automatiquement tous les champs DICOM.<br \/>\nFacile \u00e0 utiliser.<br \/>\nInterface qui permet la navigation et la r\u00e9\u00e9criture des examens stock\u00e9es. Enregistrement m\u00e9dias interactifs (CD ou DVD) \u00a0utilisant les moyens d\u2019 enregistrement de l\u2019ordinateur local.<br \/>\nPossibilit\u00e9 de copier les examens sur une m\u00e9moire flash USB ainsi que sur la visionneuse DICOM.<\/p>\n<p style=\"font-size: 15px;\"><strong>Caract\u00e9ristiques techniques de l\u2019 \u00e9diteur de disques PRIMERA DISC PUBLISHER 4102 \u00a0<\/strong><br \/>\nCapacit\u00e9 de disque : 100 disques.<br \/>\nRobotique : Haut-d\u00e9bit par courroie.<br \/>\nNombre de disques : deux lecteurs CD\/DVD enregistrables.<br \/>\nLecteur DVD\u00b1R\/CDR \u00e0 grande vitesse.<br \/>\nImprimante pour etiquettes int\u00e9gr\u00e9e disque de haute r\u00e9solution 4800 ppp.<br \/>\nGrande capacit\u00e9 des cartouches s\u00e9par\u00e9es pour le Cyan, Magenta, jaune et noir (CMJN).<\/p>\n<p style=\"font-size: 15px;\"><strong>Alerte de niveau d\u2019 encre bas.\u00a0<\/strong>Il calcule le nombre r\u00e9el d\u2019impressions restantes bas\u00e9 sur la consommation d\u2019encre pour les graphiques imprim\u00e9es (en instance de brevet).<br \/>\nSyst\u00e8mes d\u2019exploitation : Windows XP\/Vista\/7.<br \/>\nCertifications : UL, UL-C, CE, FCC classe A, RoHS, WEEE.<br \/>\nDimensions : 452 mm W x 279 mm H x 445 mm D.<br \/>\nPuissance absorb\u00e9e : auto-commutation universelle 100-240 VCA, 50\/60 Hz, 5.0A.<br \/>\nPoids 11,8 kg.<\/p>\n<p><a href=\"http:\/\/grafimedia.eu\/fr\/icon-dicom-record\/\"><img loading=\"lazy\" decoding=\"async\" class=\"aligncenter wp-image-186 size-large\" src=\"http:\/\/grafimedia.eu\/fr\/wp-content\/uploads\/sites\/8\/2016\/02\/Icon-DICOM-Record.-Compatibilit\u00e9-avec-tout-dispositif-m\u00e9dical-utilisant-le-protocole-DICOM.-Disques-d\u2019enregistrement-d\u2019-examen-unique-ou-d\u2019-examens-multiples.-1024x474.jpg\" alt=\"Icon DICOM Record. Compatibilit\u00e9 avec tout dispositif m\u00e9dical utilisant le protocole DICOM. Disques d\u2019enregistrement d\u2019 examen unique ou d\u2019 examens multiples\" width=\"1024\" height=\"474\" srcset=\"https:\/\/grafimedia.eu\/fr\/wp-content\/uploads\/sites\/8\/2016\/02\/Icon-DICOM-Record.-Compatibilit\u00e9-avec-tout-dispositif-m\u00e9dical-utilisant-le-protocole-DICOM.-Disques-d\u2019enregistrement-d\u2019-examen-unique-ou-d\u2019-examens-multiples.-1024x474.jpg 1024w, https:\/\/grafimedia.eu\/fr\/wp-content\/uploads\/sites\/8\/2016\/02\/Icon-DICOM-Record.-Compatibilit\u00e9-avec-tout-dispositif-m\u00e9dical-utilisant-le-protocole-DICOM.-Disques-d\u2019enregistrement-d\u2019-examen-unique-ou-d\u2019-examens-multiples.-300x139.jpg 300w, https:\/\/grafimedia.eu\/fr\/wp-content\/uploads\/sites\/8\/2016\/02\/Icon-DICOM-Record.-Compatibilit\u00e9-avec-tout-dispositif-m\u00e9dical-utilisant-le-protocole-DICOM.-Disques-d\u2019enregistrement-d\u2019-examen-unique-ou-d\u2019-examens-multiples.-768x355.jpg 768w, https:\/\/grafimedia.eu\/fr\/wp-content\/uploads\/sites\/8\/2016\/02\/Icon-DICOM-Record.-Compatibilit\u00e9-avec-tout-dispositif-m\u00e9dical-utilisant-le-protocole-DICOM.-Disques-d\u2019enregistrement-d\u2019-examen-unique-ou-d\u2019-examens-multiples..jpg 1050w\" sizes=\"(max-width: 1024px) 100vw, 1024px\" \/><\/a><\/p>\n<p>&nbsp;<\/p>\n<p>&nbsp;<\/p>\n<p>&nbsp;<\/p>\n<hr \/>\n<p><a href=\"mailto:sales@grafimedia.eu?subject=icon dicom record_en\">Si vous \u00eates int\u00e9ress\u00e9s, demandez des informations suppl\u00e9mentaires<\/a><\/p>\n<p>&nbsp;<\/p>\n","protected":false},"excerpt":{"rendered":"<p>icon DICOM Record [metaslider id=178] icon DICOM Record:\u00a0Ce syst\u00e8me recommand\u00e9 comprend logiciel de dossier icon DICOM et enregistreur robotique PRIMERA DISC PUBLISHER 4102. Possibilit\u00e9 de graver automatiquement les images m\u00e9dicales sur des supports de stockage num\u00e9riques (tels que les CD <a class=\"more-link\" href=\"https:\/\/grafimedia.eu\/fr\/icon-dicom-record\/\">Continue reading <span class=\"screen-reader-text\">  icon DICOM Record<\/span><span class=\"meta-nav\">&rarr;<\/span><\/a><\/p>\n","protected":false},"author":1,"featured_media":186,"parent":0,"menu_order":0,"comment_status":"closed","ping_status":"closed","template":"page-disable-sidebar.php","meta":{"_exactmetrics_skip_tracking":false,"_exactmetrics_sitenote_active":false,"_exactmetrics_sitenote_note":"","_exactmetrics_sitenote_category":0,"footnotes":""},"class_list":["post-24","page","type-page","status-publish","has-post-thumbnail","hentry"],"_links":{"self":[{"href":"https:\/\/grafimedia.eu\/fr\/wp-json\/wp\/v2\/pages\/24"}],"collection":[{"href":"https:\/\/grafimedia.eu\/fr\/wp-json\/wp\/v2\/pages"}],"about":[{"href":"https:\/\/grafimedia.eu\/fr\/wp-json\/wp\/v2\/types\/page"}],"author":[{"embeddable":true,"href":"https:\/\/grafimedia.eu\/fr\/wp-json\/wp\/v2\/users\/1"}],"replies":[{"embeddable":true,"href":"https:\/\/grafimedia.eu\/fr\/wp-json\/wp\/v2\/comments?post=24"}],"version-history":[{"count":5,"href":"https:\/\/grafimedia.eu\/fr\/wp-json\/wp\/v2\/pages\/24\/revisions"}],"predecessor-version":[{"id":329,"href":"https:\/\/grafimedia.eu\/fr\/wp-json\/wp\/v2\/pages\/24\/revisions\/329"}],"wp:featuredmedia":[{"embeddable":true,"href":"https:\/\/grafimedia.eu\/fr\/wp-json\/wp\/v2\/media\/186"}],"wp:attachment":[{"href":"https:\/\/grafimedia.eu\/fr\/wp-json\/wp\/v2\/media?parent=24"}],"curies":[{"name":"wp","href":"https:\/\/api.w.org\/{rel}","templated":true}]}}