{"id":22,"date":"2016-02-10T17:26:16","date_gmt":"2016-02-10T17:26:16","guid":{"rendered":"http:\/\/grafimedia.eu\/fr\/?page_id=22"},"modified":"2016-08-30T15:42:51","modified_gmt":"2016-08-30T15:42:51","slug":"icon-dicom-print","status":"publish","type":"page","link":"https:\/\/grafimedia.eu\/fr\/icon-dicom-print\/","title":{"rendered":"icon DICOM Print"},"content":{"rendered":"<h1>icon DICOM Print<\/h1>\n<p><span style=\"font-size: 15px;\">\u00a0<img loading=\"lazy\" decoding=\"async\" class=\"alignright size-full wp-image-324\" src=\"http:\/\/grafimedia.eu\/fr\/wp-content\/uploads\/sites\/8\/2016\/02\/Grafimedia-ICON-logo-square_9-small-e1472571603111.jpg\" alt=\"Grafimedia-ICON logo\" width=\"88\" height=\"88\" \/><\/span><\/p>\n<p>[metaslider id=179]<\/p>\n<p style=\"font-size: 15px;\">Le syst\u00e8me recommand\u00e9 consiste en logiciel icon DICOM Print avec imprimante multifonction Xerox WorkCentre\u00ae 7830VT A3 couleur.<br \/>\nImpression automatique des images m\u00e9dicales sur papier libre de format A4 ou A3. Connexion d\u2019un nombre illimit\u00e9 de postes de travail diagnostiques ou de mat\u00e9riel m\u00e9dical.<br \/>\nConnecting an unlimited number of medical equipment or diagnostic workstations.<br \/>\nMultiples options d\u2019impression.<br \/>\nS\u00e9lecteur de Cam\u00e9ra Laser.<br \/>\nParam\u00e8tres distincts pour des sources multiples.<br \/>\nConnexion logiciel icon DICOM Print \u00e0 une ou plusieurs imprimantes.<br \/>\nLes dispositifs m\u00e9dicaux doivent prendre en charge DICOM print comme SCU (Service Class User).<\/p>\n<p style=\"font-size: 15px;\"><strong>Le choix de XEROX MFP (imprimante multifunction) est fait suite \u00e0 un examen approfondi de nombreux et diff\u00e9rents imprimantes et fabricants fond\u00e9 sur:<\/strong><br \/>\nLa r\u00e9solution de l\u2019impression afin de livrer des niveaux gris de la meilleure fa\u00e7on possible.<br \/>\nTemps d\u2019 Impression de la premi\u00e8re page.<br \/>\nFiabilit\u00e9.<br \/>\nSoutient technique.<\/p>\n<blockquote>\n<p style=\"font-size: 15px;\"><strong>Les r\u00e9sultats de ces examens montrent que cette imprimante multifonction XEROX sp\u00e9cifique d\u00e9passe de loin les exigences dans tous les quatre des sudits domaines par rapport aux imprimantes multifonction des autres fabricants.<\/strong><\/p>\n<\/blockquote>\n<p style=\"font-size: 15px;\"><strong>Caract\u00e9ristiques techniques de XEROX 7830VT <\/strong><br \/>\nPhotocopie, impression, Scanner, Email<br \/>\nCadence de copie : jusqu\u2019 \u00e0 30 ppm couleur et noir et blanc.<br \/>\nResolution d\u2019 impression maximale : 1200 x 2400 ppp<br \/>\nTemps d\u2019 impression de la premi\u00e8re page (aussi rapide que) : couleur 9 secondes \/ noir et blanc 7.7 secondes<br \/>\nConnectivit\u00e9 : 10\/100\/1000Base-T Ethernet, USB \u00e0 grande vitesse impression directe 2.0.<br \/>\nProcesseur double Coeur 1.2 GHz<br \/>\nM\u00e9moire standard : syst\u00e8me 2 GB plus page m\u00e9moire de 1 GB<br \/>\nCopies automatiques de reproduction num\u00e9rique recto-verso<br \/>\nDisque dur 160GB<br \/>\nAdobe PostScript\u00ae 3\u2122, PCL\u00ae 5c, PCL\u00ae 6, PDF (facultatif: XPS)<br \/>\nAlimentation papier: Alimentateur de documents automatique Duplex : 110 feuilles.<br \/>\nCharge de travail jusqu\u2019 \u00e0 90.000 pages\/mois.<\/p>\n<p>&nbsp;<\/p>\n<p><strong>\u00a0<\/strong><\/p>\n<h1>icon DICOM<\/h1>\n<p>Il peut envoyer les images captur\u00e9es par l\u2019 imprimante icon au syst\u00e8me PACS, en les convertissant tout d\u2019abord en format DICOM afin qu\u2019 elles puissent \u00eatre reconnues. Chercher et r\u00e9cup\u00e9rer les donn\u00e9es du patient du syst\u00e8me PACS simplement en tapant leur code.\u00a0Cr\u00e9er un nouvel identifiant bas\u00e9 sur l\u2019information du patient si le patient n\u2019a aucun code.\u00a0Convertir les s\u00e9ries d\u2019images en format icon DICOM et les envoyer vers le syst\u00e8me PACS simplement en appuyant sur le bouton \u00ab envoyer \u00bb (apr\u00e8s que l\u2019 identifiant du patient a \u00e9t\u00e9 trouv\u00e9 ou cr\u00e9\u00e9).<\/p>\n<p><img loading=\"lazy\" decoding=\"async\" class=\"aligncenter wp-image-171 size-large\" src=\"http:\/\/grafimedia.eu\/fr\/wp-content\/uploads\/sites\/8\/2016\/02\/Convertir-les-s\u00e9ries-d\u2019images-en-format-DICOM-et-les-envoyer-vers-le-syst\u00e8me-PACS-simplement-en-appuyant-sur-le-bouton-\u00ab-envoyer-\u00bb-1024x532.jpg\" alt=\"Convertir les s\u00e9ries d\u2019images en format icon DICOM et les envoyer vers le syst\u00e8me PACS simplement en appuyant sur le bouton \u00ab envoyer \u00bb\" width=\"1024\" height=\"532\" \/><\/p>\n<hr \/>\n<p style=\"text-align: left;\"><strong><a href=\"mailto:sales@grafimedia.eu?subject=icon DICOM Print\">Si vous \u00eates int\u00e9ress\u00e9s, demandez des informations suppl\u00e9mentaires<\/a><\/strong><\/p>\n<p><img loading=\"lazy\" decoding=\"async\" src=\"http:\/\/grafimedia.eu\/wp-content\/uploads\/2016\/02\/xerox_logo_2008_trans-white-bg-300x80.png\" alt=\"xerox_logo_2008_trans white-bg\" width=\"142\" height=\"80\" align=\"left\" \/><\/p>\n","protected":false},"excerpt":{"rendered":"<p>icon DICOM Print \u00a0 [metaslider id=179] Le syst\u00e8me recommand\u00e9 consiste en logiciel icon DICOM Print avec imprimante multifonction Xerox WorkCentre\u00ae 7830VT A3 couleur. Impression automatique des images m\u00e9dicales sur papier libre de format A4 ou A3. Connexion d\u2019un nombre illimit\u00e9 <a class=\"more-link\" href=\"https:\/\/grafimedia.eu\/fr\/icon-dicom-print\/\">Continue reading <span class=\"screen-reader-text\">  icon DICOM Print<\/span><span class=\"meta-nav\">&rarr;<\/span><\/a><\/p>\n","protected":false},"author":1,"featured_media":176,"parent":0,"menu_order":0,"comment_status":"closed","ping_status":"closed","template":"page-disable-sidebar.php","meta":{"_exactmetrics_skip_tracking":false,"_exactmetrics_sitenote_active":false,"_exactmetrics_sitenote_note":"","_exactmetrics_sitenote_category":0,"footnotes":""},"class_list":["post-22","page","type-page","status-publish","has-post-thumbnail","hentry"],"_links":{"self":[{"href":"https:\/\/grafimedia.eu\/fr\/wp-json\/wp\/v2\/pages\/22"}],"collection":[{"href":"https:\/\/grafimedia.eu\/fr\/wp-json\/wp\/v2\/pages"}],"about":[{"href":"https:\/\/grafimedia.eu\/fr\/wp-json\/wp\/v2\/types\/page"}],"author":[{"embeddable":true,"href":"https:\/\/grafimedia.eu\/fr\/wp-json\/wp\/v2\/users\/1"}],"replies":[{"embeddable":true,"href":"https:\/\/grafimedia.eu\/fr\/wp-json\/wp\/v2\/comments?post=22"}],"version-history":[{"count":5,"href":"https:\/\/grafimedia.eu\/fr\/wp-json\/wp\/v2\/pages\/22\/revisions"}],"predecessor-version":[{"id":328,"href":"https:\/\/grafimedia.eu\/fr\/wp-json\/wp\/v2\/pages\/22\/revisions\/328"}],"wp:featuredmedia":[{"embeddable":true,"href":"https:\/\/grafimedia.eu\/fr\/wp-json\/wp\/v2\/media\/176"}],"wp:attachment":[{"href":"https:\/\/grafimedia.eu\/fr\/wp-json\/wp\/v2\/media?parent=22"}],"curies":[{"name":"wp","href":"https:\/\/api.w.org\/{rel}","templated":true}]}}