{"id":20,"date":"2016-02-10T17:24:42","date_gmt":"2016-02-10T17:24:42","guid":{"rendered":"http:\/\/grafimedia.eu\/fr\/?page_id=20"},"modified":"2016-08-30T15:41:57","modified_gmt":"2016-08-30T15:41:57","slug":"icon-dicom","status":"publish","type":"page","link":"https:\/\/grafimedia.eu\/fr\/icon-dicom\/","title":{"rendered":"icon dicom"},"content":{"rendered":"<h1>icon DICOM<img loading=\"lazy\" decoding=\"async\" class=\"alignright size-full wp-image-324\" src=\"http:\/\/grafimedia.eu\/fr\/wp-content\/uploads\/sites\/8\/2016\/02\/Grafimedia-ICON-logo-square_9-small-e1472571603111.jpg\" alt=\"Grafimedia-ICON logo\" width=\"88\" height=\"88\" \/><\/h1>\n<p>Il peut envoyer les images captur\u00e9es par l\u2019 imprimante icon au syst\u00e8me PACS, en les convertissant tout d\u2019abord en format DICOM afin qu\u2019 elles puissent \u00eatre reconnues. Chercher et r\u00e9cup\u00e9rer les donn\u00e9es du patient du syst\u00e8me PACS simplement en tapant leur code.\u00a0Cr\u00e9er un nouvel identifiant bas\u00e9 sur l\u2019information du patient si le patient n\u2019a aucun code.\u00a0Convertir les s\u00e9ries d\u2019images en format icon DICOM et les envoyer vers le syst\u00e8me PACS simplement en appuyant sur le bouton \u00ab envoyer \u00bb (apr\u00e8s que l\u2019 identifiant du patient a \u00e9t\u00e9 trouv\u00e9 ou cr\u00e9\u00e9).<\/p>\n<p><a href=\"http:\/\/grafimedia.eu\/fr\/icon-dicom\/\"><img loading=\"lazy\" decoding=\"async\" class=\"aligncenter wp-image-171\" src=\"http:\/\/grafimedia.eu\/fr\/wp-content\/uploads\/sites\/8\/2016\/02\/Convertir-les-s\u00e9ries-d\u2019images-en-format-DICOM-et-les-envoyer-vers-le-syst\u00e8me-PACS-simplement-en-appuyant-sur-le-bouton-\u00ab-envoyer-\u00bb-1024x532.jpg\" alt=\"Convertir les s\u00e9ries d\u2019images en format icon DICOM et les envoyer vers le syst\u00e8me PACS simplement en appuyant sur le bouton \u00ab envoyer \u00bb\" width=\"1000\" height=\"520\" \/><\/a><\/p>\n<hr \/>\n<p><a href=\"mailto:sales@grafimedia.eu?subject=icon dicom record_en\">Interested? Ask for more information.<\/a><\/p>\n<p>&nbsp;<\/p>\n","protected":false},"excerpt":{"rendered":"<p>icon DICOM Il peut envoyer les images captur\u00e9es par l\u2019 imprimante icon au syst\u00e8me PACS, en les convertissant tout d\u2019abord en format DICOM afin qu\u2019 elles puissent \u00eatre reconnues. Chercher et r\u00e9cup\u00e9rer les donn\u00e9es du patient du syst\u00e8me PACS simplement <a class=\"more-link\" href=\"https:\/\/grafimedia.eu\/fr\/icon-dicom\/\">Continue reading <span class=\"screen-reader-text\">  icon dicom<\/span><span class=\"meta-nav\">&rarr;<\/span><\/a><\/p>\n","protected":false},"author":1,"featured_media":171,"parent":0,"menu_order":0,"comment_status":"closed","ping_status":"closed","template":"page-disable-sidebar.php","meta":{"_exactmetrics_skip_tracking":false,"_exactmetrics_sitenote_active":false,"_exactmetrics_sitenote_note":"","_exactmetrics_sitenote_category":0,"footnotes":""},"class_list":["post-20","page","type-page","status-publish","has-post-thumbnail","hentry"],"_links":{"self":[{"href":"https:\/\/grafimedia.eu\/fr\/wp-json\/wp\/v2\/pages\/20"}],"collection":[{"href":"https:\/\/grafimedia.eu\/fr\/wp-json\/wp\/v2\/pages"}],"about":[{"href":"https:\/\/grafimedia.eu\/fr\/wp-json\/wp\/v2\/types\/page"}],"author":[{"embeddable":true,"href":"https:\/\/grafimedia.eu\/fr\/wp-json\/wp\/v2\/users\/1"}],"replies":[{"embeddable":true,"href":"https:\/\/grafimedia.eu\/fr\/wp-json\/wp\/v2\/comments?post=20"}],"version-history":[{"count":5,"href":"https:\/\/grafimedia.eu\/fr\/wp-json\/wp\/v2\/pages\/20\/revisions"}],"predecessor-version":[{"id":327,"href":"https:\/\/grafimedia.eu\/fr\/wp-json\/wp\/v2\/pages\/20\/revisions\/327"}],"wp:featuredmedia":[{"embeddable":true,"href":"https:\/\/grafimedia.eu\/fr\/wp-json\/wp\/v2\/media\/171"}],"wp:attachment":[{"href":"https:\/\/grafimedia.eu\/fr\/wp-json\/wp\/v2\/media?parent=20"}],"curies":[{"name":"wp","href":"https:\/\/api.w.org\/{rel}","templated":true}]}}