{"id":18,"date":"2016-02-10T17:21:35","date_gmt":"2016-02-10T17:21:35","guid":{"rendered":"http:\/\/grafimedia.eu\/fr\/?page_id=18"},"modified":"2016-08-30T15:46:26","modified_gmt":"2016-08-30T15:46:26","slug":"icon-bytes-his","status":"publish","type":"page","link":"https:\/\/grafimedia.eu\/fr\/icon-bytes-his\/","title":{"rendered":"icon &#038; bytes HIS"},"content":{"rendered":"<h1>icon &amp; bytes HIS<img loading=\"lazy\" decoding=\"async\" class=\"alignright size-full wp-image-324\" src=\"http:\/\/grafimedia.eu\/fr\/wp-content\/uploads\/sites\/8\/2016\/02\/Grafimedia-ICON-logo-square_9-small-e1472571603111.jpg\" alt=\"Grafimedia-ICON logo\" width=\"88\" height=\"88\" \/><\/h1>\n<p style=\"font-size: 15px;\"><strong>icon &amp; bytes HIS\u00a0est un syst\u00e8me complet \u2013 de la r\u00e9servation d\u2019un rendez-vous \u00e0 l\u2019 \u00e9mission d\u2019une facture \u2013 qui peut se d\u00e9velopper et s\u2019 adapter \u00e0 l\u2019\u00e9volution de vos besoins.\u00a0<\/strong><\/p>\n<p style=\"font-size: 15px;\"><strong>Rendez-vous m\u00e9dicaux<\/strong><br \/>\nPlanification des rendez-vous par d\u00e9partement, par p\u00e9riode de temps ou par m\u00e9decin.<br \/>\nEx\u00e9cution et ach\u00e8vement des rendez-vous, mise en place des visites m\u00e9dicales<\/p>\n<p style=\"font-size: 15px;\"><strong>Visites m\u00e9dicales<\/strong><br \/>\nInformations d\u00e9mographiques d\u00e9taill\u00e9es.<br \/>\nFrais d\u2019examen.<br \/>\nM\u00e9dication.<br \/>\nFichiers et Dossiers pour g\u00e9rer la m\u00e9dication, les examens de sant\u00e9, les informations sur les patients, l\u2019 Assurance-maladie.<br \/>\nImpression de documents autorisant la collection des resultats des examens de sant\u00e9<\/p>\n<p style=\"font-size: 15px;\"><strong>Dossiers m\u00e9dicaux des patients\u00a0<\/strong><br \/>\nInformation m\u00e9dicale de base.<br \/>\nAnt\u00e9c\u00e9dents m\u00e9dicaux.<br \/>\nInscription et enregistrement manuels (ou automatiques si on dispose de icon LIS) des r\u00e9sultats des examens m\u00e9dicaux .<br \/>\nTexte libre pour chaque visite \u2013\u00a0 avis m\u00e9dical.<br \/>\nVisualisation de l\u2019 image d\u2019impression ICON.<br \/>\nM\u00e9dication par visite.<br \/>\nImpression d\u2019images bas\u00e9e sur le mod\u00e8le par d\u00e9faut.<\/p>\n<p><a href=\"http:\/\/grafimedia.eu\/fr\/icon-bytes-his\/\"><img loading=\"lazy\" decoding=\"async\" class=\"aligncenter wp-image-197 size-full\" src=\"http:\/\/grafimedia.eu\/fr\/wp-content\/uploads\/sites\/8\/2016\/02\/icon-bytes-HIS-est-un-syst\u00e8me-complet-\u2013-de-la-r\u00e9servation-d\u2019un-rendez-vous-\u00e0-l\u2019-\u00e9mission-d\u2019une-facture-\u2013-qui-peut-se-d\u00e9velopper-et-s\u2019-adapter-\u00e0-l\u2019\u00e9volution-de-vos-besoins..jpg\" alt=\"icon &amp; bytes HIS est un syst\u00e8me complet \u2013 de la r\u00e9servation d\u2019un rendez-vous \u00e0 l\u2019 \u00e9mission d\u2019une facture \u2013 qui peut se d\u00e9velopper et s\u2019 adapter \u00e0 l\u2019\u00e9volution de vos besoins.\" width=\"625\" height=\"250\" srcset=\"https:\/\/grafimedia.eu\/fr\/wp-content\/uploads\/sites\/8\/2016\/02\/icon-bytes-HIS-est-un-syst\u00e8me-complet-\u2013-de-la-r\u00e9servation-d\u2019un-rendez-vous-\u00e0-l\u2019-\u00e9mission-d\u2019une-facture-\u2013-qui-peut-se-d\u00e9velopper-et-s\u2019-adapter-\u00e0-l\u2019\u00e9volution-de-vos-besoins..jpg 625w, https:\/\/grafimedia.eu\/fr\/wp-content\/uploads\/sites\/8\/2016\/02\/icon-bytes-HIS-est-un-syst\u00e8me-complet-\u2013-de-la-r\u00e9servation-d\u2019un-rendez-vous-\u00e0-l\u2019-\u00e9mission-d\u2019une-facture-\u2013-qui-peut-se-d\u00e9velopper-et-s\u2019-adapter-\u00e0-l\u2019\u00e9volution-de-vos-besoins.-300x120.jpg 300w\" sizes=\"(max-width: 625px) 100vw, 625px\" \/><\/a><\/p>\n<h2><strong>Icon &amp; bytes HIS fournit <\/strong><strong>\u00e9galement:<\/strong><\/h2>\n<p style=\"font-size: 15px;\"><strong>Facturation <\/strong><br \/>\nEmission des factures reposant sur des listes de prix aux secteurs de la sant\u00e9 priv\u00e9e ou publique, aux compagnies d\u2019assurance.<br \/>\nListes pour consulter, choisir, modifier les factures \u00e9mises.<br \/>\nComptes financiers patients.<br \/>\nImprim\u00e9s.<br \/>\nSolde d\u00fb des patients<br \/>\nChiffre d\u2019affaires par p\u00e9riode \/ service.<br \/>\nExamens conclus par service \/ date.<\/p>\n<p><strong>Icon &amp; bytes comprend toutes les fonctions d\u2019icon &amp; bytes Cabinet M\u00e9dical et encore plus<br \/>\n<\/strong>Sp\u00e9cification des utilisateurs par groupe.<br \/>\nD\u00e9termination des privil\u00e8ges par sous-syst\u00e8me \/ processus.<br \/>\nRechercher les images appartenant \u00e0 un examen sp\u00e9cifique et r\u00e9cup\u00e9rer les images DICOM et les convertir au format JPEG aux fins de pr\u00e9visualisation. (Uniquement si icon PACS est reli\u00e9 via LAN ou WAN)<br \/>\nCommander une station de diagnostic \u00e0 faire une requ\u00eate, \u00e0 extraire et \u00e0 pr\u00e9senter un examen sp\u00e9cifique depuis icon PACS.<\/p>\n<p>&nbsp;<\/p>\n<hr \/>\n<p style=\"text-align: left;\"><strong><a href=\"mailto:sales@grafimedia.eu?subject=icon&amp;bytes HIS_en\">\u00a0Si vous \u00eates int\u00e9ress\u00e9s, demandez des informations suppl\u00e9mentaires<\/a><a href=\"mailto:sales@grafimedia.eu?subject=icon&amp;bytes HIS_en\">.<\/a><\/strong><\/p>\n<p><img loading=\"lazy\" decoding=\"async\" src=\"http:\/\/grafimedia.eu\/wp-content\/uploads\/2016\/02\/logo_BB-\u03a0\u03bb\u03b7\u03c1\u03bf\u03c6\u03bf\u03c1\u03b9\u03ba\u03ae.png\" alt=\"logo_bnb_site_300x80\" width=\"142\" height=\"80\" align=\"left\" \/><\/p>\n","protected":false},"excerpt":{"rendered":"<p>icon &amp; bytes HIS icon &amp; bytes HIS\u00a0est un syst\u00e8me complet \u2013 de la r\u00e9servation d\u2019un rendez-vous \u00e0 l\u2019 \u00e9mission d\u2019une facture \u2013 qui peut se d\u00e9velopper et s\u2019 adapter \u00e0 l\u2019\u00e9volution de vos besoins.\u00a0 Rendez-vous m\u00e9dicaux Planification des rendez-vous <a class=\"more-link\" href=\"https:\/\/grafimedia.eu\/fr\/icon-bytes-his\/\">Continue reading <span class=\"screen-reader-text\">  icon &#038; bytes HIS<\/span><span class=\"meta-nav\">&rarr;<\/span><\/a><\/p>\n","protected":false},"author":1,"featured_media":197,"parent":0,"menu_order":0,"comment_status":"closed","ping_status":"closed","template":"page-disable-sidebar.php","meta":{"_exactmetrics_skip_tracking":false,"_exactmetrics_sitenote_active":false,"_exactmetrics_sitenote_note":"","_exactmetrics_sitenote_category":0,"footnotes":""},"class_list":["post-18","page","type-page","status-publish","has-post-thumbnail","hentry"],"_links":{"self":[{"href":"https:\/\/grafimedia.eu\/fr\/wp-json\/wp\/v2\/pages\/18"}],"collection":[{"href":"https:\/\/grafimedia.eu\/fr\/wp-json\/wp\/v2\/pages"}],"about":[{"href":"https:\/\/grafimedia.eu\/fr\/wp-json\/wp\/v2\/types\/page"}],"author":[{"embeddable":true,"href":"https:\/\/grafimedia.eu\/fr\/wp-json\/wp\/v2\/users\/1"}],"replies":[{"embeddable":true,"href":"https:\/\/grafimedia.eu\/fr\/wp-json\/wp\/v2\/comments?post=18"}],"version-history":[{"count":5,"href":"https:\/\/grafimedia.eu\/fr\/wp-json\/wp\/v2\/pages\/18\/revisions"}],"predecessor-version":[{"id":331,"href":"https:\/\/grafimedia.eu\/fr\/wp-json\/wp\/v2\/pages\/18\/revisions\/331"}],"wp:featuredmedia":[{"embeddable":true,"href":"https:\/\/grafimedia.eu\/fr\/wp-json\/wp\/v2\/media\/197"}],"wp:attachment":[{"href":"https:\/\/grafimedia.eu\/fr\/wp-json\/wp\/v2\/media?parent=18"}],"curies":[{"name":"wp","href":"https:\/\/api.w.org\/{rel}","templated":true}]}}