{"id":14,"date":"2016-02-10T17:15:54","date_gmt":"2016-02-10T17:15:54","guid":{"rendered":"http:\/\/grafimedia.eu\/fr\/?page_id=14"},"modified":"2016-08-01T20:29:53","modified_gmt":"2016-08-01T20:29:53","slug":"aycan-osirix-pro","status":"publish","type":"page","link":"https:\/\/grafimedia.eu\/fr\/aycan-osirix-pro\/","title":{"rendered":"Aycan Osirix Pro"},"content":{"rendered":"<h1>Aycan OsiriX Pro<\/h1>\n<p>[metaslider id=423]<\/p>\n<p>Station de travail multimodalit\u00e9 sur OsiriX Pro Mac pour le diagnostic primaire et post-traitement. Muni d\u2019 outils pour la lecture de diagnostic g\u00e9n\u00e9ral et post-traitement avanc\u00e9, ainsi que de plug-ins certifi\u00e9s, Aycan OsiriX PRO est la solution id\u00e9ale chaque fois qu\u2019 on exige un acc\u00e8s rapide et facile aux images m\u00e9dicales.<\/p>\n<p style=\"font-size: 15px;\"><strong>Caract\u00e9ristiques de DICOM<\/strong><br \/>\nDICOM stockage SCU\/SCP.<br \/>\nDICOM requ\u00eate\/extraction SCU.<br \/>\nDICOM SCU impression avec un Film Composer.<br \/>\nImportation\/exportation des formats d\u2019image diff\u00e9rents (DICOM, JPG, TIFF, Quicktime, RAW).<\/p>\n<p>&nbsp;<\/p>\n<p><strong>Caract\u00e9ristiques du Traitement de l\u2019image<\/strong><br \/>\nRendu de volume 3D.<br \/>\nVisionneuse 4 D pour Cardiac-CT et autres s\u00e9ries temporelles.<br \/>\nVisionneuse 5 D pour Cardiac-PET-CT et autres s\u00e9ries temporelles.<br \/>\nFusion d\u2019image.<br \/>\n3DMPR (Reconstruction Multiplanaire).<br \/>\nMPR courb\u00e9e et orthogonale.<br \/>\nMIP (intensit\u00e9 maximale de Projection).<br \/>\nMinIP (Projection de l\u2019intensit\u00e9 minimale).<br \/>\nDSA (Angiographie par soustraction num\u00e9rique).<br \/>\nSegmentation.<br \/>\nOutil de retrait des os<br \/>\nWW\/WL.<br \/>\nRotation, miroir, Zoom, Panoramique.<br \/>\nInterrupteur marche-arr\u00eat superpos\u00e9.<br \/>\nLongueur, Angle et densit\u00e9<br \/>\nROIs : Polygones, Cercles,\u00a0Pencil, Rectangles, Point,&#8230; etc.<br \/>\nCLUT (Table de recherche des couleurs)<br \/>\nFiltres sp\u00e9cifiques \u00e0 l\u2019utilisateur.<br \/>\nOutil ciseaux.<br \/>\nMPR 3D Oblique Double.<br \/>\nRecalcul de l\u2019image.<br \/>\nEspace D\u00e9veloppement.<\/p>\n<p><a href=\" http:\/\/grafimedia.eu\/fr\/aycan-osirix-pro\/\"><img loading=\"lazy\" decoding=\"async\" class=\"wp-image-203 size-full\" src=\"http:\/\/grafimedia.eu\/fr\/wp-content\/uploads\/sites\/8\/2016\/02\/Station-de-travail-multimodalit\u00e9-sur-Aycan-OsiriX-Pro-Mac-pour-le-diagnostic-primaire-et-post-traitement.-Muni-d\u2019-outils-pour-la-lecture-de-diagnostic-g\u00e9n\u00e9ral-et-post-traitement-avanc\u00e9..png\" alt=\"Station de travail multimodalit\u00e9 sur Aycan OsiriX Pro Mac pour le diagnostic primaire et post-traitement. Muni d\u2019 outils pour la lecture de diagnostic g\u00e9n\u00e9ral et post-traitement avanc\u00e9.\" width=\"515\" height=\"319\" srcset=\"https:\/\/grafimedia.eu\/fr\/wp-content\/uploads\/sites\/8\/2016\/02\/Station-de-travail-multimodalit\u00e9-sur-Aycan-OsiriX-Pro-Mac-pour-le-diagnostic-primaire-et-post-traitement.-Muni-d\u2019-outils-pour-la-lecture-de-diagnostic-g\u00e9n\u00e9ral-et-post-traitement-avanc\u00e9..png 515w, https:\/\/grafimedia.eu\/fr\/wp-content\/uploads\/sites\/8\/2016\/02\/Station-de-travail-multimodalit\u00e9-sur-Aycan-OsiriX-Pro-Mac-pour-le-diagnostic-primaire-et-post-traitement.-Muni-d\u2019-outils-pour-la-lecture-de-diagnostic-g\u00e9n\u00e9ral-et-post-traitement-avanc\u00e9.-300x186.png 300w\" sizes=\"(max-width: 515px) 100vw, 515px\" \/><\/a><\/p>\n<p>&nbsp;<\/p>\n<p><strong>Caract\u00e9ristiques de l\u2019 Examen m\u00e9dical <\/strong><br \/>\nProduction des rapports fond\u00e9s sur des \u00e9tudes<br \/>\nBarres d\u2019outils personnalisables \/ divers agencements d\u2019 \u00e9cran<br \/>\nL\u00e9gendes aux Topograms\/Pilots\/Scouts<br \/>\nSynchronization de S\u00e9rie et d\u00e9filement de la m\u00e9moire du segment de pile<br \/>\nExportation des donn\u00e9es des Patients sur un CD, y compris DICOMDIR<br \/>\nCr\u00e9ation d\u2019 Albums manuels ou intelligents<br \/>\nUn ou plusieurs moniteurs vid\u00e9o<\/p>\n<p>&nbsp;<\/p>\n<p style=\"font-size: 15px;\"><strong>Caract\u00e9ristiques suppl\u00e9mentaires <\/strong><br \/>\nEmbedded Web Server<br \/>\nBonjour Support<br \/>\nPresentation State<br \/>\n5-MP Monitor Support<br \/>\n11-bit Monitor Support<br \/>\nCD Importer<br \/>\n3D Curved MPR<br \/>\n4D ROI Statistics<\/p>\n<p style=\"font-size: 15px;\"><strong>\u00a0<\/strong><br \/>\n<strong>Manuel et DVD p\u00e9dagogique inclus<\/strong><br \/>\n<strong>Gestionnaire de module externe<\/strong><\/p>\n<hr \/>\n<p><strong><a href=\"mailto:sales@grafimedia.eu?subject=aycan-osirix-pro_fr\">Si vous \u00eates int\u00e9ress\u00e9s, demandez des informations suppl\u00e9mentaires<\/a><\/strong><\/p>\n<p><img loading=\"lazy\" decoding=\"async\" src=\"http:\/\/grafimedia.eu\/wp-content\/uploads\/2016\/02\/logo_aycan_site_300x80.png\" alt=\"logo_aycan_site_300x80\" width=\"142\" height=\"80\" align=\"left\" \/><\/p>\n","protected":false},"excerpt":{"rendered":"<p>Aycan OsiriX Pro [metaslider id=423] Station de travail multimodalit\u00e9 sur OsiriX Pro Mac pour le diagnostic primaire et post-traitement. Muni d\u2019 outils pour la lecture de diagnostic g\u00e9n\u00e9ral et post-traitement avanc\u00e9, ainsi que de plug-ins certifi\u00e9s, Aycan OsiriX PRO est <a class=\"more-link\" href=\"https:\/\/grafimedia.eu\/fr\/aycan-osirix-pro\/\">Continue reading <span class=\"screen-reader-text\">  Aycan Osirix Pro<\/span><span class=\"meta-nav\">&rarr;<\/span><\/a><\/p>\n","protected":false},"author":1,"featured_media":203,"parent":0,"menu_order":0,"comment_status":"closed","ping_status":"closed","template":"page-disable-sidebar.php","meta":{"_exactmetrics_skip_tracking":false,"_exactmetrics_sitenote_active":false,"_exactmetrics_sitenote_note":"","_exactmetrics_sitenote_category":0,"footnotes":""},"class_list":["post-14","page","type-page","status-publish","has-post-thumbnail","hentry"],"_links":{"self":[{"href":"https:\/\/grafimedia.eu\/fr\/wp-json\/wp\/v2\/pages\/14"}],"collection":[{"href":"https:\/\/grafimedia.eu\/fr\/wp-json\/wp\/v2\/pages"}],"about":[{"href":"https:\/\/grafimedia.eu\/fr\/wp-json\/wp\/v2\/types\/page"}],"author":[{"embeddable":true,"href":"https:\/\/grafimedia.eu\/fr\/wp-json\/wp\/v2\/users\/1"}],"replies":[{"embeddable":true,"href":"https:\/\/grafimedia.eu\/fr\/wp-json\/wp\/v2\/comments?post=14"}],"version-history":[{"count":5,"href":"https:\/\/grafimedia.eu\/fr\/wp-json\/wp\/v2\/pages\/14\/revisions"}],"predecessor-version":[{"id":216,"href":"https:\/\/grafimedia.eu\/fr\/wp-json\/wp\/v2\/pages\/14\/revisions\/216"}],"wp:featuredmedia":[{"embeddable":true,"href":"https:\/\/grafimedia.eu\/fr\/wp-json\/wp\/v2\/media\/203"}],"wp:attachment":[{"href":"https:\/\/grafimedia.eu\/fr\/wp-json\/wp\/v2\/media?parent=14"}],"curies":[{"name":"wp","href":"https:\/\/api.w.org\/{rel}","templated":true}]}}