{"id":109,"date":"2016-02-23T13:26:48","date_gmt":"2016-02-23T13:26:48","guid":{"rendered":"http:\/\/grafimedia.eu\/fr\/?page_id=109"},"modified":"2016-08-23T14:00:01","modified_gmt":"2016-08-23T14:00:01","slug":"country-selector","status":"publish","type":"page","link":"https:\/\/grafimedia.eu\/fr\/country-selector\/","title":{"rendered":"Country Selector"},"content":{"rendered":"<p><img decoding=\"async\" src=\"http:\/\/grafimedia.eu\/wp-content\/uploads\/2016\/02\/language_selector.jpg\" alt=\"selector\" height=\"150\" \/><\/p>\n<hr \/>\n<h1><\/h1>\n<h1><strong>S\u00c9LECTEUR DE PAYS<\/strong><\/h1>\n<p>&nbsp;<\/p>\n<p>S\u00e9lectionnez l\u2019emplacement et la langue qui vous conviennent.<\/p>\n<p>Notre entreprise fournit des services de sant\u00e9 num\u00e9riques dans le monde entier. Pour votre commodit\u00e9, vous pouvez choisir le pays qui est le plus proche de votre emplacement ou de la langue que vous connaissez le mieux. Dans de nombreux cas, \u00a0l\u2019 actualit\u00e9 ou la gamme de produits peut varier selon le pays. Visitez nos sites Internet pour rester \u00e0 jour avec nos nouvelles.<\/p>\n<p>Site Web mondial:\u00a0<a href=\"http:\/\/grafimedia.eu\/\">www.grafimedia.eu<\/a><\/p>\n<p>Vous pouvez visiter nos autres sites en :<\/p>\n<p><a href=\"http:\/\/grafimedia.eu\/de\">Allemagne<\/a> \u00a0<a href=\"http:\/\/grafimedia.eu\/esp\">Espagne<\/a> \u00a0<a href=\"http:\/\/grafimedia.eu\/fr\">France<\/a>\u00a0 <a href=\"http:\/\/grafimedia.eu\/gr\">Gr\u00e8ce<\/a>\u00a0 <a href=\"http:\/\/grafimedia.eu\/it\">Italie<\/a>\u00a0\u00a0 <a href=\"http:\/\/grafimedia.eu\/p\">Portugal <\/a>\u00a0 <a href=\"http:\/\/grafimedia.eu\/de\">Suisse<\/a><\/p>\n<p>&nbsp;<\/p>\n<p>Si vous souhaitez avoir de nos nouvelles inscrivez-vous sur notre <a href=\"http:\/\/grafimedia.eu\/newsletter-grafimedia\/\"><strong>newsletter<\/strong><\/a>.<\/p>\n<p><img loading=\"lazy\" decoding=\"async\" class=\"size-full wp-image-151 aligncenter\" src=\"http:\/\/grafimedia.eu\/fr\/wp-content\/uploads\/sites\/8\/2016\/06\/cropped-Grafimedia-Health-Information-Technology.png\" alt=\"Health Information Technology Grafimedia\" width=\"512\" height=\"512\" srcset=\"https:\/\/grafimedia.eu\/fr\/wp-content\/uploads\/sites\/8\/2016\/06\/cropped-Grafimedia-Health-Information-Technology.png 512w, https:\/\/grafimedia.eu\/fr\/wp-content\/uploads\/sites\/8\/2016\/06\/cropped-Grafimedia-Health-Information-Technology-150x150.png 150w, https:\/\/grafimedia.eu\/fr\/wp-content\/uploads\/sites\/8\/2016\/06\/cropped-Grafimedia-Health-Information-Technology-300x300.png 300w, https:\/\/grafimedia.eu\/fr\/wp-content\/uploads\/sites\/8\/2016\/06\/cropped-Grafimedia-Health-Information-Technology-270x270.png 270w, https:\/\/grafimedia.eu\/fr\/wp-content\/uploads\/sites\/8\/2016\/06\/cropped-Grafimedia-Health-Information-Technology-192x192.png 192w, https:\/\/grafimedia.eu\/fr\/wp-content\/uploads\/sites\/8\/2016\/06\/cropped-Grafimedia-Health-Information-Technology-180x180.png 180w, https:\/\/grafimedia.eu\/fr\/wp-content\/uploads\/sites\/8\/2016\/06\/cropped-Grafimedia-Health-Information-Technology-32x32.png 32w\" sizes=\"(max-width: 512px) 100vw, 512px\" \/><\/p>\n<p>&nbsp;<\/p>\n<p><strong>\u00a0<\/strong><\/p>\n<p>&nbsp;<\/p>\n<p>&nbsp;<\/p>\n","protected":false},"excerpt":{"rendered":"<p>S\u00c9LECTEUR DE PAYS &nbsp; S\u00e9lectionnez l\u2019emplacement et la langue qui vous conviennent. Notre entreprise fournit des services de sant\u00e9 num\u00e9riques dans le monde entier. Pour votre commodit\u00e9, vous pouvez choisir le pays qui est le plus proche de votre emplacement <a class=\"more-link\" href=\"https:\/\/grafimedia.eu\/fr\/country-selector\/\">Continue reading <span class=\"screen-reader-text\">  Country Selector<\/span><span class=\"meta-nav\">&rarr;<\/span><\/a><\/p>\n","protected":false},"author":1,"featured_media":150,"parent":0,"menu_order":0,"comment_status":"closed","ping_status":"closed","template":"page-disable-sidebar.php","meta":{"_exactmetrics_skip_tracking":false,"_exactmetrics_sitenote_active":false,"_exactmetrics_sitenote_note":"","_exactmetrics_sitenote_category":0,"footnotes":""},"class_list":["post-109","page","type-page","status-publish","has-post-thumbnail","hentry"],"_links":{"self":[{"href":"https:\/\/grafimedia.eu\/fr\/wp-json\/wp\/v2\/pages\/109"}],"collection":[{"href":"https:\/\/grafimedia.eu\/fr\/wp-json\/wp\/v2\/pages"}],"about":[{"href":"https:\/\/grafimedia.eu\/fr\/wp-json\/wp\/v2\/types\/page"}],"author":[{"embeddable":true,"href":"https:\/\/grafimedia.eu\/fr\/wp-json\/wp\/v2\/users\/1"}],"replies":[{"embeddable":true,"href":"https:\/\/grafimedia.eu\/fr\/wp-json\/wp\/v2\/comments?post=109"}],"version-history":[{"count":5,"href":"https:\/\/grafimedia.eu\/fr\/wp-json\/wp\/v2\/pages\/109\/revisions"}],"predecessor-version":[{"id":290,"href":"https:\/\/grafimedia.eu\/fr\/wp-json\/wp\/v2\/pages\/109\/revisions\/290"}],"wp:featuredmedia":[{"embeddable":true,"href":"https:\/\/grafimedia.eu\/fr\/wp-json\/wp\/v2\/media\/150"}],"wp:attachment":[{"href":"https:\/\/grafimedia.eu\/fr\/wp-json\/wp\/v2\/media?parent=109"}],"curies":[{"name":"wp","href":"https:\/\/api.w.org\/{rel}","templated":true}]}}