{"id":105,"date":"2016-02-23T13:25:06","date_gmt":"2016-02-23T13:25:06","guid":{"rendered":"http:\/\/grafimedia.eu\/fr\/?page_id=105"},"modified":"2016-08-29T00:11:58","modified_gmt":"2016-08-29T00:11:58","slug":"healthmail","status":"publish","type":"page","link":"https:\/\/grafimedia.eu\/fr\/healthmail\/","title":{"rendered":"Healthmail"},"content":{"rendered":"<h1>Healthmail est un nouveau projet en construction<\/h1>\n<p>&nbsp;<\/p>\n<p>Grafimedia a un nouveau projet en cours de construction visant \u00e0 cr\u00e9er un canal num\u00e9rique s\u00e9curis\u00e9 pour le courriel clinique, Healthmail. Il prendra en charge tous les prestataires des soins de sant\u00e9, y inclus ceux op\u00e9rant \u00e0 distance, pour envoyer et recevoir des informations cliniques sensibles sous un syst\u00e8me de services de grande qualit\u00e9, num\u00e9rique, priv\u00e9, s\u00e9curis\u00e9 et prot\u00e9g\u00e9.Tous les ordinateurs de bureau, ordinateurs portables, tablettes et smartphones pourraient facilement partager, envoyer ou recevoir des donn\u00e9es concernant les patients sur les lieux de soins et m\u00eame en \u00e9tat d\u2019urgence. Plus d\u2019informations prochainement.<\/p>\n<p>Jetez un coup d\u2019 \u0153il \u00e0 cet article sur\u00a0<a href=\"http:\/\/grafimedia.eu\/blog\/what-is-ehealth\/\">eHealth<\/a><\/p>\n<p><img loading=\"lazy\" decoding=\"async\" class=\"aligncenter wp-image-298 size-large\" src=\"http:\/\/grafimedia.eu\/fr\/wp-content\/uploads\/sites\/8\/2016\/02\/Grafimedia-Healthmail-1024x720.jpg\" alt=\"Grafimedia Healthmail\" width=\"1024\" height=\"720\" srcset=\"https:\/\/grafimedia.eu\/fr\/wp-content\/uploads\/sites\/8\/2016\/02\/Grafimedia-Healthmail-1024x720.jpg 1024w, https:\/\/grafimedia.eu\/fr\/wp-content\/uploads\/sites\/8\/2016\/02\/Grafimedia-Healthmail-300x211.jpg 300w, https:\/\/grafimedia.eu\/fr\/wp-content\/uploads\/sites\/8\/2016\/02\/Grafimedia-Healthmail-768x540.jpg 768w, https:\/\/grafimedia.eu\/fr\/wp-content\/uploads\/sites\/8\/2016\/02\/Grafimedia-Healthmail.jpg 1088w\" sizes=\"(max-width: 1024px) 100vw, 1024px\" \/><\/p>\n<p style=\"font-size: 18px;\"><img align=\"right\" \/><\/p>\n","protected":false},"excerpt":{"rendered":"<p>Healthmail est un nouveau projet en construction &nbsp; Grafimedia a un nouveau projet en cours de construction visant \u00e0 cr\u00e9er un canal num\u00e9rique s\u00e9curis\u00e9 pour le courriel clinique, Healthmail. Il prendra en charge tous les prestataires des soins de sant\u00e9, <a class=\"more-link\" href=\"https:\/\/grafimedia.eu\/fr\/healthmail\/\">Continue reading <span class=\"screen-reader-text\">  Healthmail<\/span><span class=\"meta-nav\">&rarr;<\/span><\/a><\/p>\n","protected":false},"author":1,"featured_media":298,"parent":0,"menu_order":0,"comment_status":"closed","ping_status":"closed","template":"page-disable-sidebar.php","meta":{"_exactmetrics_skip_tracking":false,"_exactmetrics_sitenote_active":false,"_exactmetrics_sitenote_note":"","_exactmetrics_sitenote_category":0,"footnotes":""},"class_list":["post-105","page","type-page","status-publish","has-post-thumbnail","hentry"],"_links":{"self":[{"href":"https:\/\/grafimedia.eu\/fr\/wp-json\/wp\/v2\/pages\/105"}],"collection":[{"href":"https:\/\/grafimedia.eu\/fr\/wp-json\/wp\/v2\/pages"}],"about":[{"href":"https:\/\/grafimedia.eu\/fr\/wp-json\/wp\/v2\/types\/page"}],"author":[{"embeddable":true,"href":"https:\/\/grafimedia.eu\/fr\/wp-json\/wp\/v2\/users\/1"}],"replies":[{"embeddable":true,"href":"https:\/\/grafimedia.eu\/fr\/wp-json\/wp\/v2\/comments?post=105"}],"version-history":[{"count":5,"href":"https:\/\/grafimedia.eu\/fr\/wp-json\/wp\/v2\/pages\/105\/revisions"}],"predecessor-version":[{"id":300,"href":"https:\/\/grafimedia.eu\/fr\/wp-json\/wp\/v2\/pages\/105\/revisions\/300"}],"wp:featuredmedia":[{"embeddable":true,"href":"https:\/\/grafimedia.eu\/fr\/wp-json\/wp\/v2\/media\/298"}],"wp:attachment":[{"href":"https:\/\/grafimedia.eu\/fr\/wp-json\/wp\/v2\/media?parent=105"}],"curies":[{"name":"wp","href":"https:\/\/api.w.org\/{rel}","templated":true}]}}