{"id":10,"date":"2016-02-10T16:49:54","date_gmt":"2016-02-10T16:49:54","guid":{"rendered":"http:\/\/grafimedia.eu\/fr\/?page_id=10"},"modified":"2019-05-04T17:50:28","modified_gmt":"2019-05-04T15:50:28","slug":"10-2","status":"publish","type":"page","link":"https:\/\/grafimedia.eu\/fr\/","title":{"rendered":"<img alt=\"Home\" src=\"http:\/\/grafimedia.eu\/wp-content\/uploads\/2016\/02\/HOME_NEGATIVE.png\" \/>"},"content":{"rendered":"<p>[metaslider id=296]<\/p>\n<h1><strong><span style=\"color: #0000ff;\">Icon Grafimedia<\/span><\/strong><\/h1>\n<h3>Sant\u00e9 TI en tant que Service<\/h3>\n<p><strong>l\u2019information de soins de sant\u00e9 pr\u00e9sent\u00e9e au fournisseur de mani\u00e8re intelligente et simple.<\/strong><\/p>\n<p>Renseignements m\u00e9dicaux en tant que service<\/p>\n<p>Lors de la derni\u00e8re d\u00e9cennie le volume de l\u2019 information m\u00e9dicale augmente exponentiellement, alors que la gestion devient de plus en plus complexe. Les donn\u00e9es m\u00e9dicales actuelles sont produites sur diff\u00e9rents syst\u00e8mes d\u2019exploitation, utilisant des protocoles qui souvent sont incapables de communiquer entre eux. La contribution inestimable des protocoles DICOM3 et HL7 \u00e0 la solution du probl\u00e8me n\u2019est pas suffisante. La recherche facile et la r\u00e9cup\u00e9ration rapide de l\u2019information reste un d\u00e9fi.<\/p>\n<p>Nous \u00e0 Grafimedia, nous relevons ce d\u00e9fi. Nous sommes un r\u00e9seau d\u2019experts en technologies de l\u2019Information de Sant\u00e9, op\u00e9rant dans diff\u00e9rents pays. Nous analysons, concevons, d\u00e9veloppons et mettons en \u0153uvre des flux de travail pour tout type et toute taille d\u2019 \u00e9tablissement de sant\u00e9. Nous abordons chaque cas individuellement, essayant d\u2019 int\u00e9grer et combler les syst\u00e8mes existants, pas n\u00e9cessairement les remplacer. Dans le m\u00eame temps, nous essayons d\u2019offrir le meilleur rapport co\u00fbt\/performance, sans pour autant d\u00e9passer les budgets.<\/p>\n<p>Nous \u00e0 Grafimedia, nous visons toujours un flux de travail id\u00e9al : l\u2019information orale, \u00e9crite, audio, visuelle ou en vid\u00e9o doit \u00eatre disponible pour la personne autoris\u00e9e de mani\u00e8re rapide et facile, ind\u00e9pendamment de son emplacement et\u00a0de l\u2019appareil que celle-ci utilise. Cloud, IoT,\u00a0impression sur papier et gravure sur CD\/DVD pour la documentation, sont des moyens d\u2019 atteindre cet objectif.<\/p>\n<p>Chez Grafimedia tous nos services sont factur\u00e9s \u00e0 la carte.\u00a0Veuillez contacter <a href=\"mailto:sales@grafimedia.eu\" target=\"_blank\" rel=\"noopener noreferrer\">D\u00e9partement des ventes<\/a> afin de faire analyser votre dossier et profiter d\u2019 un service sur mesure qui r\u00e9pond \u00e0 vos besoins sp\u00e9cifiques.<\/p>\n<p><img loading=\"lazy\" decoding=\"async\" class=\"aligncenter size-full wp-image-417\" src=\"https:\/\/grafimedia.eu\/fr\/wp-content\/uploads\/sites\/8\/2019\/05\/Grafimedia-Awards-Certifications-2019.png\" alt=\"Grafimedia Awards Certifications 2019\" width=\"1910\" height=\"365\" srcset=\"https:\/\/grafimedia.eu\/fr\/wp-content\/uploads\/sites\/8\/2019\/05\/Grafimedia-Awards-Certifications-2019.png 1910w, https:\/\/grafimedia.eu\/fr\/wp-content\/uploads\/sites\/8\/2019\/05\/Grafimedia-Awards-Certifications-2019-300x57.png 300w, https:\/\/grafimedia.eu\/fr\/wp-content\/uploads\/sites\/8\/2019\/05\/Grafimedia-Awards-Certifications-2019-768x147.png 768w, https:\/\/grafimedia.eu\/fr\/wp-content\/uploads\/sites\/8\/2019\/05\/Grafimedia-Awards-Certifications-2019-1024x196.png 1024w\" sizes=\"(max-width: 1910px) 100vw, 1910px\" \/><\/p>\n<p>&nbsp;<\/p>\n<h1 style=\"font-size: 18px; text-align: left;\"><strong><span style=\"color: #0000ff;\">\u00a0<\/span><\/strong><\/h1>\n<p style=\"text-align: left;\">\n","protected":false},"excerpt":{"rendered":"<p>[metaslider id=296] Icon Grafimedia Sant\u00e9 TI en tant que Service l\u2019information de soins de sant\u00e9 pr\u00e9sent\u00e9e au fournisseur de mani\u00e8re intelligente et simple. Renseignements m\u00e9dicaux en tant que service Lors de la derni\u00e8re d\u00e9cennie le volume de l\u2019 information m\u00e9dicale <a class=\"more-link\" href=\"https:\/\/grafimedia.eu\/fr\/\">Continue reading <span class=\"screen-reader-text\">  <img decoding=\"async\" alt=\"Home\" src=\"http:\/\/grafimedia.eu\/wp-content\/uploads\/2016\/02\/HOME_NEGATIVE.png\" \/><\/span><span class=\"meta-nav\">&rarr;<\/span><\/a><\/p>\n","protected":false},"author":10,"featured_media":261,"parent":0,"menu_order":0,"comment_status":"closed","ping_status":"closed","template":"page-disable-sidebar.php","meta":{"_exactmetrics_skip_tracking":false,"_exactmetrics_sitenote_active":false,"_exactmetrics_sitenote_note":"","_exactmetrics_sitenote_category":0,"footnotes":""},"class_list":["post-10","page","type-page","status-publish","has-post-thumbnail","hentry"],"_links":{"self":[{"href":"https:\/\/grafimedia.eu\/fr\/wp-json\/wp\/v2\/pages\/10"}],"collection":[{"href":"https:\/\/grafimedia.eu\/fr\/wp-json\/wp\/v2\/pages"}],"about":[{"href":"https:\/\/grafimedia.eu\/fr\/wp-json\/wp\/v2\/types\/page"}],"author":[{"embeddable":true,"href":"https:\/\/grafimedia.eu\/fr\/wp-json\/wp\/v2\/users\/10"}],"replies":[{"embeddable":true,"href":"https:\/\/grafimedia.eu\/fr\/wp-json\/wp\/v2\/comments?post=10"}],"version-history":[{"count":5,"href":"https:\/\/grafimedia.eu\/fr\/wp-json\/wp\/v2\/pages\/10\/revisions"}],"predecessor-version":[{"id":418,"href":"https:\/\/grafimedia.eu\/fr\/wp-json\/wp\/v2\/pages\/10\/revisions\/418"}],"wp:featuredmedia":[{"embeddable":true,"href":"https:\/\/grafimedia.eu\/fr\/wp-json\/wp\/v2\/media\/261"}],"wp:attachment":[{"href":"https:\/\/grafimedia.eu\/fr\/wp-json\/wp\/v2\/media?parent=10"}],"curies":[{"name":"wp","href":"https:\/\/api.w.org\/{rel}","templated":true}]}}