{"id":6,"date":"2016-02-09T18:51:50","date_gmt":"2016-02-09T18:51:50","guid":{"rendered":"http:\/\/grafimedia.eu\/esp\/?page_id=6"},"modified":"2019-05-04T18:33:47","modified_gmt":"2019-05-04T16:33:47","slug":"6-2","status":"publish","type":"page","link":"https:\/\/grafimedia.eu\/esp\/","title":{"rendered":"<img alt=\"Home\" src=\"http:\/\/grafimedia.eu\/wp-content\/uploads\/2016\/02\/HOME_NEGATIVE.png\" \/>"},"content":{"rendered":"<h1><strong><span style=\"color: #0000ff;\">icon grafimedia<\/span><\/strong><\/h1>\n<h3>Salud IT como Servicio<\/h3>\n<p><strong>La informaci\u00f3n m\u00e9dica tra\u00edda al profesional de la salud en una forma inteligente y sencilla.<\/strong><\/p>\n<p>Durante la \u00faltima d\u00e9cada el volumen de informaci\u00f3n m\u00e9dica est\u00e1 aumentando exponencialmente, mientras que la gesti\u00f3n se est\u00e1 convirtiendo cada vez m\u00e1s compleja. Hoy en d\u00eda los datos m\u00e9dicos se producen en diversos sistemas operativos, a trav\u00e9s de protocolos que la mayor\u00eda de las veces no se pueden comunicar entre s\u00ed. La valiosa contribuci\u00f3n de los protocolos DICOM3 y HL7 en la soluci\u00f3n del problema no es suficiente. La b\u00fasqueda f\u00e1cil y la recuperaci\u00f3n r\u00e1pida de la informaci\u00f3n siguen siendo un desaf\u00edo.<\/p>\n<p><a href=\"https:\/\/grafimedia.eu\/esp\/wp-content\/uploads\/sites\/4\/2018\/03\/Grafimedia-Digital-Health-SaaS-18.jpg\"><img loading=\"lazy\" decoding=\"async\" class=\"aligncenter size-full wp-image-610\" src=\"https:\/\/grafimedia.eu\/esp\/wp-content\/uploads\/sites\/4\/2018\/03\/Grafimedia-Digital-Health-SaaS-18.jpg\" alt=\"Grafimedia SaaS Health IT Experts\" width=\"800\" height=\"480\" srcset=\"https:\/\/grafimedia.eu\/esp\/wp-content\/uploads\/sites\/4\/2018\/03\/Grafimedia-Digital-Health-SaaS-18.jpg 800w, https:\/\/grafimedia.eu\/esp\/wp-content\/uploads\/sites\/4\/2018\/03\/Grafimedia-Digital-Health-SaaS-18-300x180.jpg 300w, https:\/\/grafimedia.eu\/esp\/wp-content\/uploads\/sites\/4\/2018\/03\/Grafimedia-Digital-Health-SaaS-18-768x461.jpg 768w\" sizes=\"(max-width: 800px) 100vw, 800px\" \/><\/a><\/p>\n<p>&nbsp;<\/p>\n<p>En Grafimedia aceptamos este desaf\u00edo. Somos una red de expertos en Tecnolog\u00eda de la Informaci\u00f3n de la Salud, que operan en diferentes pa\u00edses. Analizamos, dise\u00f1amos, desarrollamos e implementamos flujos de trabajo para cualquier tipo y tama\u00f1o del centro de salud. Nos acercamos a cada caso de forma individual, intentando integrar y tender puentes entre los sistemas existentes, no necesariamente reemplazarlos. Al mismo tiempo, intentamos ofrecer la mejor relaci\u00f3n coste \/ rendimiento, sin exceder los presupuestos.<\/p>\n<p>En Grafimedia siempre buscamos el flujo de trabajo ideal : \u00a0la informaci\u00f3n m\u00e9dica en forma de voz, texto, audio, imagen o video debe estar disponible para la persona autorizada de una manera r\u00e1pida y f\u00e1cil independientemente de su localizaci\u00f3n y el dispositivo que est\u00e1 utilizando. Cloud, IoT, impresi\u00f3n en papel y grabaci\u00f3n en CD \/ DVD, son medios para lograr el objetivo de la documentaci\u00f3n.<\/p>\n<p>En Grafimedia ofrecemos todos nuestros servicios sobre una\u00a0 &#8220;base de pago por el examen &#8221; . P\u00f3ngase en contacto con: <a href=\"mailto:sales@grafimedia.eu\" target=\"_blank\" rel=\"noopener noreferrer\">Sales Department<\/a>\u00a0para pedirnos que analizar su caso y ofrecerle un servicio adaptado exactamente a sus necesidades.<\/p>\n<p><img loading=\"lazy\" decoding=\"async\" class=\"aligncenter size-full wp-image-622\" src=\"https:\/\/grafimedia.eu\/esp\/wp-content\/uploads\/sites\/4\/2019\/05\/Grafimedia-Awards-Certifications-2019.png\" alt=\"Grafimedia Awards Certifications 2019\" width=\"1910\" height=\"365\" srcset=\"https:\/\/grafimedia.eu\/esp\/wp-content\/uploads\/sites\/4\/2019\/05\/Grafimedia-Awards-Certifications-2019.png 1910w, https:\/\/grafimedia.eu\/esp\/wp-content\/uploads\/sites\/4\/2019\/05\/Grafimedia-Awards-Certifications-2019-300x57.png 300w, https:\/\/grafimedia.eu\/esp\/wp-content\/uploads\/sites\/4\/2019\/05\/Grafimedia-Awards-Certifications-2019-768x147.png 768w, https:\/\/grafimedia.eu\/esp\/wp-content\/uploads\/sites\/4\/2019\/05\/Grafimedia-Awards-Certifications-2019-1024x196.png 1024w\" sizes=\"(max-width: 1910px) 100vw, 1910px\" \/><\/p>\n","protected":false},"excerpt":{"rendered":"<p>icon grafimedia Salud IT como Servicio La informaci\u00f3n m\u00e9dica tra\u00edda al profesional de la salud en una forma inteligente y sencilla. Durante la \u00faltima d\u00e9cada el volumen de informaci\u00f3n m\u00e9dica est\u00e1 aumentando exponencialmente, mientras que la gesti\u00f3n se est\u00e1 convirtiendo <a class=\"more-link\" href=\"https:\/\/grafimedia.eu\/esp\/\">Continue reading <span class=\"screen-reader-text\">  <img decoding=\"async\" alt=\"Home\" src=\"http:\/\/grafimedia.eu\/wp-content\/uploads\/2016\/02\/HOME_NEGATIVE.png\" \/><\/span><span class=\"meta-nav\">&rarr;<\/span><\/a><\/p>\n","protected":false},"author":10,"featured_media":611,"parent":0,"menu_order":0,"comment_status":"closed","ping_status":"closed","template":"page-disable-sidebar.php","meta":{"_exactmetrics_skip_tracking":false,"_exactmetrics_sitenote_active":false,"_exactmetrics_sitenote_note":"","_exactmetrics_sitenote_category":0,"footnotes":""},"class_list":["post-6","page","type-page","status-publish","has-post-thumbnail","hentry"],"_links":{"self":[{"href":"https:\/\/grafimedia.eu\/esp\/wp-json\/wp\/v2\/pages\/6"}],"collection":[{"href":"https:\/\/grafimedia.eu\/esp\/wp-json\/wp\/v2\/pages"}],"about":[{"href":"https:\/\/grafimedia.eu\/esp\/wp-json\/wp\/v2\/types\/page"}],"author":[{"embeddable":true,"href":"https:\/\/grafimedia.eu\/esp\/wp-json\/wp\/v2\/users\/10"}],"replies":[{"embeddable":true,"href":"https:\/\/grafimedia.eu\/esp\/wp-json\/wp\/v2\/comments?post=6"}],"version-history":[{"count":5,"href":"https:\/\/grafimedia.eu\/esp\/wp-json\/wp\/v2\/pages\/6\/revisions"}],"predecessor-version":[{"id":623,"href":"https:\/\/grafimedia.eu\/esp\/wp-json\/wp\/v2\/pages\/6\/revisions\/623"}],"wp:featuredmedia":[{"embeddable":true,"href":"https:\/\/grafimedia.eu\/esp\/wp-json\/wp\/v2\/media\/611"}],"wp:attachment":[{"href":"https:\/\/grafimedia.eu\/esp\/wp-json\/wp\/v2\/media?parent=6"}],"curies":[{"name":"wp","href":"https:\/\/api.w.org\/{rel}","templated":true}]}}