{"id":54,"date":"2016-02-10T18:34:31","date_gmt":"2016-02-10T18:34:31","guid":{"rendered":"http:\/\/grafimedia.eu\/esp\/?page_id=54"},"modified":"2016-08-27T18:09:31","modified_gmt":"2016-08-27T18:09:31","slug":"mfps-e-impresoras-xerox","status":"publish","type":"page","link":"https:\/\/grafimedia.eu\/esp\/mfps-e-impresoras-xerox\/","title":{"rendered":"MFPs e Impresoras xerox"},"content":{"rendered":"<h1>MFPs e Impresoras XEROX<\/h1>\n<p style=\"font-size: 15px;\">S\u00f3lo Xerox\u00ae puede cumplir la promesa del color asequible para todos los documentos, todos los d\u00edas. Esto es posible con la tecnolog\u00eda de tinta s\u00f3lida patentada por Xerox\u00ae. Construida a partir del inicio para la impresi\u00f3n en color profesional de alto rendimiento, la tecnolog\u00eda de tinta s\u00f3lida tiene una trayectoria de m\u00e1s de 20 a\u00f1os de confiabilidad. Calidad del color espectacular, m\u00e1s asequible que nunca. Eso es Xerox\u00ae de Tinta S\u00f3lida.<\/p>\n<p><img loading=\"lazy\" decoding=\"async\" class=\"aligncenter wp-image-452 size-large\" src=\"http:\/\/grafimedia.eu\/esp\/wp-content\/uploads\/sites\/4\/2016\/02\/xeroxprinters2-1024x618.png\" alt=\"MFPs e Impresoras XEROX\" width=\"1024\" height=\"618\" srcset=\"https:\/\/grafimedia.eu\/esp\/wp-content\/uploads\/sites\/4\/2016\/02\/xeroxprinters2.png 1024w, https:\/\/grafimedia.eu\/esp\/wp-content\/uploads\/sites\/4\/2016\/02\/xeroxprinters2-300x181.png 300w, https:\/\/grafimedia.eu\/esp\/wp-content\/uploads\/sites\/4\/2016\/02\/xeroxprinters2-768x464.png 768w\" sizes=\"(max-width: 1024px) 100vw, 1024px\" \/><\/p>\n<h2>Hacer su oficina m\u00e1s verde<\/h2>\n<p style=\"font-size: 15px;\">Todo es posible gracias a Xerox\u00ae de Tinta S\u00f3lida, la soluci\u00f3n de colores de oficina con un dise\u00f1o sin cartucho y un m\u00ednimo de embalaje. Esta combinaci\u00f3n sencilla significa menos que fabricar, reduce los residuos dr\u00e1sticamente y necesita menos espacio de almacenamiento para una mejor eficiencia en el transporte mientras le ayuda a ahorrar en costes de env\u00edo y disminuir el impacto ambiental*.<\/p>\n<blockquote>\n<p style=\"font-size: 15px;\"><strong>Menos consumibles<\/strong><\/p>\n<\/blockquote>\n<p style=\"font-size: 15px;\">Nunca m\u00e1s cartuchos de impresi\u00f3n voluminosos, fusor o unidades de imagen que se encuentran en las impresoras l\u00e1ser de color b\u00e1sico y sencillo. Aparte de las barras de Tinta S\u00f3lida, el \u00fanico otro componente que puede necesitar ser reemplazado es el rodillo de mantenimiento\/ unidad de limpieza, que dura decenas de miles de p\u00e1ginas y necesita ser reemplazado solamente un par de veces a lo largo de la vida \u00fatil del dispositivo.<\/p>\n<blockquote>\n<p style=\"font-size: 15px;\"><strong>Pensar globalmente. Actuar localmente.<\/strong><\/p>\n<p style=\"font-size: 15px;\">\n<\/blockquote>\n<p style=\"font-size: 15px;\">El envase de Tinta S\u00f3lida est\u00e1 hecho de material de desecho que puede ser reciclado de nuevo in situ, siempre que ello sea posible.Configuraci\u00f3n del controlador de impresi\u00f3n EarthSmart. Medidor del controlador de impresi\u00f3n f\u00e1cil de usar que le permite seleccionar las opciones de impresi\u00f3n m\u00e1s conscientes con el medio ambiente.\u00a0Certificado por ENERGY STAR\u00ae. Todos los dispositivos ColorQube cumplen con los m\u00e1s estrictos requisitos de ENERGY STAR para el uso de energ\u00eda.<\/p>\n<blockquote>\n<p style=\"font-size: 15px;\"><strong>Tinta de origen biol\u00f3gico<\/strong><\/p>\n<\/blockquote>\n<p style=\"font-size: 15px;\">La Asociaci\u00f3n Americana de Fabricantes deTintas de Impresi\u00f3n ha certificado que la Tinta S\u00f3lida de Xerox\u00ae tiene un contenido de 30% de materiales renovables de origen biol\u00f3gico.\u00a0Papel reciclado se aprecia. Con Tinta S\u00f3lida, no hay necesidad de un papel reciclado \u201cespecial\u201d. Imprima sobre cualquier material reciclado \u2013 o casi cualquier medio y per\u00edodo \u2013 y obtenga colores vibrantes y de alta calidad. Adem\u00e1s, las impresiones de Tinta S\u00f3lida son completamente reciclables.<\/p>\n<blockquote>\n<p style=\"font-size: 15px;\"><strong>Software GreenPrint incluido<\/strong><\/p>\n<\/blockquote>\n<p style=\"font-size: 15px;\">La herramienta est\u00e1ndar GreenPrint detecta autom\u00e1ticamente las p\u00e1ginas innecesarias, tales como las que s\u00f3lo tienen una direcci\u00f3n web o una imagen sin sentido, y le permite seleccionar las p\u00e1ginas que realmente necesita para imprimir, lo que ayuda a reducir el uso de papel y consumibles. (No aplicable a la ColorQube serie 9300).<\/p>\n<blockquote>\n<p style=\"font-size: 15px;\"><strong>Impresi\u00f3n eficiente<\/strong><\/p>\n<\/blockquote>\n<p style=\"font-size: 15px;\">El proceso de formaci\u00f3n de im\u00e1genes con Tinta S\u00f3lida es muy eficiente, ya que transfiere casi 100% de la tinta a la p\u00e1gina durante la impresi\u00f3n normal.<\/p>\n<p style=\"font-size: 11.5px; text-decoration: none;\">* Tinta S\u00f3lida sin cartuchos: menos que fabricar, nunca m\u00e1s cartuchos de t\u00f3ner vac\u00edos para desechar o reciclar, y menos espacio de almacenamiento necesario que los dispositivos l\u00e1ser comparables. Las impresoras de Tinta S\u00f3lida generan hasta un 90% menos de residuos de impresi\u00f3n durante el uso que los dispositivos l\u00e1ser comparables (en base a la evaluaci\u00f3n del ciclo de vida realizada en noviembre de 2011. Para obtener m\u00e1s informaci\u00f3n, visite\u00a0<a href=\"http:\/\/www.xerox.com\/SolidInkLifeCycle\">Xerox<\/a>).<\/p>\n<hr \/>\n<p style=\"text-align: left;\"><a href=\"mailto:sales@grafimedia.eu?subject=MFPs e Impresoras xerox\">\u00bfInteresado? Solicite m\u00e1s informaci\u00f3n<\/a><\/p>\n<p><img loading=\"lazy\" decoding=\"async\" src=\"http:\/\/grafimedia.eu\/wp-content\/uploads\/2016\/02\/xerox_logo_2008_trans-white-bg-300x80.png\" alt=\"xerox_logo_2008_trans white-bg\" width=\"142\" height=\"80\" align=\"left\" \/><\/p>\n","protected":false},"excerpt":{"rendered":"<p>MFPs e Impresoras XEROX S\u00f3lo Xerox\u00ae puede cumplir la promesa del color asequible para todos los documentos, todos los d\u00edas. Esto es posible con la tecnolog\u00eda de tinta s\u00f3lida patentada por Xerox\u00ae. Construida a partir del inicio para la impresi\u00f3n <a class=\"more-link\" href=\"https:\/\/grafimedia.eu\/esp\/mfps-e-impresoras-xerox\/\">Continue reading <span class=\"screen-reader-text\">  MFPs e Impresoras xerox<\/span><span class=\"meta-nav\">&rarr;<\/span><\/a><\/p>\n","protected":false},"author":1,"featured_media":452,"parent":0,"menu_order":0,"comment_status":"closed","ping_status":"closed","template":"page-disable-sidebar.php","meta":{"_exactmetrics_skip_tracking":false,"_exactmetrics_sitenote_active":false,"_exactmetrics_sitenote_note":"","_exactmetrics_sitenote_category":0,"footnotes":""},"class_list":["post-54","page","type-page","status-publish","has-post-thumbnail","hentry"],"_links":{"self":[{"href":"https:\/\/grafimedia.eu\/esp\/wp-json\/wp\/v2\/pages\/54"}],"collection":[{"href":"https:\/\/grafimedia.eu\/esp\/wp-json\/wp\/v2\/pages"}],"about":[{"href":"https:\/\/grafimedia.eu\/esp\/wp-json\/wp\/v2\/types\/page"}],"author":[{"embeddable":true,"href":"https:\/\/grafimedia.eu\/esp\/wp-json\/wp\/v2\/users\/1"}],"replies":[{"embeddable":true,"href":"https:\/\/grafimedia.eu\/esp\/wp-json\/wp\/v2\/comments?post=54"}],"version-history":[{"count":5,"href":"https:\/\/grafimedia.eu\/esp\/wp-json\/wp\/v2\/pages\/54\/revisions"}],"predecessor-version":[{"id":455,"href":"https:\/\/grafimedia.eu\/esp\/wp-json\/wp\/v2\/pages\/54\/revisions\/455"}],"wp:featuredmedia":[{"embeddable":true,"href":"https:\/\/grafimedia.eu\/esp\/wp-json\/wp\/v2\/media\/452"}],"wp:attachment":[{"href":"https:\/\/grafimedia.eu\/esp\/wp-json\/wp\/v2\/media?parent=54"}],"curies":[{"name":"wp","href":"https:\/\/api.w.org\/{rel}","templated":true}]}}