{"id":529,"date":"2016-08-28T14:17:32","date_gmt":"2016-08-28T14:17:32","guid":{"rendered":"http:\/\/grafimedia.eu\/esp\/?page_id=529"},"modified":"2016-08-29T11:59:22","modified_gmt":"2016-08-29T11:59:22","slug":"acerca-de-nosotros","status":"publish","type":"page","link":"https:\/\/grafimedia.eu\/esp\/acerca-de-nosotros\/","title":{"rendered":"Acerca de Nosotros"},"content":{"rendered":"<h1>Acerca de Nosotros<\/h1>\n<h3>La Compa\u00f1\u00eda Grafimedia<\/h3>\n<p><strong>\u201cLa informaci\u00f3n correcta que llega al m\u00e9dico de forma r\u00e1pida y en el momento adecuado puede salvar vidas\u201d<\/strong><\/p>\n<p>Grafimedia desarrolla, instala y es compatible con los sistemas de informaci\u00f3n m\u00e9dica digitales.\u00a0 La informaci\u00f3n cl\u00ednica puede estar disponible en forma de texto, voz, imagen o video. Las im\u00e1genes cl\u00ednicas que son generadas por el equipo m\u00e9dico, como un esc\u00e1ner de ultrasonido, tomograf\u00eda computarizada, resonancia magn\u00e9tica, colposcopio, endoscopio o microscopio se transfieren a un ordenador donde se integran con otra informaci\u00f3n relevante en un archivo electr\u00f3nico del paciente.<\/p>\n<p><img loading=\"lazy\" decoding=\"async\" class=\" wp-image-536 aligncenter\" src=\"http:\/\/grafimedia.eu\/esp\/wp-content\/uploads\/sites\/4\/2016\/08\/Grafimedia-develops-installs-and-supports-digital-medical-information-systems..jpg\" alt=\"Acerca de Nosotros: La Compa\u00f1\u00eda Grafimedia\" width=\"948\" height=\"451\" \/><\/p>\n<p>Este archivo multimedia puede entonces ser puesto a disposici\u00f3n a trav\u00e9s de una red de \u00e1rea local ( LAN ) o una red de \u00e1rea extensa ( WAN ) a cualquier punto que se necesita. Cuando no es posible transferir la informaci\u00f3n digital a trav\u00e9s de la red, se puede grabar en un CD- ROM o DVD y luego ser entregada f\u00edsicamente al lugar donde se necesita. Aunque Grafimedia se centra en la informaci\u00f3n cl\u00ednica digital, en caso de que sea necesario para que una copia impresa, quiz\u00e1s para fines de documentaci\u00f3n, proporcionamos la soluci\u00f3n para imprimir en papel de tama\u00f1o A4.<\/p>\n<p>Los expertos en tecnolog\u00eda de la informaci\u00f3n de Grafimedia evaluan correctamente las necesidades del cliente y pueden recomendar una soluci\u00f3n total que se ajusta mejor al presupuesto de la pr\u00e1ctica privada, centro de diagn\u00f3stico, cl\u00ednica o hospital. Podr\u00e1n proponer sistemas que se han desarrollado en la empresa, o pueden recomendar productos de alta calidad de fabricantes de terceras partes bien conocidos de todas partes del mundo. Un examen cuidadoso de los datos financieros y t\u00e9cnicos, junto con el an\u00e1lisis exhaustivo de las necesidades del cliente, permiten a nuestros expertos a proponer la soluci\u00f3n con el costo m\u00e1s favorable al cociente de valor.<\/p>\n<p>Departamentos: <a href=\"mailto:sales@grafimedia.eu\">Departamento de ventas<\/a>, <a href=\"mailto:support@grafimedia.eu\">Departamento de soporte<\/a>, <a href=\"mailto:development@grafimedia.eu\">Departamento de Desarrollo<\/a>, <a href=\"mailto:marketing@grafimedia.eu\">Departamento de Marketing<\/a><\/p>\n<p>Especialidades: Tecnolog\u00eda de la Informaci\u00f3n de Salud,\u00a0<a href=\"http:\/\/grafimedia.eu\/blog\/picture-archiving-communication-system-pacs\/\">PACS <\/a>, <a href=\"http:\/\/grafimedia.eu\/blog\/dicom-digital-imaging-communications-medicine\/\">DICOM<\/a> , <a href=\"http:\/\/grafimedia.eu\/blog\/icon-integrated-health-information-technology-service\/\">ICON<\/a>, <a href=\"http:\/\/grafimedia.eu\/blog\/what-is-ehealth\/\">eHealth<\/a><\/p>\n<p>Fundada en 1994<\/p>\n","protected":false},"excerpt":{"rendered":"<p>Acerca de Nosotros La Compa\u00f1\u00eda Grafimedia \u201cLa informaci\u00f3n correcta que llega al m\u00e9dico de forma r\u00e1pida y en el momento adecuado puede salvar vidas\u201d Grafimedia desarrolla, instala y es compatible con los sistemas de informaci\u00f3n m\u00e9dica digitales.\u00a0 La informaci\u00f3n cl\u00ednica <a class=\"more-link\" href=\"https:\/\/grafimedia.eu\/esp\/acerca-de-nosotros\/\">Continue reading <span class=\"screen-reader-text\">  Acerca de Nosotros<\/span><span class=\"meta-nav\">&rarr;<\/span><\/a><\/p>\n","protected":false},"author":10,"featured_media":536,"parent":0,"menu_order":0,"comment_status":"closed","ping_status":"closed","template":"page-disable-sidebar.php","meta":{"_exactmetrics_skip_tracking":false,"_exactmetrics_sitenote_active":false,"_exactmetrics_sitenote_note":"","_exactmetrics_sitenote_category":0,"footnotes":""},"class_list":["post-529","page","type-page","status-publish","has-post-thumbnail","hentry"],"_links":{"self":[{"href":"https:\/\/grafimedia.eu\/esp\/wp-json\/wp\/v2\/pages\/529"}],"collection":[{"href":"https:\/\/grafimedia.eu\/esp\/wp-json\/wp\/v2\/pages"}],"about":[{"href":"https:\/\/grafimedia.eu\/esp\/wp-json\/wp\/v2\/types\/page"}],"author":[{"embeddable":true,"href":"https:\/\/grafimedia.eu\/esp\/wp-json\/wp\/v2\/users\/10"}],"replies":[{"embeddable":true,"href":"https:\/\/grafimedia.eu\/esp\/wp-json\/wp\/v2\/comments?post=529"}],"version-history":[{"count":5,"href":"https:\/\/grafimedia.eu\/esp\/wp-json\/wp\/v2\/pages\/529\/revisions"}],"predecessor-version":[{"id":538,"href":"https:\/\/grafimedia.eu\/esp\/wp-json\/wp\/v2\/pages\/529\/revisions\/538"}],"wp:featuredmedia":[{"embeddable":true,"href":"https:\/\/grafimedia.eu\/esp\/wp-json\/wp\/v2\/media\/536"}],"wp:attachment":[{"href":"https:\/\/grafimedia.eu\/esp\/wp-json\/wp\/v2\/media?parent=529"}],"curies":[{"name":"wp","href":"https:\/\/api.w.org\/{rel}","templated":true}]}}