{"id":521,"date":"2016-08-28T14:00:55","date_gmt":"2016-08-28T14:00:55","guid":{"rendered":"http:\/\/grafimedia.eu\/esp\/?page_id=521"},"modified":"2018-02-26T20:38:04","modified_gmt":"2018-02-26T19:38:04","slug":"terminos-condiciones","status":"publish","type":"page","link":"https:\/\/grafimedia.eu\/esp\/terminos-condiciones\/","title":{"rendered":"T\u00e9rminos y Condiciones"},"content":{"rendered":"<h1>T\u00e9rminos y Condiciones<\/h1>\n<p>Este sitio web (en adelante denominado &#8220;Sitio Web &#8220;) es ofrecido a usted por la empresa Grafimedia.eu .(en adelante denominada &#8221; Grafimedia &#8220;).<\/p>\n<p>Los siguientes T\u00e9rminos y Condiciones regulan el acceso y uso de este Sitio Web. Adem\u00e1s, los t\u00e9rminos y condiciones espec\u00edficos pueden aplicarse a un contenido espec\u00edfico, datos, materiales o informaci\u00f3n contenidos en o disponibles a trav\u00e9s de este sitio Web ( en adelante denominados el &#8220;Contenido &#8220;) y de contenido espec\u00edfico,\u00a0 datos, materiales o informaci\u00f3n que Usted puede cargar, enviar y \/ o publicar en el sitio web ( en adelante denominados&#8221; contenido de usuario &#8221; ) o las operaciones realizadas a trav\u00e9s de este sitio web. Tales t\u00e9rminos espec\u00edficos pueden ser, adem\u00e1s de estos T\u00e9rminos y Condiciones o, cuando y s\u00f3lo en la medida que se especifique expresamente, pueden sustituir a estos T\u00e9rminos y Condiciones.<\/p>\n<p>&nbsp;<\/p>\n<p><strong>1. Aceptaci\u00f3n de los T\u00e9rminos y Condiciones<\/strong><\/p>\n<p>Al acceder o utilizar este sitio web usted acepta estar legalmente sometido a los T\u00e9rminos y Condiciones contenidos o referidos en este documento o a cualquiera de los t\u00e9rminos y condiciones adicionales que se establecen en este Sitio Web. Si NO acepta todos estos t\u00e9rminos, NO debe acceder o utilizar este Sitio Web.<\/p>\n<p>&nbsp;<\/p>\n<p><strong>2. Modificaci\u00f3n de los T\u00e9rminos<\/strong><\/p>\n<p>Estos T\u00e9rminos y Condiciones podr\u00e1n ser modificados por Grafimedia en cualquier momento. Tales t\u00e9rminos y condiciones modificados entrar\u00e1n en vigencia una vez publicados. Al continuar con el acceso o uso del Sitio Web despu\u00e9s de dicha publicaci\u00f3n , se le considerar\u00e1 que ha aceptado tales modificaciones. Se le aconseja revisar peri\u00f3dicamente los t\u00e9rminos y condiciones aplicables. Otros sitios web Grafimedia pueden tener sus propias condiciones de uso que se aplican a dichos sitios web.<br \/>\nGrafimedia se reserva el derecho de interrumpir o realizar cambios o actualizaciones con respecto al Sitio Web o el contenido del sitio Web en cualquier momento sin previo aviso. Grafimedia se reserva el derecho de restringir, rechazar o cancelar el acceso de cualquier persona al Sitio Web o cualquier parte del mismo con efecto inmediato y sin previo aviso en cualquier momento y por cualquier motivo a su exclusiva discreci\u00f3n.<\/p>\n<p>&nbsp;<\/p>\n<p><strong>3. Este es un sitio web p\u00fablico<\/strong><\/p>\n<p>Usted no debe tener ninguna expectativa de confidencialidad con respecto a cualquier Contenido de usuario que Usted puede presentar en este Sitio Web. No env\u00ede informaci\u00f3n confidencial aqu\u00ed.<\/p>\n<p>Grafimedia y sus subsidiarias, afiliados, socios, licenciantes, licenciatarios de marcas y proveedores no tendr\u00e1n ninguna responsabilidad por interrupciones u omisiones en Internet, en servicios de alojamiento o de red y no garantizan que el sitio web o los servicios que dan acceso a este Sitio Web o las comunicaciones electr\u00f3nicas enviadas por Grafimedia est\u00e1n libres de virus u otros elementos nocivos.<\/p>\n<p>Cualquier material descargado u obtenido a trav\u00e9s del uso de este Sitio Web se realiza bajo su propia responsabilidad y riesgo. Usted ser\u00e1 el \u00fanico responsable de cualquier da\u00f1o a su sistema inform\u00e1tico o p\u00e9rdida de datos que resulte de la descarga de dicho material.<\/p>\n<p>&nbsp;<\/p>\n<p><strong>4. Contenido de terceros \/ Software<\/strong><\/p>\n<p>Grafimedia es de ninguna manera responsable por el contenido de cualquier sitio de propiedad de un tercero que pueda tener relaci\u00f3n con el Sitio Web a trav\u00e9s de un hiperv\u00ednculo, est\u00e9 o no dicho hiperv\u00ednculo es proporcionado por el Sitio Web o por un tercero de acuerdo con los T\u00e9rminos y Condiciones. Cualquier enlace en nuestro sitio web a otro sitio no es un endoso de dicho otro sitio y ning\u00fan juicio o garant\u00eda se presta con respecto a la exactitud , puntualidad o idoneidad del contenido de cualquier sitio al que puede tener un enlace al Sitio Web , y por lo tanto, no asumimos ninguna responsabilidad en absoluto.<\/p>\n<p>&nbsp;<\/p>\n<p><strong>5. Derechos de autor y marcas comerciales<\/strong><\/p>\n<p>Los derechos de autor y todos los dem\u00e1s derechos de propiedad en el Contenido proporcionado por Grafimedia , sus filiales, subsidiarias, concesionarios de la marca y \/ u otros socios, el software para operar y publicar el Sitio Web, la recopilaci\u00f3n de datos en el Sitio Web, y el orden, secuencia y disposici\u00f3n de este Sitio Web, todos pertenecen a Grafimedia , Spiros Kokkalis y \/ o sus licenciatarios de marcas , otros socios o licenciatarios. Todos los derechos del Contenido que no est\u00e9n expresamente concedidos aqu\u00ed son reservados. Grafimedia es una marca comercial registrada de Spiros Kokkalis.<\/p>\n<p>El uso y el registro del nombre de Grafimedia est\u00e1n reservados exclusivamente a nuestra compa\u00f1\u00eda. Usted no puede registrarse ni utilizar un nombre de empresa, nombre legal , nombre comercial , nombre de dominio u otro nombre, indicaci\u00f3n o descripci\u00f3n, de los cuales el nombre Grafimedia o cualquier nombre similar al mismo o cualquier nombre que se compone de una parte del nombre Grafimedia,\u00a0 ni deber\u00e1 incluir cualquier otra marca registrada propiedad de Spiros Kokkalis.<\/p>\n<p>&nbsp;<\/p>\n<p><strong>6. Derechos de propiedad en el Sitio Web<\/strong><\/p>\n<p>Este Sitio Web es p\u00fablico por naturaleza y toda la informaci\u00f3n presentada en \u00e9l se considerar\u00e1 no confidencial. Usted reconoce que cualquier sometimiento de cualquieras invenciones contenidas en cualquier Contenido de usuario proporcionada por usted, constituir\u00e1 una &#8220;publicaci\u00f3n &#8221; de dicha invenci\u00f3n bajo las leyes de patentes aplicables.<\/p>\n<p>Usted reconoce que cualquier Contenido del usuario enviado y \/ o discutido en el Sitio Web puede ser objeto de patentes, derechos de autor, marcas comerciales y otros derechos de propiedad intelectual de Grafimedia, sus subsidiarias, afiliadas, concesionarios de marca, otros socios o terceros. Si se tiene en cuenta la explotaci\u00f3n de todas las ideas, propuestas, sugerencias o soluciones o cualquier otro Contenido de Usuario enviados al Sitio Web, usted es responsable de obtener la autorizaci\u00f3n de propiedad intelectual adecuada antes de participar en cualquier conducta explotadora.<\/p>\n<p>&nbsp;<\/p>\n<p><strong>7. Cierre de Sitio<\/strong><\/p>\n<p>Tenemos el derecho exclusivo para apagar el Sitio Web o cualquier parte del mismo por cualquier motivo y en cualquier momento sin previo aviso o consentimiento. No tendremos ninguna responsabilidad por la falta de almacenar o eliminar cualquier Contenido y \/ o Contenido del usuario enviado al Sitio Web.<\/p>\n<p>&nbsp;<\/p>\n<p><strong>8. Resoluci\u00f3n de Disputas<\/strong><\/p>\n<p>Estos T\u00e9rminos y Condiciones se regir\u00e1n e interpretar\u00e1n de conformidad con las leyes de la uni\u00f3n de Europa y Grecia. Usted est\u00e1 de acuerdo a la jurisdicci\u00f3n no exclusiva de los tribunales en Grecia para cualquier litigio, reclamaci\u00f3n o causa de acci\u00f3n que surja de o est\u00e9 relacionada con o en conexi\u00f3n con estos T\u00e9rminos y Condiciones o su uso de este Sitio Web, incluyendo todos los litigios relativos a la existencia o validez de estos T\u00e9rminos y Condiciones, siempre y cuando usted se compromete a someter sus litigios, reclamos o causas de acci\u00f3n exclusivamente a los tribunales de Grecia.<\/p>\n<p><strong>Gracias por visitar nuestro sitio Web.<\/strong><\/p>\n<p>\u00daltima actualizaci\u00f3n : Enero de 2018<\/p>\n","protected":false},"excerpt":{"rendered":"<p>T\u00e9rminos y Condiciones Este sitio web (en adelante denominado &#8220;Sitio Web &#8220;) es ofrecido a usted por la empresa Grafimedia.eu .(en adelante denominada &#8221; Grafimedia &#8220;). Los siguientes T\u00e9rminos y Condiciones regulan el acceso y uso de este Sitio Web. <a class=\"more-link\" href=\"https:\/\/grafimedia.eu\/esp\/terminos-condiciones\/\">Continue reading <span class=\"screen-reader-text\">  T\u00e9rminos y Condiciones<\/span><span class=\"meta-nav\">&rarr;<\/span><\/a><\/p>\n","protected":false},"author":10,"featured_media":522,"parent":0,"menu_order":0,"comment_status":"closed","ping_status":"closed","template":"page-disable-sidebar.php","meta":{"_exactmetrics_skip_tracking":false,"_exactmetrics_sitenote_active":false,"_exactmetrics_sitenote_note":"","_exactmetrics_sitenote_category":0,"footnotes":""},"class_list":["post-521","page","type-page","status-publish","has-post-thumbnail","hentry"],"_links":{"self":[{"href":"https:\/\/grafimedia.eu\/esp\/wp-json\/wp\/v2\/pages\/521"}],"collection":[{"href":"https:\/\/grafimedia.eu\/esp\/wp-json\/wp\/v2\/pages"}],"about":[{"href":"https:\/\/grafimedia.eu\/esp\/wp-json\/wp\/v2\/types\/page"}],"author":[{"embeddable":true,"href":"https:\/\/grafimedia.eu\/esp\/wp-json\/wp\/v2\/users\/10"}],"replies":[{"embeddable":true,"href":"https:\/\/grafimedia.eu\/esp\/wp-json\/wp\/v2\/comments?post=521"}],"version-history":[{"count":5,"href":"https:\/\/grafimedia.eu\/esp\/wp-json\/wp\/v2\/pages\/521\/revisions"}],"predecessor-version":[{"id":607,"href":"https:\/\/grafimedia.eu\/esp\/wp-json\/wp\/v2\/pages\/521\/revisions\/607"}],"wp:featuredmedia":[{"embeddable":true,"href":"https:\/\/grafimedia.eu\/esp\/wp-json\/wp\/v2\/media\/522"}],"wp:attachment":[{"href":"https:\/\/grafimedia.eu\/esp\/wp-json\/wp\/v2\/media?parent=521"}],"curies":[{"name":"wp","href":"https:\/\/api.w.org\/{rel}","templated":true}]}}