{"id":52,"date":"2016-02-10T18:32:01","date_gmt":"2016-02-10T18:32:01","guid":{"rendered":"http:\/\/grafimedia.eu\/esp\/?page_id=52"},"modified":"2016-08-27T20:18:20","modified_gmt":"2016-08-27T20:18:20","slug":"servicios-impresion-gestionados-xerox","status":"publish","type":"page","link":"https:\/\/grafimedia.eu\/esp\/servicios-impresion-gestionados-xerox\/","title":{"rendered":"Servicios de Impresi\u00f3n Gestionados Xerox"},"content":{"rendered":"<h1>Servicios de Impresi\u00f3n Gestionados Xerox (MPS)<\/h1>\n<p>Ya sean de papel o digitales, los documentos son necesarios para ayudar a atender a los clientes y estimular la actividad empresarial. Sin embargo, la mayor\u00eda de las empresas no saben cu\u00e1nto tiempo y dinero gastan en los procesos de documentos y dispositivos de impresi\u00f3n. Le ayudaremos a obtener el control de sus documentos y ahorrar hasta un 30 % en el proceso.<\/p>\n<p>Tanto si quieres ahorrar dinero, automatizar los flujos de trabajo de documentos o permitir la impresi\u00f3n m\u00f3vil, nuestra \u00a0experiencia en los <strong>servicios de impresi\u00f3n gestionados ( MPS )<\/strong> puede ayudar. Los clientes obtienen el control de sus procesos de documentos a trav\u00e9s de nuestra enfoque probada en tres etapas, que se basa en ayudar a miles de organizaciones a sacar m\u00e1s provecho de su inversi\u00f3n en infraestructura de impresi\u00f3n.<\/p>\n<blockquote>\n<p style=\"font-size: 15px;\"><strong>Evaluar y optimizar<\/strong><\/p>\n<\/blockquote>\n<p style=\"font-size: 15px;\">El primer beneficio que ver\u00e1 es el ahorro de los costes &#8211; hasta un 30 % en los costos totales de documentos. Mediante la impresi\u00f3n por menos, y la impresi\u00f3n de menos, Usted puede tambi\u00e9n apoyar sus objetivos de sostenibilidad.<\/p>\n<blockquote>\n<p style=\"font-size: 15px;\"><strong>Asegurar e integrar<\/strong><\/p>\n<\/blockquote>\n<p style=\"font-size: 15px;\">A medida que su estrategia de MPS madura, podr\u00e1s hacer m\u00e1s, por ejemplo mejorar la seguridad de los documentos y apoyar a los trabajadores m\u00f3viles que necesitan imprimir.<\/p>\n<blockquote>\n<p style=\"font-size: 15px;\"><strong>Automatizar y simplificar<\/strong><\/p>\n<\/blockquote>\n<p style=\"font-size: 15px;\">En el nivel m\u00e1s avanzado de MPS, ver\u00e1 una mayor automatizaci\u00f3n, integraci\u00f3n y simplificaci\u00f3n de los procesos basados en papel y digitales.<\/p>\n<p><img loading=\"lazy\" decoding=\"async\" class=\"aligncenter wp-image-480 size-full\" src=\"http:\/\/grafimedia.eu\/esp\/wp-content\/uploads\/sites\/4\/2016\/02\/grafimedia-printers.jpg\" alt=\"Grafimedia Servicios de Impresi\u00f3n Gestionados Xerox (MPS)\" width=\"708\" height=\"432\" srcset=\"https:\/\/grafimedia.eu\/esp\/wp-content\/uploads\/sites\/4\/2016\/02\/grafimedia-printers.jpg 708w, https:\/\/grafimedia.eu\/esp\/wp-content\/uploads\/sites\/4\/2016\/02\/grafimedia-printers-300x183.jpg 300w\" sizes=\"(max-width: 708px) 100vw, 708px\" \/><\/p>\n<p>&nbsp;<\/p>\n<hr \/>\n<p><a href=\"mailto:sales@grafimedia.eu?subject=Servicios de impresi\u00f3n gestionados xerox\">\u00bfInteresado? Solicite m\u00e1s informaci\u00f3n<\/a><\/p>\n<p><img loading=\"lazy\" decoding=\"async\" src=\"http:\/\/grafimedia.eu\/wp-content\/uploads\/2016\/02\/xerox_logo_2008_trans-white-bg-300x80.png\" alt=\"xerox_logo_2008_trans white-bg\" width=\"142\" height=\"80\" align=\"left\" \/><\/p>\n","protected":false},"excerpt":{"rendered":"<p>Servicios de Impresi\u00f3n Gestionados Xerox (MPS) Ya sean de papel o digitales, los documentos son necesarios para ayudar a atender a los clientes y estimular la actividad empresarial. Sin embargo, la mayor\u00eda de las empresas no saben cu\u00e1nto tiempo y <a class=\"more-link\" href=\"https:\/\/grafimedia.eu\/esp\/servicios-impresion-gestionados-xerox\/\">Continue reading <span class=\"screen-reader-text\">  Servicios de Impresi\u00f3n Gestionados Xerox<\/span><span class=\"meta-nav\">&rarr;<\/span><\/a><\/p>\n","protected":false},"author":1,"featured_media":480,"parent":0,"menu_order":0,"comment_status":"closed","ping_status":"closed","template":"page-disable-sidebar.php","meta":{"_exactmetrics_skip_tracking":false,"_exactmetrics_sitenote_active":false,"_exactmetrics_sitenote_note":"","_exactmetrics_sitenote_category":0,"footnotes":""},"class_list":["post-52","page","type-page","status-publish","has-post-thumbnail","hentry"],"_links":{"self":[{"href":"https:\/\/grafimedia.eu\/esp\/wp-json\/wp\/v2\/pages\/52"}],"collection":[{"href":"https:\/\/grafimedia.eu\/esp\/wp-json\/wp\/v2\/pages"}],"about":[{"href":"https:\/\/grafimedia.eu\/esp\/wp-json\/wp\/v2\/types\/page"}],"author":[{"embeddable":true,"href":"https:\/\/grafimedia.eu\/esp\/wp-json\/wp\/v2\/users\/1"}],"replies":[{"embeddable":true,"href":"https:\/\/grafimedia.eu\/esp\/wp-json\/wp\/v2\/comments?post=52"}],"version-history":[{"count":5,"href":"https:\/\/grafimedia.eu\/esp\/wp-json\/wp\/v2\/pages\/52\/revisions"}],"predecessor-version":[{"id":485,"href":"https:\/\/grafimedia.eu\/esp\/wp-json\/wp\/v2\/pages\/52\/revisions\/485"}],"wp:featuredmedia":[{"embeddable":true,"href":"https:\/\/grafimedia.eu\/esp\/wp-json\/wp\/v2\/media\/480"}],"wp:attachment":[{"href":"https:\/\/grafimedia.eu\/esp\/wp-json\/wp\/v2\/media?parent=52"}],"curies":[{"name":"wp","href":"https:\/\/api.w.org\/{rel}","templated":true}]}}