{"id":46,"date":"2016-02-10T18:14:52","date_gmt":"2016-02-10T18:14:52","guid":{"rendered":"http:\/\/grafimedia.eu\/esp\/?page_id=46"},"modified":"2019-05-04T18:37:35","modified_gmt":"2019-05-04T16:37:35","slug":"philips-sistemas-de-dictado","status":"publish","type":"page","link":"https:\/\/grafimedia.eu\/esp\/philips-sistemas-de-dictado\/","title":{"rendered":"Philips Sistemas de Dictado"},"content":{"rendered":"<h1>Philips Sistemas de Dictado<\/h1>\n<p>[metaslider id=419]<\/p>\n<p style=\"font-size: 185x;\">Convertir voz a texto de forma f\u00e1cil con calidad de grabaci\u00f3n superior. El sistema de dictado y transcripci\u00f3n de Philips le permite convertir la voz en texto, a\u00fan m\u00e1s r\u00e1pido que antes. La grabadora de voz digital Pocket memo combina dos micr\u00f3fonos para una calidad de audio superior con un dise\u00f1o ergon\u00f3mico, ligero y robusto. Junto con el software, f\u00e1cil de usar, y el pedal conveniente, el dictado y la transcripci\u00f3n nunca han sido m\u00e1s f\u00e1cil.<\/p>\n<h2 style=\"font-size: 185x;\"><\/h2>\n<p>&nbsp;<\/p>\n<h2 style=\"font-size: 185x;\"><\/h2>\n<h2 style=\"font-size: 185x;\">Kit de inicio Philips DPM 6700 DPM4<\/h2>\n<h3 style=\"font-size: 185x;\">Kit de dictado y transcripci\u00f3n Pocket Memo<\/h3>\n<p><iframe loading=\"lazy\" title=\"Philips Digital Pocket Memo - Large, high-resolution color display\" width=\"530\" height=\"298\" src=\"https:\/\/www.youtube.com\/embed\/Xd0UOGaRJd4?feature=oembed\" frameborder=\"0\" allow=\"accelerometer; autoplay; clipboard-write; encrypted-media; gyroscope; picture-in-picture; web-share\" referrerpolicy=\"strict-origin-when-cross-origin\" allowfullscreen><\/iframe><\/p>\n<h3>Soluci\u00f3n de grabaci\u00f3n profesional<\/h3>\n<p>Dos micr\u00f3fonos para grabaciones de audio est\u00e9reo superior.<br \/>\nGrabaci\u00f3n de alta calidad en formato DSS y MP3.<br \/>\nPulsador conveniente para un control de grabaci\u00f3n profesional.<br \/>\nRobusta carcasa de acero inoxidable para una mayor durabilidad.<br \/>\nPantalla a color grande y uso de la interfaz claro para una operaci\u00f3n f\u00e1cil e intuitiva.<br \/>\nSensor de luz y bater\u00eda de litio-i\u00f3n para un uso prolongado.<br \/>\nDescarga autom\u00e1tica de archivos a trav\u00e9s de USB para una transcripci\u00f3n r\u00e1pida.<\/p>\n<p>&nbsp;<\/p>\n<h3>Soluci\u00f3n de Transcripci\u00f3n profesional<\/h3>\n<p>Software de flujo de trabajo SpeechExec para la gesti\u00f3n eficientede los datos<br \/>\nPedal ergon\u00f3mico para el control conveniente de la reproducci\u00f3n.<br \/>\nAuriculares est\u00e9reo ligeros para una mayor comodidad de uso.<br \/>\nInformaci\u00f3n de prioridad para el tratamiento immediato de las tareas.<\/p>\n<h3>\u00a0<img loading=\"lazy\" decoding=\"async\" class=\"wp-image-432 alignnone\" src=\"http:\/\/grafimedia.eu\/esp\/wp-content\/uploads\/sites\/4\/2016\/02\/Philips-DPM-6700-DPM4-Starter-Kit-Grafimedia-e1472310622119.jpg\" alt=\"Philips Sistemas de Dictado\" width=\"828\" height=\"413\" \/><\/h3>\n<h3>Contenidos del paquete<\/h3>\n<p>Grabadora de voz digital Pocket Memo DPM6000<br \/>\nPedal LFH2330<br \/>\nAuriculares est\u00e9reo LFH0334<br \/>\nTarjeta de memoria<br \/>\nSoftware de transcripci\u00f3n SpeechExec<br \/>\nSoftware de dictado SpeechExec<br \/>\nBater\u00eda recargable<br \/>\nCable USB<br \/>\nBolsa<br \/>\nGu\u00eda de inicio r\u00e1pido<\/p>\n<p>&nbsp;<\/p>\n<h3>Requisitos del sistema<\/h3>\n<p><strong>Procesador:<\/strong> Intel Pentium 4 , 1.0 GHz o procesador equivalente<br \/>\n<strong>Memoria RAM:<\/strong> 1 GB ( 2 GB recomendados )<br \/>\n<strong>Espacio en disco duro:<\/strong> 100 MB para el software SpeechExec , 850 MB ( 32 bits) \/ 2 GB ( 64 bits) para Microsoft .NET Framework (Windows )<br \/>\n<strong>Sistema operativo:<\/strong> Windows 8 \/ 7 \/ Vista ( 32\/64 bits) , Mac OS X 10.10 \/ 10.9 (la funcionalidad Mac puede ser limitada )<br \/>\n<strong>Puerto USB libre<\/strong><br \/>\n<strong>Unidad de DVD &#8211; ROM<\/strong><br \/>\n<strong>Tarjeta gr\u00e1fica:<\/strong> tarjeta gr\u00e1fica DirectX &#8211; compatible con aceleraci\u00f3n de hardware recomendada (Windows )<br \/>\n<strong>Windows Media Player se debe instalar en un sistema operativo Windows<\/strong><\/p>\n<p>&nbsp;<\/p>\n<h3><strong>El desarrollo del dictado profesional\u00a0(1954 &#8211; Actualidad)<br \/>\n<\/strong><\/h3>\n<p>[metaslider id=279]<\/p>\n<p>&nbsp;<\/p>\n<hr \/>\n<p><a href=\"mailto:sales@grafimedia.eu?subject=PHILIPS Dictation Systems\">\u00bfInteresado? Solicite m\u00e1s informaci\u00f3n<\/a><\/p>\n<p><img loading=\"lazy\" decoding=\"async\" class=\"size-medium wp-image-624 alignnone\" src=\"https:\/\/grafimedia.eu\/esp\/wp-content\/uploads\/sites\/4\/2019\/05\/philips-dictation_certified-partner_label_2019_en_rgb_large-300x214.png\" alt=\"\" width=\"300\" height=\"214\" srcset=\"https:\/\/grafimedia.eu\/esp\/wp-content\/uploads\/sites\/4\/2019\/05\/philips-dictation_certified-partner_label_2019_en_rgb_large-300x214.png 300w, https:\/\/grafimedia.eu\/esp\/wp-content\/uploads\/sites\/4\/2019\/05\/philips-dictation_certified-partner_label_2019_en_rgb_large.png 546w\" sizes=\"(max-width: 300px) 100vw, 300px\" \/><\/p>\n<p>&nbsp;<\/p>\n","protected":false},"excerpt":{"rendered":"<p>Philips Sistemas de Dictado [metaslider id=419] Convertir voz a texto de forma f\u00e1cil con calidad de grabaci\u00f3n superior. El sistema de dictado y transcripci\u00f3n de Philips le permite convertir la voz en texto, a\u00fan m\u00e1s r\u00e1pido que antes. La grabadora <a class=\"more-link\" href=\"https:\/\/grafimedia.eu\/esp\/philips-sistemas-de-dictado\/\">Continue reading <span class=\"screen-reader-text\">  Philips Sistemas de Dictado<\/span><span class=\"meta-nav\">&rarr;<\/span><\/a><\/p>\n","protected":false},"author":1,"featured_media":424,"parent":0,"menu_order":0,"comment_status":"closed","ping_status":"closed","template":"page-disable-sidebar.php","meta":{"_exactmetrics_skip_tracking":false,"_exactmetrics_sitenote_active":false,"_exactmetrics_sitenote_note":"","_exactmetrics_sitenote_category":0,"footnotes":""},"class_list":["post-46","page","type-page","status-publish","has-post-thumbnail","hentry"],"_links":{"self":[{"href":"https:\/\/grafimedia.eu\/esp\/wp-json\/wp\/v2\/pages\/46"}],"collection":[{"href":"https:\/\/grafimedia.eu\/esp\/wp-json\/wp\/v2\/pages"}],"about":[{"href":"https:\/\/grafimedia.eu\/esp\/wp-json\/wp\/v2\/types\/page"}],"author":[{"embeddable":true,"href":"https:\/\/grafimedia.eu\/esp\/wp-json\/wp\/v2\/users\/1"}],"replies":[{"embeddable":true,"href":"https:\/\/grafimedia.eu\/esp\/wp-json\/wp\/v2\/comments?post=46"}],"version-history":[{"count":5,"href":"https:\/\/grafimedia.eu\/esp\/wp-json\/wp\/v2\/pages\/46\/revisions"}],"predecessor-version":[{"id":625,"href":"https:\/\/grafimedia.eu\/esp\/wp-json\/wp\/v2\/pages\/46\/revisions\/625"}],"wp:featuredmedia":[{"embeddable":true,"href":"https:\/\/grafimedia.eu\/esp\/wp-json\/wp\/v2\/media\/424"}],"wp:attachment":[{"href":"https:\/\/grafimedia.eu\/esp\/wp-json\/wp\/v2\/media?parent=46"}],"curies":[{"name":"wp","href":"https:\/\/api.w.org\/{rel}","templated":true}]}}