{"id":32,"date":"2016-02-10T17:47:06","date_gmt":"2016-02-10T17:47:06","guid":{"rendered":"http:\/\/grafimedia.eu\/esp\/?page_id=32"},"modified":"2016-08-30T15:52:13","modified_gmt":"2016-08-30T15:52:13","slug":"icon-print-video","status":"publish","type":"page","link":"https:\/\/grafimedia.eu\/esp\/icon-print-video\/","title":{"rendered":"icon Print Video"},"content":{"rendered":"<h1>icon Print Video<span style=\"font-size: 15px;\">\u00a0<img loading=\"lazy\" decoding=\"async\" class=\"alignright size-full wp-image-355\" src=\"http:\/\/grafimedia.eu\/esp\/wp-content\/uploads\/sites\/4\/2016\/02\/Grafimedia-ICON-logo-square_9-small-e1472223048973.jpg\" alt=\"Grafimedia-ICON logo\" width=\"88\" height=\"88\" \/><\/span><\/h1>\n<p>[metaslider id=180]<\/p>\n<p style=\"font-size: 15px;\">Con icon Print Video la capacidad de conectar cualquier dispositivo de im\u00e1genes con salida de v\u00eddeo (por ejemplo, ultrasonido, colposcopio, gastroscopio, endoscopio, microscopio) a un PC es posible sin esfuerzo adicional. Adem\u00e1s da la oportunidad de tomar im\u00e1genes en color o en blanco y negro exactamente cuando y donde lo desee. En cuesti\u00f3n de minutos se puede ajustar el brillo, el contraste y la saturaci\u00f3n en cada imagen. Tambi\u00e9n puede imprimirle en papel A4 o A3, eligiendo de entre 1 y 32 im\u00e1genes por p\u00e1gina. imprimir un pie de p\u00e1gina en cada p\u00e1gina con el nombre y la direcci\u00f3n de la instituci\u00f3n m\u00e9dica y ejecutar todas las funciones b\u00e1sicas con s\u00f3lo pulsar un bot\u00f3n, utilizando el control de cuatro botones icon.<\/p>\n<blockquote><p><strong><em>Digitalice y graba v\u00eddeo f\u00e1cilmente<\/em><\/strong><\/p><\/blockquote>\n<p>Es una opci\u00f3n perfecta para todos los proveedores de atenci\u00f3n m\u00e9dica, en caso de que deseen extraer las im\u00e1genes seleccionadas de un v\u00eddeo capturado. Tambi\u00e9n los profesionales sanitarios pueden tener una calidad de impresi\u00f3n superior con una impresora de tinta s\u00f3lida de Xerox. Pueden incluso grabar texto, im\u00e1genes y v\u00eddeos que pertenecen a un examen en un CD \/ DVD. Por favor, tenga en cuenta que solo con el uso de la tarjeta de digitalizaci\u00f3n, de los cables de conexi\u00f3n sugeridos y de <strong>icon <\/strong>se puede controlar y proporcionar mejores resultados.<\/p>\n<h2>Icon DICOM<\/h2>\n<p>Env\u00ede las im\u00e1genes captadas por el icon print al sistema <a href=\"http:\/\/grafimedia.eu\/blog\/picture-archiving-communication-system-pacs\/\">PACS<\/a>, convirti\u00e9ndolos primero en formato<a href=\"http:\/\/grafimedia.eu\/blog\/dicom-digital-imaging-communications-medicine\/\">DICOM<\/a> para que puedan ser reconocidas. B\u00fasqueda y recuperaci\u00f3n de los datos del paciente desde el sistema PACS pueden ser hecho simplemente introduciendo su identificaci\u00f3n. Creaci\u00f3n de un nuevo c\u00f3digo de identificaci\u00f3n en base a la informaci\u00f3n del paciente, si el paciente no tiene c\u00f3digo. La conversi\u00f3n de la serie de im\u00e1genes en formato DICOM y el env\u00edo al sistema PACS son posibles simplemente pulsando el bot\u00f3n \u201cenviar \u201d ( despu\u00e9s de la identificaci\u00f3n del paciente se ha encontrado o creado ).<\/p>\n<p><img loading=\"lazy\" decoding=\"async\" class=\"aligncenter wp-image-351 size-large\" src=\"http:\/\/grafimedia.eu\/esp\/wp-content\/uploads\/sites\/4\/2016\/02\/grafimedia-ehealth-systems-1-1024x482.jpg\" alt=\"Grafimedia icon DICOM\" width=\"1024\" height=\"482\" srcset=\"https:\/\/grafimedia.eu\/esp\/wp-content\/uploads\/sites\/4\/2016\/02\/grafimedia-ehealth-systems-1-1024x482.jpg 1024w, https:\/\/grafimedia.eu\/esp\/wp-content\/uploads\/sites\/4\/2016\/02\/grafimedia-ehealth-systems-1-300x141.jpg 300w, https:\/\/grafimedia.eu\/esp\/wp-content\/uploads\/sites\/4\/2016\/02\/grafimedia-ehealth-systems-1-768x362.jpg 768w, https:\/\/grafimedia.eu\/esp\/wp-content\/uploads\/sites\/4\/2016\/02\/grafimedia-ehealth-systems-1.jpg 2000w\" sizes=\"(max-width: 1024px) 100vw, 1024px\" \/><\/p>\n<p>&nbsp;<\/p>\n<p>\u00bfLe gustar\u00eda ayudar a su empresa a ser m\u00e1s verde? A continuaci\u00f3n, eche un vistazo a las \u00faltimas noticias sobre las impresoras Xerox en la secci\u00f3n <a href=\"http:\/\/grafimedia.eu\/blog\/make-office-greener-grafimedia\/\">Noticias<\/a>.<\/p>\n<p>&nbsp;<\/p>\n<hr \/>\n<div align=\"right\">\n<p style=\"text-align: left;\"><a href=\"mailto:sales@grafimedia.eu?subject=icon Print Video\">\u00bfInteresado? <\/a><a href=\"mailto:sales@grafimedia.eu?subject=icon Print Video\">Solicite m\u00e1s informaci\u00f3n<\/a><a href=\"mailto:sales@grafimedia.eu?subject=icon Print Video\">.<\/a><\/p>\n<\/div>\n<p><img loading=\"lazy\" decoding=\"async\" src=\"http:\/\/grafimedia.eu\/wp-content\/uploads\/2016\/02\/xerox_logo_2008_trans-white-bg-300x80.png\" alt=\"xerox_logo_2008_trans white-bg\" width=\"142\" height=\"80\" align=\"left\" \/><\/p>\n","protected":false},"excerpt":{"rendered":"<p>icon Print Video\u00a0 [metaslider id=180] Con icon Print Video la capacidad de conectar cualquier dispositivo de im\u00e1genes con salida de v\u00eddeo (por ejemplo, ultrasonido, colposcopio, gastroscopio, endoscopio, microscopio) a un PC es posible sin esfuerzo adicional. Adem\u00e1s da la oportunidad <a class=\"more-link\" href=\"https:\/\/grafimedia.eu\/esp\/icon-print-video\/\">Continue reading <span class=\"screen-reader-text\">  icon Print Video<\/span><span class=\"meta-nav\">&rarr;<\/span><\/a><\/p>\n","protected":false},"author":1,"featured_media":335,"parent":0,"menu_order":0,"comment_status":"closed","ping_status":"closed","template":"page-disable-sidebar.php","meta":{"_exactmetrics_skip_tracking":false,"_exactmetrics_sitenote_active":false,"_exactmetrics_sitenote_note":"","_exactmetrics_sitenote_category":0,"footnotes":""},"class_list":["post-32","page","type-page","status-publish","has-post-thumbnail","hentry"],"_links":{"self":[{"href":"https:\/\/grafimedia.eu\/esp\/wp-json\/wp\/v2\/pages\/32"}],"collection":[{"href":"https:\/\/grafimedia.eu\/esp\/wp-json\/wp\/v2\/pages"}],"about":[{"href":"https:\/\/grafimedia.eu\/esp\/wp-json\/wp\/v2\/types\/page"}],"author":[{"embeddable":true,"href":"https:\/\/grafimedia.eu\/esp\/wp-json\/wp\/v2\/users\/1"}],"replies":[{"embeddable":true,"href":"https:\/\/grafimedia.eu\/esp\/wp-json\/wp\/v2\/comments?post=32"}],"version-history":[{"count":5,"href":"https:\/\/grafimedia.eu\/esp\/wp-json\/wp\/v2\/pages\/32\/revisions"}],"predecessor-version":[{"id":562,"href":"https:\/\/grafimedia.eu\/esp\/wp-json\/wp\/v2\/pages\/32\/revisions\/562"}],"wp:featuredmedia":[{"embeddable":true,"href":"https:\/\/grafimedia.eu\/esp\/wp-json\/wp\/v2\/media\/335"}],"wp:attachment":[{"href":"https:\/\/grafimedia.eu\/esp\/wp-json\/wp\/v2\/media?parent=32"}],"curies":[{"name":"wp","href":"https:\/\/api.w.org\/{rel}","templated":true}]}}