{"id":30,"date":"2016-02-10T17:44:15","date_gmt":"2016-02-10T17:44:15","guid":{"rendered":"http:\/\/grafimedia.eu\/esp\/?page_id=30"},"modified":"2016-08-30T15:56:55","modified_gmt":"2016-08-30T15:56:55","slug":"icon-pacs","status":"publish","type":"page","link":"https:\/\/grafimedia.eu\/esp\/icon-pacs\/","title":{"rendered":"icon PACS"},"content":{"rendered":"<h1>icon PACS<img loading=\"lazy\" decoding=\"async\" class=\"alignright size-full wp-image-355\" src=\"http:\/\/grafimedia.eu\/esp\/wp-content\/uploads\/sites\/4\/2016\/02\/Grafimedia-ICON-logo-square_9-small-e1472223048973.jpg\" alt=\"Grafimedia-ICON logo\" width=\"88\" height=\"88\" \/><\/h1>\n<p style=\"font-size: 18px;\">\n<p style=\"font-size: 18px;\"><strong><span style=\"font-size: 15px;\">Una soluci\u00f3n completa para de archivo de im\u00e1genes DICOM<\/span><\/strong><\/p>\n<p>[metaslider id=249]<\/p>\n<p style=\"font-size: 15px;\"><strong>Un sistema de archivo de im\u00e1genes DICOM ( PACS ) moderno y econ\u00f3mico con muchas caracter\u00edsticas especiales\u00a0<\/strong><\/p>\n<p style=\"font-size: 15px;\">Compatibilidad con cualquier dispositivo m\u00e9dico y estaci\u00f3n de trabajo de diagn\u00f3stico utilizando el protocolo <a href=\"http:\/\/grafimedia.eu\/blog\/dicom-digital-imaging-communications-medicine\/\">DICOM<\/a>. Conectividad con un n\u00famero ilimitado de equipos m\u00e9dicos o estaciones de trabajo de diagn\u00f3stico.<br \/>\nCapacidad de importar y exportar datos DICOM desde y hacia archivos o medios \u00f3pticos mediante la creaci\u00f3n de DICOMDIR.<br \/>\nCapacidad de enviar \/ rutar datos a otros sistemas <a href=\"http:\/\/grafimedia.eu\/blog\/picture-archiving-communication-system-pacs\/\">PACS<\/a> o equipo m\u00e9dico ( DICOM Store &#8211; SCU ) en una forma manual, autom\u00e1tica o programada.<br \/>\nCapacidad de crear perfiles para equipos m\u00e9dicos m\u00faltiples mientras que selecciona la compresi\u00f3n de im\u00e1genes (descomprimida o comprimida no perecedera ) y para controlar su estado ( Registro).<br \/>\nCapacidad de crear m\u00faltiples perfiles de espacio para el almacenamiento de im\u00e1genes -tanto local y global- garantizando un funcionamiento continuo, largo y suave del servicio.<br \/>\nCapacidad de ejecutar los procedimientos programados de reenv\u00edo de im\u00e1genes utilizando criterios, mantenimiento, eliminaci\u00f3n y creaci\u00f3n de copias de seguridad de bases de datos.<br \/>\nApoyo de los registros de una lista de tareas del equipo m\u00e9dico ( MODALIDAD WORKLIST ) y compartirlas con el equipo m\u00e9dico correspondiente.<br \/>\nPosibilidad de grabar, desde el dispositivo m\u00e9dico, el progreso y la finalizaci\u00f3n del examen.<br \/>\nCapacidad de interactuar con otros sistemas de informaci\u00f3n sanitaria existentes. Los ex\u00e1menes pueden ser reservados por los mensajes <a href=\"http:\/\/grafimedia.eu\/blog\/health-level-seven-international-hl7\/\">HL7<\/a> ORM en dispositivos m\u00e9dicos que soportan la modalidad WORKLIST. ( El sistema de informaci\u00f3n sanitaria existente debe apoyar la creaci\u00f3n y la transmisi\u00f3n de mensajes HL7 ORM).<\/p>\n<p style=\"font-size: 15px;\">\u00bfLe gustar\u00eda ayudar a su empresa a ser m\u00e1s verde? A continuaci\u00f3n, eche un vistazo a las \u00faltimas noticias sobre las impresoras Xerox en la secci\u00f3n <a href=\"http:\/\/grafimedia.eu\/blog\/make-office-greener-grafimedia\/\">Noticias<\/a>.<\/p>\n<hr \/>\n<p><a href=\"mailto:sales@grafimedia.eu?subject=icon PACS\">\u00bfInteresado? Solicite m\u00e1s informaci\u00f3n<\/a><\/p>\n","protected":false},"excerpt":{"rendered":"<p>icon PACS Una soluci\u00f3n completa para de archivo de im\u00e1genes DICOM [metaslider id=249] Un sistema de archivo de im\u00e1genes DICOM ( PACS ) moderno y econ\u00f3mico con muchas caracter\u00edsticas especiales\u00a0 Compatibilidad con cualquier dispositivo m\u00e9dico y estaci\u00f3n de trabajo de <a class=\"more-link\" href=\"https:\/\/grafimedia.eu\/esp\/icon-pacs\/\">Continue reading <span class=\"screen-reader-text\">  icon PACS<\/span><span class=\"meta-nav\">&rarr;<\/span><\/a><\/p>\n","protected":false},"author":1,"featured_media":389,"parent":0,"menu_order":0,"comment_status":"closed","ping_status":"closed","template":"page-disable-sidebar.php","meta":{"_exactmetrics_skip_tracking":false,"_exactmetrics_sitenote_active":false,"_exactmetrics_sitenote_note":"","_exactmetrics_sitenote_category":0,"footnotes":""},"class_list":["post-30","page","type-page","status-publish","has-post-thumbnail","hentry"],"_links":{"self":[{"href":"https:\/\/grafimedia.eu\/esp\/wp-json\/wp\/v2\/pages\/30"}],"collection":[{"href":"https:\/\/grafimedia.eu\/esp\/wp-json\/wp\/v2\/pages"}],"about":[{"href":"https:\/\/grafimedia.eu\/esp\/wp-json\/wp\/v2\/types\/page"}],"author":[{"embeddable":true,"href":"https:\/\/grafimedia.eu\/esp\/wp-json\/wp\/v2\/users\/1"}],"replies":[{"embeddable":true,"href":"https:\/\/grafimedia.eu\/esp\/wp-json\/wp\/v2\/comments?post=30"}],"version-history":[{"count":5,"href":"https:\/\/grafimedia.eu\/esp\/wp-json\/wp\/v2\/pages\/30\/revisions"}],"predecessor-version":[{"id":567,"href":"https:\/\/grafimedia.eu\/esp\/wp-json\/wp\/v2\/pages\/30\/revisions\/567"}],"wp:featuredmedia":[{"embeddable":true,"href":"https:\/\/grafimedia.eu\/esp\/wp-json\/wp\/v2\/media\/389"}],"wp:attachment":[{"href":"https:\/\/grafimedia.eu\/esp\/wp-json\/wp\/v2\/media?parent=30"}],"curies":[{"name":"wp","href":"https:\/\/api.w.org\/{rel}","templated":true}]}}