{"id":28,"date":"2016-02-10T17:40:05","date_gmt":"2016-02-10T17:40:05","guid":{"rendered":"http:\/\/grafimedia.eu\/esp\/?page_id=28"},"modified":"2016-08-30T15:57:46","modified_gmt":"2016-08-30T15:57:46","slug":"icon-integracion","status":"publish","type":"page","link":"https:\/\/grafimedia.eu\/esp\/icon-integracion\/","title":{"rendered":"icon Integraci\u00f3n"},"content":{"rendered":"<h1>icon\u00a0Integraci\u00f3n<img loading=\"lazy\" decoding=\"async\" class=\"alignright size-full wp-image-355\" src=\"http:\/\/grafimedia.eu\/esp\/wp-content\/uploads\/sites\/4\/2016\/02\/Grafimedia-ICON-logo-square_9-small-e1472223048973.jpg\" alt=\"Grafimedia-ICON logo\" width=\"88\" height=\"88\" \/><\/h1>\n<p style=\"font-size: 15px;\">El servicio de icon\u00a0Integraci\u00f3n\u00a0de Grafimedia incluye, no s\u00f3lo el an\u00e1lisis completo y el registro de la situaci\u00f3n existente, sino tambi\u00e9n sugerencias de los cambios que se deben aplicar a los subsistemas, de modo que el flujo de trabajo puede llegar a ser tan eficiente como sea posible.<\/p>\n<p style=\"font-size: 15px;\">Es cierto que existen problemas de integraci\u00f3n dentro de los sistemas de informaci\u00f3n que se instalan en los centros de salud por la raz\u00f3n que estos sistemas proceden de una variedad de fabricantes. Asi se enfrentan algunas dificultades en la conexi\u00f3n entre s\u00ed y por lo que s\u00f3lo ayudan al flujo de trabajo de forma fragmentaria. Esta fragmentaci\u00f3n existe por razones hist\u00f3ricas. Los diversos subsistemas (como\u00a0<a href=\"http:\/\/grafimedia.eu\/blog\/hospital-information-system\/\">HIS<\/a>, <a href=\"http:\/\/grafimedia.eu\/blog\/radiology-information-system-ris\/\">RIS<\/a>, <a href=\"http:\/\/grafimedia.eu\/blog\/laboratory-information-system-lis\/\">LIS<\/a>, <a href=\"http:\/\/grafimedia.eu\/blog\/picture-archiving-communication-system-pacs\/\">PACS<\/a>, <a href=\"http:\/\/grafimedia.eu\/blog\/electronic-medical-record-emr\/\">EMR<\/a> ) se desarrollan de forma independiente para cubrir necesidades espec\u00edficas, sin tener en cuenta que la informaci\u00f3n m\u00e9dica debe estar disponible en cualquier momento.<\/p>\n<p style=\"font-size: 15px;\">Se ha hecho un enorme progreso estos \u00faltimos a\u00f1os, debido principalmente a la aplicaci\u00f3n de algunos protocolos como <a href=\"http:\/\/grafimedia.eu\/blog\/health-level-seven-international-hl7\/\">HL7<\/a>\u00a0y <a href=\"http:\/\/grafimedia.eu\/blog\/dicom-digital-imaging-communications-medicine\/\">DICOM3<\/a>. Por lo tanto todos estos diferentes subsistemas pueden \u201chablar\u201d entre s\u00ed e intercambiar datos.<\/p>\n<p style=\"font-size: 15px;\">Habiendo completado una gran cantidad de estos logros, Grafimedia es capaz de hacer sugerencias, independientemente de la complejidad de cada caso.<\/p>\n<p>&nbsp;<\/p>\n<p><img loading=\"lazy\" decoding=\"async\" class=\"size-full wp-image-461 aligncenter\" src=\"http:\/\/grafimedia.eu\/esp\/wp-content\/uploads\/sites\/4\/2016\/02\/The-icon-grafimedia-integration-service-can-apply-to-the-subsystems-so-that-the-workflow-would-become-as-efficient-as-possible.-1.jpg\" alt=\"El servicio de Integration icon de Grafimedia incluye, no s\u00f3lo el an\u00e1lisis completo y el registro de la situaci\u00f3n existente, sino tambi\u00e9n sugerencias de los cambios que se deben aplicar a los subsistemas, de modo que el flujo de trabajo puede llegar a ser tan eficiente como sea posible.\" width=\"595\" height=\"292\" srcset=\"https:\/\/grafimedia.eu\/esp\/wp-content\/uploads\/sites\/4\/2016\/02\/The-icon-grafimedia-integration-service-can-apply-to-the-subsystems-so-that-the-workflow-would-become-as-efficient-as-possible.-1.jpg 595w, https:\/\/grafimedia.eu\/esp\/wp-content\/uploads\/sites\/4\/2016\/02\/The-icon-grafimedia-integration-service-can-apply-to-the-subsystems-so-that-the-workflow-would-become-as-efficient-as-possible.-1-300x147.jpg 300w\" sizes=\"(max-width: 595px) 100vw, 595px\" \/><\/p>\n<p>&nbsp;<\/p>\n<hr \/>\n<p><a href=\"mailto:sales@grafimedia.eu?subject=icon Integration\">\u00bfInteresado? Solicite m\u00e1s informaci\u00f3n.<\/a><\/p>\n","protected":false},"excerpt":{"rendered":"<p>icon\u00a0Integraci\u00f3n El servicio de icon\u00a0Integraci\u00f3n\u00a0de Grafimedia incluye, no s\u00f3lo el an\u00e1lisis completo y el registro de la situaci\u00f3n existente, sino tambi\u00e9n sugerencias de los cambios que se deben aplicar a los subsistemas, de modo que el flujo de trabajo puede <a class=\"more-link\" href=\"https:\/\/grafimedia.eu\/esp\/icon-integracion\/\">Continue reading <span class=\"screen-reader-text\">  icon Integraci\u00f3n<\/span><span class=\"meta-nav\">&rarr;<\/span><\/a><\/p>\n","protected":false},"author":1,"featured_media":461,"parent":0,"menu_order":0,"comment_status":"closed","ping_status":"closed","template":"page-disable-sidebar.php","meta":{"_exactmetrics_skip_tracking":false,"_exactmetrics_sitenote_active":false,"_exactmetrics_sitenote_note":"","_exactmetrics_sitenote_category":0,"footnotes":""},"class_list":["post-28","page","type-page","status-publish","has-post-thumbnail","hentry"],"_links":{"self":[{"href":"https:\/\/grafimedia.eu\/esp\/wp-json\/wp\/v2\/pages\/28"}],"collection":[{"href":"https:\/\/grafimedia.eu\/esp\/wp-json\/wp\/v2\/pages"}],"about":[{"href":"https:\/\/grafimedia.eu\/esp\/wp-json\/wp\/v2\/types\/page"}],"author":[{"embeddable":true,"href":"https:\/\/grafimedia.eu\/esp\/wp-json\/wp\/v2\/users\/1"}],"replies":[{"embeddable":true,"href":"https:\/\/grafimedia.eu\/esp\/wp-json\/wp\/v2\/comments?post=28"}],"version-history":[{"count":5,"href":"https:\/\/grafimedia.eu\/esp\/wp-json\/wp\/v2\/pages\/28\/revisions"}],"predecessor-version":[{"id":568,"href":"https:\/\/grafimedia.eu\/esp\/wp-json\/wp\/v2\/pages\/28\/revisions\/568"}],"wp:featuredmedia":[{"embeddable":true,"href":"https:\/\/grafimedia.eu\/esp\/wp-json\/wp\/v2\/media\/461"}],"wp:attachment":[{"href":"https:\/\/grafimedia.eu\/esp\/wp-json\/wp\/v2\/media?parent=28"}],"curies":[{"name":"wp","href":"https:\/\/api.w.org\/{rel}","templated":true}]}}