{"id":26,"date":"2016-02-10T17:37:19","date_gmt":"2016-02-10T17:37:19","guid":{"rendered":"http:\/\/grafimedia.eu\/esp\/?page_id=26"},"modified":"2016-08-30T15:52:58","modified_gmt":"2016-08-30T15:52:58","slug":"icon-emr","status":"publish","type":"page","link":"https:\/\/grafimedia.eu\/esp\/icon-emr\/","title":{"rendered":"icon EMR"},"content":{"rendered":"<h1>icon EMR<img loading=\"lazy\" decoding=\"async\" class=\"alignright size-full wp-image-355\" src=\"http:\/\/grafimedia.eu\/esp\/wp-content\/uploads\/sites\/4\/2016\/02\/Grafimedia-ICON-logo-square_9-small-e1472223048973.jpg\" alt=\"Grafimedia-ICON logo\" width=\"88\" height=\"88\" \/><\/h1>\n<h3>Archivo m\u00e9dico electr\u00f3nico completo<\/h3>\n<p>[metaslider id=247]<\/p>\n<p style=\"font-size: 15px;\">Icon EMR es un expediente m\u00e9dico electr\u00f3nico para el registro completo de toda la informaci\u00f3n del paciente, que puede registrar, organizar y actualizar citas y datos m\u00e9dicos digitales.<\/p>\n<p style=\"font-size: 15px;\">Registro de la informaci\u00f3n demogr\u00e1fica de cada paciente.<br \/>\nRegistro del historial m\u00e9dico individual y familiar, y otra informaci\u00f3n personal, tales como h\u00e1bitos, estilo de vida, etc.<br \/>\nIncorporaci\u00f3n de notas relacionadas con el paciente, en forma de texto sin formato.<br \/>\nProgramaci\u00f3n din\u00e1mica de las citas de los pacientes en base a la fecha.<br \/>\nInserci\u00f3n en cada visita de un archivo medico en una forma que el usuario est\u00e1 acostumbrado.<br \/>\nGrabaci\u00f3n de los datos del paciente en formas m\u00e9dicas.<br \/>\nCreaci\u00f3n f\u00e1cil de un nuevo formulario m\u00e9dico usando de herramientas de formato de texto \u00fatiles y f\u00e1ciles de usar.<br \/>\nImpresi\u00f3n de los documentos antes citados con el logotipo y la informaci\u00f3n de contacto del consultorio m\u00e9dico, centro de diagn\u00f3stico, cl\u00ednica, hospital, etc.<br \/>\nB\u00fasqueda y localizaci\u00f3n de los pacientes y sus citas.<br \/>\nRegistro, organizaci\u00f3n y actualizaci\u00f3n de las citas con la opci\u00f3n de tratamiento en masa en forma diaria, semanal o mensual.<\/p>\n<p>\u00bfLe gustar\u00eda que su oficina fuera m\u00e1s verde? A continuaci\u00f3n, eche un vistazo a las \u00faltimas noticias sobre las impresoras Xerox en la secci\u00f3n <a href=\"http:\/\/grafimedia.eu\/blog\/make-office-greener-grafimedia\/\">Noticias<\/a>.<\/p>\n<hr \/>\n<p><a href=\"mailto:sales@grafimedia.eu?subject=icon EMR\">\u00bfInteresado? Solicite m\u00e1s informaci\u00f3n<\/a><\/p>\n","protected":false},"excerpt":{"rendered":"<p>icon EMR Archivo m\u00e9dico electr\u00f3nico completo [metaslider id=247] Icon EMR es un expediente m\u00e9dico electr\u00f3nico para el registro completo de toda la informaci\u00f3n del paciente, que puede registrar, organizar y actualizar citas y datos m\u00e9dicos digitales. Registro de la informaci\u00f3n <a class=\"more-link\" href=\"https:\/\/grafimedia.eu\/esp\/icon-emr\/\">Continue reading <span class=\"screen-reader-text\">  icon EMR<\/span><span class=\"meta-nav\">&rarr;<\/span><\/a><\/p>\n","protected":false},"author":1,"featured_media":345,"parent":0,"menu_order":0,"comment_status":"closed","ping_status":"closed","template":"page-disable-sidebar.php","meta":{"_exactmetrics_skip_tracking":false,"_exactmetrics_sitenote_active":false,"_exactmetrics_sitenote_note":"","_exactmetrics_sitenote_category":0,"footnotes":""},"class_list":["post-26","page","type-page","status-publish","has-post-thumbnail","hentry"],"_links":{"self":[{"href":"https:\/\/grafimedia.eu\/esp\/wp-json\/wp\/v2\/pages\/26"}],"collection":[{"href":"https:\/\/grafimedia.eu\/esp\/wp-json\/wp\/v2\/pages"}],"about":[{"href":"https:\/\/grafimedia.eu\/esp\/wp-json\/wp\/v2\/types\/page"}],"author":[{"embeddable":true,"href":"https:\/\/grafimedia.eu\/esp\/wp-json\/wp\/v2\/users\/1"}],"replies":[{"embeddable":true,"href":"https:\/\/grafimedia.eu\/esp\/wp-json\/wp\/v2\/comments?post=26"}],"version-history":[{"count":5,"href":"https:\/\/grafimedia.eu\/esp\/wp-json\/wp\/v2\/pages\/26\/revisions"}],"predecessor-version":[{"id":563,"href":"https:\/\/grafimedia.eu\/esp\/wp-json\/wp\/v2\/pages\/26\/revisions\/563"}],"wp:featuredmedia":[{"embeddable":true,"href":"https:\/\/grafimedia.eu\/esp\/wp-json\/wp\/v2\/media\/345"}],"wp:attachment":[{"href":"https:\/\/grafimedia.eu\/esp\/wp-json\/wp\/v2\/media?parent=26"}],"curies":[{"name":"wp","href":"https:\/\/api.w.org\/{rel}","templated":true}]}}