{"id":24,"date":"2016-02-10T17:31:06","date_gmt":"2016-02-10T17:31:06","guid":{"rendered":"http:\/\/grafimedia.eu\/esp\/?page_id=24"},"modified":"2016-08-26T18:03:23","modified_gmt":"2016-08-26T18:03:23","slug":"icon-dicom-record","status":"publish","type":"page","link":"https:\/\/grafimedia.eu\/esp\/icon-dicom-record\/","title":{"rendered":"icon DICOM Record"},"content":{"rendered":"<h1>icon DICOM Record<img loading=\"lazy\" decoding=\"async\" class=\"alignright size-full wp-image-355\" src=\"http:\/\/grafimedia.eu\/esp\/wp-content\/uploads\/sites\/4\/2016\/02\/Grafimedia-ICON-logo-square_9-small-e1472223048973.jpg\" alt=\"Grafimedia-ICON logo\" width=\"88\" height=\"88\" \/><\/h1>\n<p>El sistema recomendado consiste en un programa inform\u00e1tico\u00a0icon DICOM y Disc Publisher 4102 grabador rob\u00f3tico de Primera. Puede grabar autom\u00e1ticamente las im\u00e1genes m\u00e9dicas sobre soporte de almacenamiento digital (tales como CD y DVD) y en la superficie del soporte de\u00a0impresi\u00f3n de informaci\u00f3n del paciente junto con el logotipo y la informaci\u00f3n de contacto con el centro de salud.<\/p>\n<p style=\"font-size: 15px; text-align: center;\"><strong>Compatibilidad con cualquier dispositivo <\/strong><strong>m\u00e9dico <\/strong><strong>utilizando el protocolo DICOM<\/strong><\/p>\n<p style=\"font-size: 15px;\">Grabaci\u00f3n en discos de un solo estudio o de m\u00faltiples estudios.\u00a0Incorporaci\u00f3n de un sofisticado visor de im\u00e1genes DICOM, cuando se registra el examen (posibilidad de sustituci\u00f3n).\u00a0Selecci\u00f3n autom\u00e1tica de los medios de comunicaci\u00f3n de almacenamiento digital (CD o DVD) apropiados, de acuerdo con el tama\u00f1o del examen.\u00a0Impresi\u00f3n de una etiqueta totalmente configurable en los medios de comunicaci\u00f3n, con la capacidad para reemplazar autom\u00e1ticamente todos los campos DICOM.<\/p>\n<p style=\"font-size: 15px; text-align: center;\"><strong>F\u00e1cil de usar<\/strong><\/p>\n<p style=\"font-size: 15px;\">Interfaz que permite la navegaci\u00f3n y volver a escribir los ex\u00e1menes almacenados.Interfaz que permite la navegaci\u00f3n y volver a escribir los ex\u00e1menes almacenados.\u00a0Grabaci\u00f3n de los medios interactivos (CD o DVD ), utilizando los medios de grabaci\u00f3n de la computadora local.\u00a0Posibilidad de copiar los ex\u00e1menes , junto con el visor DICOM , a una memoria flash USB .<\/p>\n<p><img loading=\"lazy\" decoding=\"async\" class=\"aligncenter wp-image-372 size-large\" src=\"http:\/\/grafimedia.eu\/esp\/wp-content\/uploads\/sites\/4\/2016\/02\/grafimedia-ehealth-1-1024x410.jpg\" alt=\"Grafimedia ICON DICOM Record\" width=\"1024\" height=\"410\" srcset=\"https:\/\/grafimedia.eu\/esp\/wp-content\/uploads\/sites\/4\/2016\/02\/grafimedia-ehealth-1-1024x410.jpg 1024w, https:\/\/grafimedia.eu\/esp\/wp-content\/uploads\/sites\/4\/2016\/02\/grafimedia-ehealth-1-300x120.jpg 300w, https:\/\/grafimedia.eu\/esp\/wp-content\/uploads\/sites\/4\/2016\/02\/grafimedia-ehealth-1-768x307.jpg 768w, https:\/\/grafimedia.eu\/esp\/wp-content\/uploads\/sites\/4\/2016\/02\/grafimedia-ehealth-1.jpg 1895w\" sizes=\"(max-width: 1024px) 100vw, 1024px\" \/><\/p>\n<p><strong>Caracter\u00edsticas t\u00e9cnicas de la PRIMERA DICS PUBLISHER 4102<\/strong><br \/>\nCapacidad de disco: 100 discos.<br \/>\nRob\u00f3tica: correa de transmisi\u00f3n de alta velocidad.<br \/>\nN\u00famero de unidades: Dos unidades CD \/ DVD grabables.<br \/>\nAlta velocidad de unidad DVD \u00b1 \/ R CDR.<br \/>\nImpresora integrada de etiquetas de disco 4800 ppp de alta resoluci\u00f3n.<br \/>\nCartuchos independientes de tinta de alta capacidad para Cian , Magenta , Amarillo y Negro ( CMAN ).<br \/>\nAdvertencia Nivel de tinta. Calcula el n\u00famero real de impresiones restantes seg\u00fan el uso de la tinta de los gr\u00e1ficos que se est\u00e1n imprimiendo ( pendiente de patente ).<br \/>\nSistemas operativos: Windows XP \/ Vista \/ 7.<br \/>\nCertificaciones: UL, UL-C, CE, FCC Clase A, RoHS, WEEE.<br \/>\nDimensiones: Al \u00a0452 mm X An 279 mm X Pr 445 mm.<br \/>\nPotencia de entrada : auto-conmutaci\u00f3n universal 100-240, 50\/60 Hz, 5.0A.<br \/>\nPeso 11,8 kg.<\/p>\n<p>\u00bfLe gustar\u00eda ayudar a su empresa a ser m\u00e1s verde? A continuaci\u00f3n, eche un vistazo a las \u00faltimas noticias sobre las impresoras Xerox en la secci\u00f3n <a href=\"http:\/\/grafimedia.eu\/blog\/make-office-greener-grafimedia\/\">Noticias<\/a>.<\/p>\n<hr \/>\n<p><a href=\"mailto:sales@grafimedia.eu?subject=icon DICOM Record\">\u00bfInteresado? Pedir m\u00e1s informaci\u00f3n.<\/a><\/p>\n","protected":false},"excerpt":{"rendered":"<p>icon DICOM Record El sistema recomendado consiste en un programa inform\u00e1tico\u00a0icon DICOM y Disc Publisher 4102 grabador rob\u00f3tico de Primera. Puede grabar autom\u00e1ticamente las im\u00e1genes m\u00e9dicas sobre soporte de almacenamiento digital (tales como CD y DVD) y en la superficie <a class=\"more-link\" href=\"https:\/\/grafimedia.eu\/esp\/icon-dicom-record\/\">Continue reading <span class=\"screen-reader-text\">  icon DICOM Record<\/span><span class=\"meta-nav\">&rarr;<\/span><\/a><\/p>\n","protected":false},"author":1,"featured_media":372,"parent":0,"menu_order":0,"comment_status":"closed","ping_status":"closed","template":"page-disable-sidebar.php","meta":{"_exactmetrics_skip_tracking":false,"_exactmetrics_sitenote_active":false,"_exactmetrics_sitenote_note":"","_exactmetrics_sitenote_category":0,"footnotes":""},"class_list":["post-24","page","type-page","status-publish","has-post-thumbnail","hentry"],"_links":{"self":[{"href":"https:\/\/grafimedia.eu\/esp\/wp-json\/wp\/v2\/pages\/24"}],"collection":[{"href":"https:\/\/grafimedia.eu\/esp\/wp-json\/wp\/v2\/pages"}],"about":[{"href":"https:\/\/grafimedia.eu\/esp\/wp-json\/wp\/v2\/types\/page"}],"author":[{"embeddable":true,"href":"https:\/\/grafimedia.eu\/esp\/wp-json\/wp\/v2\/users\/1"}],"replies":[{"embeddable":true,"href":"https:\/\/grafimedia.eu\/esp\/wp-json\/wp\/v2\/comments?post=24"}],"version-history":[{"count":5,"href":"https:\/\/grafimedia.eu\/esp\/wp-json\/wp\/v2\/pages\/24\/revisions"}],"predecessor-version":[{"id":374,"href":"https:\/\/grafimedia.eu\/esp\/wp-json\/wp\/v2\/pages\/24\/revisions\/374"}],"wp:featuredmedia":[{"embeddable":true,"href":"https:\/\/grafimedia.eu\/esp\/wp-json\/wp\/v2\/media\/372"}],"wp:attachment":[{"href":"https:\/\/grafimedia.eu\/esp\/wp-json\/wp\/v2\/media?parent=24"}],"curies":[{"name":"wp","href":"https:\/\/api.w.org\/{rel}","templated":true}]}}