{"id":221,"date":"2016-04-18T15:21:38","date_gmt":"2016-04-18T15:21:38","guid":{"rendered":"http:\/\/grafimedia.eu\/esp\/?page_id=221"},"modified":"2016-08-27T17:09:09","modified_gmt":"2016-08-27T17:09:09","slug":"sistema-pacs-vepro","status":"publish","type":"page","link":"https:\/\/grafimedia.eu\/esp\/sistema-pacs-vepro\/","title":{"rendered":"Sistema PACS VEPRO"},"content":{"rendered":"<h1>Sistema PACS VEPRO<\/h1>\n<p>Nuestras soluciones hacen que su deseo sea una realidad. Los sistemas avanzados de Grafimedia le permiten acceder a la informaci\u00f3n del paciente en el toque de un bot\u00f3n. Si usted est\u00e1 planeando establecer una empresa independiente, micro empresa o en el \u00e1mbito cl\u00ednico utilizando <a href=\"http:\/\/grafimedia.eu\/blog\/picture-archiving-communication-system-pacs\/\">PACS<\/a> (Picture \u00a0Archiving Communication System ), se puede esperar m\u00e1s de los sistemas PACS Vepro que s\u00f3lo el manejo y la visualizaci\u00f3n de im\u00e1genes.<\/p>\n<p>El gran \u00e9xito que Vepro PACS tiene en la producci\u00f3n de resultados se basa en alto grado en los sistemas de inteligencia de alta calidad. L\u2019 eficacia sigue siendo exactamente la misma independientemente de la fuente de campos m\u00e9dicos que proporciona los datos. Ahora todos los archivos m\u00e9dicos tales como radiolog\u00eda , cardiolog\u00eda , ortopedia , endoscopia o cirug\u00eda pueden colaborar con el fin de llevar la informaci\u00f3n correcta al profesional de la salud en una manera inteligente y sencilla.<\/p>\n<p>Toda la informaci\u00f3n del paciente se puede introducir en un Vepro PACS y almacenarse en el formato est\u00e1ndar DICOM. Con Vepro, no importa si las modalidades de formaci\u00f3n de im\u00e1genes (dispositivos) se corresponden con el est\u00e1ndar <a href=\"http:\/\/grafimedia.eu\/blog\/dicom-digital-imaging-communications-medicine\/\">DICOM<\/a> o si no son modalidades &#8220;DICOM &#8220;. La importaci\u00f3n de todos los datos estrictamente de acuerdo con el est\u00e1ndar DICOM 3.0 crea un archivo est\u00e1ndarizado y homog\u00e9neo y una estructura de archivos en su PACS Vepro . Como un sistema cliente \/ servidor normalizado e abierto que se puede ampliar de forma modular, el Vepro PACS no s\u00f3lo crece para satisfacer sus necesidades, sino que tambi\u00e9n garantiza la seguridad de la inversi\u00f3n de su sistema en el futuro.<\/p>\n<p><img loading=\"lazy\" decoding=\"async\" class=\"size-full wp-image-446 aligncenter\" src=\"http:\/\/grafimedia.eu\/esp\/wp-content\/uploads\/sites\/4\/2016\/04\/Grafimedia-Pacs-Vepro-Systems.png\" alt=\"Sistema PACS VEPRO\" width=\"940\" height=\"353\" srcset=\"https:\/\/grafimedia.eu\/esp\/wp-content\/uploads\/sites\/4\/2016\/04\/Grafimedia-Pacs-Vepro-Systems.png 940w, https:\/\/grafimedia.eu\/esp\/wp-content\/uploads\/sites\/4\/2016\/04\/Grafimedia-Pacs-Vepro-Systems-300x113.png 300w, https:\/\/grafimedia.eu\/esp\/wp-content\/uploads\/sites\/4\/2016\/04\/Grafimedia-Pacs-Vepro-Systems-768x288.png 768w\" sizes=\"(max-width: 940px) 100vw, 940px\" \/><\/p>\n<p>\u00bfLe gustar\u00eda ayudar a su empresa a ser m\u00e1s verde? A continuaci\u00f3n, eche un vistazo a las \u00faltimas noticias sobre las impresoras Xerox en la secci\u00f3n <a href=\"http:\/\/grafimedia.eu\/blog\/make-office-greener-grafimedia\/\">Noticias<\/a>.<\/p>\n<p>&nbsp;<\/p>\n<hr \/>\n<p><a href=\"mailto:sales@grafimedia.eu?subject=Sistema PACS VEPRO\">\u00bfInteresado? Solicite m\u00e1s informaci\u00f3n<\/a><\/p>\n<p><img loading=\"lazy\" decoding=\"async\" src=\"http:\/\/grafimedia.eu\/wp-content\/uploads\/2016\/02\/VEPRO_300x80.png\" alt=\"VEPRO_300x80\" width=\"142\" height=\"80\" align=\"left\" \/><\/p>\n","protected":false},"excerpt":{"rendered":"<p>Sistema PACS VEPRO Nuestras soluciones hacen que su deseo sea una realidad. Los sistemas avanzados de Grafimedia le permiten acceder a la informaci\u00f3n del paciente en el toque de un bot\u00f3n. Si usted est\u00e1 planeando establecer una empresa independiente, micro <a class=\"more-link\" href=\"https:\/\/grafimedia.eu\/esp\/sistema-pacs-vepro\/\">Continue reading <span class=\"screen-reader-text\">  Sistema PACS VEPRO<\/span><span class=\"meta-nav\">&rarr;<\/span><\/a><\/p>\n","protected":false},"author":4,"featured_media":446,"parent":0,"menu_order":0,"comment_status":"closed","ping_status":"closed","template":"page-disable-sidebar.php","meta":{"_exactmetrics_skip_tracking":false,"_exactmetrics_sitenote_active":false,"_exactmetrics_sitenote_note":"","_exactmetrics_sitenote_category":0,"footnotes":""},"class_list":["post-221","page","type-page","status-publish","has-post-thumbnail","hentry"],"_links":{"self":[{"href":"https:\/\/grafimedia.eu\/esp\/wp-json\/wp\/v2\/pages\/221"}],"collection":[{"href":"https:\/\/grafimedia.eu\/esp\/wp-json\/wp\/v2\/pages"}],"about":[{"href":"https:\/\/grafimedia.eu\/esp\/wp-json\/wp\/v2\/types\/page"}],"author":[{"embeddable":true,"href":"https:\/\/grafimedia.eu\/esp\/wp-json\/wp\/v2\/users\/4"}],"replies":[{"embeddable":true,"href":"https:\/\/grafimedia.eu\/esp\/wp-json\/wp\/v2\/comments?post=221"}],"version-history":[{"count":5,"href":"https:\/\/grafimedia.eu\/esp\/wp-json\/wp\/v2\/pages\/221\/revisions"}],"predecessor-version":[{"id":449,"href":"https:\/\/grafimedia.eu\/esp\/wp-json\/wp\/v2\/pages\/221\/revisions\/449"}],"wp:featuredmedia":[{"embeddable":true,"href":"https:\/\/grafimedia.eu\/esp\/wp-json\/wp\/v2\/media\/446"}],"wp:attachment":[{"href":"https:\/\/grafimedia.eu\/esp\/wp-json\/wp\/v2\/media?parent=221"}],"curies":[{"name":"wp","href":"https:\/\/api.w.org\/{rel}","templated":true}]}}