{"id":22,"date":"2016-02-10T17:27:28","date_gmt":"2016-02-10T17:27:28","guid":{"rendered":"http:\/\/grafimedia.eu\/esp\/?page_id=22"},"modified":"2016-08-26T16:08:12","modified_gmt":"2016-08-26T16:08:12","slug":"icon-dicom-print","status":"publish","type":"page","link":"https:\/\/grafimedia.eu\/esp\/icon-dicom-print\/","title":{"rendered":"icon DICOM Print"},"content":{"rendered":"<h1>icon DICOM Print<\/h1>\n<p style=\"font-size: 18px;\"><img loading=\"lazy\" decoding=\"async\" class=\"alignright wp-image-355\" src=\"http:\/\/grafimedia.eu\/esp\/wp-content\/uploads\/sites\/4\/2016\/02\/Grafimedia-ICON-logo-square_9-small-150x150.jpg\" alt=\"Grafimedia-ICON logo\" width=\"88\" height=\"88\" \/><\/p>\n<p style=\"font-size: 15px;\">El sistema recomendado consiste en el software de impression icon DICOM con la impresora multifunci\u00f3n en color Xerox\u00aeWorkCentre\u00ae 7830VT A3.<br \/>\nImpression autom\u00e1tica de las im\u00e1genes m\u00e9dicas en papel tama\u00f1o A4 o A3.<br \/>\nConexi\u00f3n de un n\u00famero ilimitado de equipos medicos o estaciones de trabajo de diagn\u00f3stico.<br \/>\nM\u00faltiples opciones de impresi\u00f3n.<br \/>\nC\u00e1mara l\u00e1ser como seleccionador.<br \/>\nPar\u00e1metros separados para m\u00faltiples fuentes.<br \/>\nSoftware de conexi\u00f3n icono DICOM Print para una o m\u00e1s impresoras.<br \/>\nConexi\u00f3n del software de impresi\u00f3n icon DICOM a una o m\u00e1s impresoras. Los dispositivos m\u00e9dicos deben ser compatibles con DICOM print como SCU (clase de servicio de usuario ).<\/p>\n<p><strong>La elecci\u00f3n de la impresora multifunci\u00f3n de Xerox se hizo despu\u00e9s de un examen minucioso de muchas impresoras y fabricantes diferentes sobre la base de:<\/strong><br \/>\nResoluci\u00f3n de impresi\u00f3n, con el fin de entregar la escala de grises de la mejor manera posible.<br \/>\nTiempo de primera impresi\u00f3n.<br \/>\nConfiabilidad.<br \/>\nRespuesta de soporte t\u00e9cnico.<br \/>\nLos resultados de estos ex\u00e1menes muestran que este XEROX MFP espec\u00edfica excede de lejos en los cuatro de estas \u00e1reas en comparaci\u00f3n con las impresoras MFP de los otros fabricantes.<\/p>\n<p><strong>Caracter\u00edsticas t\u00e9cnicas de XEROX 7830VT<\/strong><br \/>\nCopia, impresi\u00f3n, escaneo, correo electr\u00f3nico.<br \/>\nVelocidad: hasta 30 ppm en color y negro y blanco.<br \/>\nResoluci\u00f3n m\u00e1xima: 1200 x 2400 dpi.<br \/>\nTiempo de primera impresi\u00f3n(lo m\u00e1s r\u00e1pido): 9 segundos en color \/ 7,7 segundos en blanco y negro.<br \/>\nConectividad : 10\/100 \/ 1000BASE-T Ethernet , USB de alta velocidad 2.0 de impresi\u00f3n directa.<br \/>\nProcesador: Dual-core de 1,2 GHz.<br \/>\nMemoria de serie: sistema de 2 GB m\u00e1s 1 GB de memoria con p\u00e1ginas.<br \/>\nCopia digital autom\u00e1tica de doble cara<br \/>\n160 GB de disco duro<br \/>\nAdobe PostScript 3 \u2122, PCL\u00ae 5c, PCL \u00ae 6, PDF (opcional: XPS).<br \/>\nEntrada de papel: alimentador de documentos d\u00faplex autom\u00e1tico: 110 hojas.<br \/>\nCarga de trabajo hasta 90.000 p\u00e1ginas \/ mes.<\/p>\n<p><a href=\"http:\/\/grafimedia.eu\/esp\/icon-dicom-print\/\"><img loading=\"lazy\" decoding=\"async\" class=\"aligncenter wp-image-361 size-full\" src=\"http:\/\/grafimedia.eu\/esp\/wp-content\/uploads\/sites\/4\/2016\/02\/Grafimedia-icon-DICOM-Print.png\" alt=\"icon DICOM Print\" width=\"810\" height=\"575\" srcset=\"https:\/\/grafimedia.eu\/esp\/wp-content\/uploads\/sites\/4\/2016\/02\/Grafimedia-icon-DICOM-Print.png 810w, https:\/\/grafimedia.eu\/esp\/wp-content\/uploads\/sites\/4\/2016\/02\/Grafimedia-icon-DICOM-Print-300x213.png 300w, https:\/\/grafimedia.eu\/esp\/wp-content\/uploads\/sites\/4\/2016\/02\/Grafimedia-icon-DICOM-Print-768x545.png 768w\" sizes=\"(max-width: 810px) 100vw, 810px\" \/><\/a><\/p>\n<p>&nbsp;<\/p>\n<p>\u00bfLe gustar\u00eda ayudar a su empresa a ser m\u00e1s verde? A continuaci\u00f3n, eche un vistazo a las \u00faltimas noticias sobre las impresoras Xerox en la secci\u00f3n <a href=\"http:\/\/grafimedia.eu\/blog\/make-office-greener-grafimedia\/\">Noticias<\/a>.<\/p>\n<p>&nbsp;<\/p>\n<hr \/>\n<p style=\"text-align: left;\"><a href=\"mailto:sales@grafimedia.eu?subject=icon DICOM Print\">\u00bfInteresado? Solicite m\u00e1s informaci\u00f3n<\/a><\/p>\n<p style=\"text-align: left;\"><a href=\"mailto:sales@grafimedia.eu?subject=icon DICOM Print\">.<\/a><\/p>\n<p><img loading=\"lazy\" decoding=\"async\" src=\"http:\/\/grafimedia.eu\/wp-content\/uploads\/2016\/02\/xerox_logo_2008_trans-white-bg-300x80.png\" alt=\"xerox_logo_2008_trans white-bg\" width=\"142\" height=\"80\" align=\"left\" \/><\/p>\n","protected":false},"excerpt":{"rendered":"<p>icon DICOM Print El sistema recomendado consiste en el software de impression icon DICOM con la impresora multifunci\u00f3n en color Xerox\u00aeWorkCentre\u00ae 7830VT A3. Impression autom\u00e1tica de las im\u00e1genes m\u00e9dicas en papel tama\u00f1o A4 o A3. Conexi\u00f3n de un n\u00famero ilimitado <a class=\"more-link\" href=\"https:\/\/grafimedia.eu\/esp\/icon-dicom-print\/\">Continue reading <span class=\"screen-reader-text\">  icon DICOM Print<\/span><span class=\"meta-nav\">&rarr;<\/span><\/a><\/p>\n","protected":false},"author":1,"featured_media":361,"parent":0,"menu_order":0,"comment_status":"closed","ping_status":"closed","template":"page-disable-sidebar.php","meta":{"_exactmetrics_skip_tracking":false,"_exactmetrics_sitenote_active":false,"_exactmetrics_sitenote_note":"","_exactmetrics_sitenote_category":0,"footnotes":""},"class_list":["post-22","page","type-page","status-publish","has-post-thumbnail","hentry"],"_links":{"self":[{"href":"https:\/\/grafimedia.eu\/esp\/wp-json\/wp\/v2\/pages\/22"}],"collection":[{"href":"https:\/\/grafimedia.eu\/esp\/wp-json\/wp\/v2\/pages"}],"about":[{"href":"https:\/\/grafimedia.eu\/esp\/wp-json\/wp\/v2\/types\/page"}],"author":[{"embeddable":true,"href":"https:\/\/grafimedia.eu\/esp\/wp-json\/wp\/v2\/users\/1"}],"replies":[{"embeddable":true,"href":"https:\/\/grafimedia.eu\/esp\/wp-json\/wp\/v2\/comments?post=22"}],"version-history":[{"count":5,"href":"https:\/\/grafimedia.eu\/esp\/wp-json\/wp\/v2\/pages\/22\/revisions"}],"predecessor-version":[{"id":363,"href":"https:\/\/grafimedia.eu\/esp\/wp-json\/wp\/v2\/pages\/22\/revisions\/363"}],"wp:featuredmedia":[{"embeddable":true,"href":"https:\/\/grafimedia.eu\/esp\/wp-json\/wp\/v2\/media\/361"}],"wp:attachment":[{"href":"https:\/\/grafimedia.eu\/esp\/wp-json\/wp\/v2\/media?parent=22"}],"curies":[{"name":"wp","href":"https:\/\/api.w.org\/{rel}","templated":true}]}}