{"id":20,"date":"2016-02-10T17:22:43","date_gmt":"2016-02-10T17:22:43","guid":{"rendered":"http:\/\/grafimedia.eu\/esp\/?page_id=20"},"modified":"2016-08-30T15:54:48","modified_gmt":"2016-08-30T15:54:48","slug":"icon-dicom","status":"publish","type":"page","link":"https:\/\/grafimedia.eu\/esp\/icon-dicom\/","title":{"rendered":"icon DICOM"},"content":{"rendered":"<h1>icon DICOM<img loading=\"lazy\" decoding=\"async\" class=\"alignright size-full wp-image-355\" src=\"http:\/\/grafimedia.eu\/esp\/wp-content\/uploads\/sites\/4\/2016\/02\/Grafimedia-ICON-logo-square_9-small-e1472223048973.jpg\" alt=\"Grafimedia-ICON logo\" width=\"88\" height=\"88\" \/><\/h1>\n<p>&nbsp;<\/p>\n<p>Env\u00ede las im\u00e1genes captadas por el icon print al sistema <a href=\"http:\/\/grafimedia.eu\/blog\/picture-archiving-communication-system-pacs\/\">PACS<\/a>, convirti\u00e9ndolos primero en formato <a href=\"http:\/\/grafimedia.eu\/blog\/dicom-digital-imaging-communications-medicine\/\">DICOM<\/a> para que puedan ser reconocidas. B\u00fasqueda y recuperaci\u00f3n de los datos del paciente desde el sistema PACS pueden ser hecho simplemente introduciendo su identificaci\u00f3n. Creaci\u00f3n de un nuevo c\u00f3digo de identificaci\u00f3n en base a la informaci\u00f3n del paciente, si el paciente no tiene c\u00f3digo. La conversi\u00f3n de la serie de im\u00e1genes en formato DICOM y el env\u00edo al sistema PACS son posibles simplemente pulsando el bot\u00f3n &#8220;enviar &#8221; ( despu\u00e9s de la identificaci\u00f3n del paciente se ha encontrado o creado ).<\/p>\n<p><img loading=\"lazy\" decoding=\"async\" class=\"aligncenter wp-image-351 size-large\" src=\"http:\/\/grafimedia.eu\/esp\/wp-content\/uploads\/sites\/4\/2016\/02\/grafimedia-ehealth-systems-1-1024x482.jpg\" alt=\"Grafimedia icon DICOM\" width=\"1024\" height=\"482\" srcset=\"https:\/\/grafimedia.eu\/esp\/wp-content\/uploads\/sites\/4\/2016\/02\/grafimedia-ehealth-systems-1-1024x482.jpg 1024w, https:\/\/grafimedia.eu\/esp\/wp-content\/uploads\/sites\/4\/2016\/02\/grafimedia-ehealth-systems-1-300x141.jpg 300w, https:\/\/grafimedia.eu\/esp\/wp-content\/uploads\/sites\/4\/2016\/02\/grafimedia-ehealth-systems-1-768x362.jpg 768w, https:\/\/grafimedia.eu\/esp\/wp-content\/uploads\/sites\/4\/2016\/02\/grafimedia-ehealth-systems-1.jpg 2000w\" sizes=\"(max-width: 1024px) 100vw, 1024px\" \/><\/p>\n<p>&nbsp;<\/p>\n<p style=\"font-size: 15px;\">\u00bfLe gustar\u00eda ayudar a su empresa a ser m\u00e1s verde? A continuaci\u00f3n, eche un vistazo a las \u00faltimas noticias sobre las impresoras Xerox en la secci\u00f3n <a href=\"http:\/\/grafimedia.eu\/blog\/make-office-greener-grafimedia\/\">Noticias<\/a>.<\/p>\n<hr \/>\n<p><a href=\"mailto:sales@grafimedia.eu?subject=icon DICOM\">\u00bfInteresado? Solicite m\u00e1s informaci\u00f3n<\/a><\/p>\n","protected":false},"excerpt":{"rendered":"<p>icon DICOM &nbsp; Env\u00ede las im\u00e1genes captadas por el icon print al sistema PACS, convirti\u00e9ndolos primero en formato DICOM para que puedan ser reconocidas. B\u00fasqueda y recuperaci\u00f3n de los datos del paciente desde el sistema PACS pueden ser hecho simplemente <a class=\"more-link\" href=\"https:\/\/grafimedia.eu\/esp\/icon-dicom\/\">Continue reading <span class=\"screen-reader-text\">  icon DICOM<\/span><span class=\"meta-nav\">&rarr;<\/span><\/a><\/p>\n","protected":false},"author":1,"featured_media":351,"parent":0,"menu_order":0,"comment_status":"closed","ping_status":"closed","template":"page-disable-sidebar.php","meta":{"_exactmetrics_skip_tracking":false,"_exactmetrics_sitenote_active":false,"_exactmetrics_sitenote_note":"","_exactmetrics_sitenote_category":0,"footnotes":""},"class_list":["post-20","page","type-page","status-publish","has-post-thumbnail","hentry"],"_links":{"self":[{"href":"https:\/\/grafimedia.eu\/esp\/wp-json\/wp\/v2\/pages\/20"}],"collection":[{"href":"https:\/\/grafimedia.eu\/esp\/wp-json\/wp\/v2\/pages"}],"about":[{"href":"https:\/\/grafimedia.eu\/esp\/wp-json\/wp\/v2\/types\/page"}],"author":[{"embeddable":true,"href":"https:\/\/grafimedia.eu\/esp\/wp-json\/wp\/v2\/users\/1"}],"replies":[{"embeddable":true,"href":"https:\/\/grafimedia.eu\/esp\/wp-json\/wp\/v2\/comments?post=20"}],"version-history":[{"count":5,"href":"https:\/\/grafimedia.eu\/esp\/wp-json\/wp\/v2\/pages\/20\/revisions"}],"predecessor-version":[{"id":565,"href":"https:\/\/grafimedia.eu\/esp\/wp-json\/wp\/v2\/pages\/20\/revisions\/565"}],"wp:featuredmedia":[{"embeddable":true,"href":"https:\/\/grafimedia.eu\/esp\/wp-json\/wp\/v2\/media\/351"}],"wp:attachment":[{"href":"https:\/\/grafimedia.eu\/esp\/wp-json\/wp\/v2\/media?parent=20"}],"curies":[{"name":"wp","href":"https:\/\/api.w.org\/{rel}","templated":true}]}}