{"id":14,"date":"2016-02-10T17:14:56","date_gmt":"2016-02-10T17:14:56","guid":{"rendered":"http:\/\/grafimedia.eu\/esp\/?page_id=14"},"modified":"2016-08-27T14:31:37","modified_gmt":"2016-08-27T14:31:37","slug":"aycan-osirix-pro","status":"publish","type":"page","link":"https:\/\/grafimedia.eu\/esp\/aycan-osirix-pro\/","title":{"rendered":"aycan Osirix Pro"},"content":{"rendered":"<h1>aycan OsiriX Pro<\/h1>\n<p>&nbsp;<\/p>\n<p>[metaslider id=242]<\/p>\n<p style=\"font-size: 15px;\">Una estaci\u00f3n de trabajo de m\u00faltiples modalidades basadas en Mac para el post- procesamiento y diagn\u00f3stico primario. Con las herramientas de lectura general de diagn\u00f3stico y post &#8211; procesamiento avanzado, adem\u00e1s de certificados plug-ins, aycan OsiriX PRO es la soluci\u00f3n perfecta siempre que haya demanda de un acceso r\u00e1pido y f\u00e1cil a las im\u00e1genes m\u00e9dicas .<\/p>\n<p style=\"font-size: 15px;\"><strong>Caracter\u00edsticas DICOM<\/strong><br \/>\n<a href=\"http:\/\/grafimedia.eu\/blog\/dicom-digital-imaging-communications-medicine\/\">DICOM<\/a> Almacenamiento SCU \/ SCP.<br \/>\nDICOM Consulta \/ Devoluci\u00f3n SCU.<br \/>\nDICOM Print SCU con Compositor de pel\u00edcula.<br \/>\nImportar \/ Exportar varios formatos de imagen (DICOM, JPG, TIFF, Quicktime, RAW).<\/p>\n<p><strong>Caracter\u00edsticas del procesamiento de imagen<\/strong><br \/>\nRepresentaci\u00f3n de volumen 3D.<br \/>\nVisor 4D para Cardiac-CT y otra Serie Temporal.<br \/>\nVisor 5D para Cardiac-PET-CT \u00a0y otra Serie Temporal.<br \/>\nFusi\u00f3n de im\u00e1genes.<br \/>\n3DMPR (Reconstrucci\u00f3n MultiPlanar) con gran plato .<br \/>\nMPR curvado y ortogonal.<br \/>\nMIP (Proyecci\u00f3n de intensidad m\u00e1xima).<br \/>\nMinIP (Proyecci\u00f3n de intensidad m\u00ednimo).<br \/>\nDSA (angiograf\u00eda por sustracci\u00f3n digital).<br \/>\nSegmentaci\u00f3n.<br \/>\nHerramienta de eliminaci\u00f3n de hueso.<br \/>\nWW \/ WL.<br \/>\nRotar , Espejo, zoom, panor\u00e1mico.<br \/>\nInterruptor de superposici\u00f3n activado o desactivado.<br \/>\nLongitud, \u00c1ngulo y Densidad.<br \/>\nROI: Pol\u00edgonos, C\u00edrculos,\u00a0Pencil, rect\u00e1ngulos, Point, &#8230; etc.<br \/>\nCLUT (Color de las tablas de consulta).<br \/>\nFiltros de usuario espec\u00edficos.<br \/>\nHerramienta de tijera.<br \/>\nMPR3D oblicuo doble 3D.<br \/>\nRec\u00e1lculo de la imagen.<br \/>\nCrecimiento de Regi\u00f3n.<\/p>\n<p><img loading=\"lazy\" decoding=\"async\" class=\"alignnone wp-image-413\" src=\"http:\/\/grafimedia.eu\/esp\/wp-content\/uploads\/sites\/4\/2016\/02\/Aycan-OsiriX-Pro-Grafimedia.png\" alt=\"aycan OsiriX Pro Grafimedia\" width=\"458\" height=\"224\" \/><\/p>\n<p><strong>Caracter\u00edsticas de reconocimiento m\u00e9dico<\/strong><br \/>\nProducci\u00f3n de informes en base a estudios.<br \/>\nBarras de herramientas personalizables \/ diversas Disposiciones de pantallas.<br \/>\nL\u00edneas en Topogramas \/ Pilotos \/ Scouts.<br \/>\nSerie de sincronizaci\u00f3n y Desplazamiento de la memoria stack.<br \/>\nExportaci\u00f3n de datos en el CD de los pacientes, incluyendo DICOMDIR.<br \/>\nCreaci\u00f3n de \u00e1lbumes manuales o inteligentes.<br \/>\nUno o m\u00e1s monitores.<\/p>\n<p style=\"font-size: 15px;\"><strong>M\u00e1s caracter\u00edsticas<\/strong><br \/>\nServidor Web incorporado<br \/>\nSoporte Bonjour<br \/>\nEstadode Presentaci\u00f3n<br \/>\nSoporta monitores de 5-MP<br \/>\nSoporta monitores de11 bits<br \/>\nImportador de CD<br \/>\nMPR curvo 3D<br \/>\nEstad\u00edsticas ROI 4D<\/p>\n<p style=\"font-size: 15px;\"><strong>Incluye <\/strong><br \/>\nManual y \u00a0DVD con instruccion<br \/>\nPlug-in\u00a0Manager<\/p>\n<hr \/>\n<p><a href=\"mailto:sales@grafimedia.eu?subject=aycan OsiriX Pro\">\u00bfInteresado? Solicite m\u00e1s informaci\u00f3n<\/a><\/p>\n<p>&nbsp;<\/p>\n","protected":false},"excerpt":{"rendered":"<p>aycan OsiriX Pro &nbsp; [metaslider id=242] Una estaci\u00f3n de trabajo de m\u00faltiples modalidades basadas en Mac para el post- procesamiento y diagn\u00f3stico primario. Con las herramientas de lectura general de diagn\u00f3stico y post &#8211; procesamiento avanzado, adem\u00e1s de certificados plug-ins, <a class=\"more-link\" href=\"https:\/\/grafimedia.eu\/esp\/aycan-osirix-pro\/\">Continue reading <span class=\"screen-reader-text\">  aycan Osirix Pro<\/span><span class=\"meta-nav\">&rarr;<\/span><\/a><\/p>\n","protected":false},"author":1,"featured_media":409,"parent":0,"menu_order":0,"comment_status":"closed","ping_status":"closed","template":"page-disable-sidebar.php","meta":{"_exactmetrics_skip_tracking":false,"_exactmetrics_sitenote_active":false,"_exactmetrics_sitenote_note":"","_exactmetrics_sitenote_category":0,"footnotes":""},"class_list":["post-14","page","type-page","status-publish","has-post-thumbnail","hentry"],"_links":{"self":[{"href":"https:\/\/grafimedia.eu\/esp\/wp-json\/wp\/v2\/pages\/14"}],"collection":[{"href":"https:\/\/grafimedia.eu\/esp\/wp-json\/wp\/v2\/pages"}],"about":[{"href":"https:\/\/grafimedia.eu\/esp\/wp-json\/wp\/v2\/types\/page"}],"author":[{"embeddable":true,"href":"https:\/\/grafimedia.eu\/esp\/wp-json\/wp\/v2\/users\/1"}],"replies":[{"embeddable":true,"href":"https:\/\/grafimedia.eu\/esp\/wp-json\/wp\/v2\/comments?post=14"}],"version-history":[{"count":5,"href":"https:\/\/grafimedia.eu\/esp\/wp-json\/wp\/v2\/pages\/14\/revisions"}],"predecessor-version":[{"id":416,"href":"https:\/\/grafimedia.eu\/esp\/wp-json\/wp\/v2\/pages\/14\/revisions\/416"}],"wp:featuredmedia":[{"embeddable":true,"href":"https:\/\/grafimedia.eu\/esp\/wp-json\/wp\/v2\/media\/409"}],"wp:attachment":[{"href":"https:\/\/grafimedia.eu\/esp\/wp-json\/wp\/v2\/media?parent=14"}],"curies":[{"name":"wp","href":"https:\/\/api.w.org\/{rel}","templated":true}]}}