{"id":108,"date":"2016-02-23T11:56:44","date_gmt":"2016-02-23T11:56:44","guid":{"rendered":"http:\/\/grafimedia.eu\/esp\/?page_id=108"},"modified":"2017-02-07T22:39:43","modified_gmt":"2017-02-07T21:39:43","slug":"healthmail","status":"publish","type":"page","link":"https:\/\/grafimedia.eu\/esp\/healthmail\/","title":{"rendered":"Healthmail"},"content":{"rendered":"<h1><strong>Healthmail es un nuevo proyecto en construcci\u00f3n<\/strong><\/h1>\n<p>Grafimedia tiene un nuevo proyecto en construcci\u00f3n con el objetivo de construir un canal digital seguro para el correo electr\u00f3nico cl\u00ednico. Apoyar\u00e1 toda la asistencia sanitaria y los proveedores m\u00e9dicos a distancia para enviar y recibir informaci\u00f3n del paciente sensible en un sistema y servicio digital de alta calidad , privado, seguro y protegido. Todos los escritorios, port\u00e1tiles , tabletas y tel\u00e9fonos inteligentes podr\u00edan f\u00e1cilmente compartir , enviar o recibir los datos del paciente en el punto de atenci\u00f3n sanitaria e incluso en estado de emergencia. M\u00e1s informaci\u00f3n en breve.<\/p>\n<p>Eche un r\u00e1pido vistazo a este art\u00edculo sobre la salud en <a href=\"http:\/\/grafimedia.eu\/blog\/what-is-ehealth\/\">eHealth<\/a><\/p>\n<p>&nbsp;<\/p>\n<p><img loading=\"lazy\" decoding=\"async\" class=\"aligncenter wp-image-470 size-large\" src=\"http:\/\/grafimedia.eu\/esp\/wp-content\/uploads\/sites\/4\/2016\/02\/Grafimedia-Healthmail-1024x720.jpg\" alt=\"Healthmail Grafimedia\" width=\"1024\" height=\"720\" srcset=\"https:\/\/grafimedia.eu\/esp\/wp-content\/uploads\/sites\/4\/2016\/02\/Grafimedia-Healthmail-1024x720.jpg 1024w, https:\/\/grafimedia.eu\/esp\/wp-content\/uploads\/sites\/4\/2016\/02\/Grafimedia-Healthmail-300x211.jpg 300w, https:\/\/grafimedia.eu\/esp\/wp-content\/uploads\/sites\/4\/2016\/02\/Grafimedia-Healthmail-768x540.jpg 768w, https:\/\/grafimedia.eu\/esp\/wp-content\/uploads\/sites\/4\/2016\/02\/Grafimedia-Healthmail.jpg 1088w\" sizes=\"(max-width: 1024px) 100vw, 1024px\" \/><\/p>\n<p><img align=\"right\" \/><\/p>\n","protected":false},"excerpt":{"rendered":"<p>Healthmail es un nuevo proyecto en construcci\u00f3n Grafimedia tiene un nuevo proyecto en construcci\u00f3n con el objetivo de construir un canal digital seguro para el correo electr\u00f3nico cl\u00ednico. Apoyar\u00e1 toda la asistencia sanitaria y los proveedores m\u00e9dicos a distancia para <a class=\"more-link\" href=\"https:\/\/grafimedia.eu\/esp\/healthmail\/\">Continue reading <span class=\"screen-reader-text\">  Healthmail<\/span><span class=\"meta-nav\">&rarr;<\/span><\/a><\/p>\n","protected":false},"author":1,"featured_media":470,"parent":0,"menu_order":0,"comment_status":"closed","ping_status":"closed","template":"page-disable-sidebar.php","meta":{"_exactmetrics_skip_tracking":false,"_exactmetrics_sitenote_active":false,"_exactmetrics_sitenote_note":"","_exactmetrics_sitenote_category":0,"footnotes":""},"class_list":["post-108","page","type-page","status-publish","has-post-thumbnail","hentry"],"_links":{"self":[{"href":"https:\/\/grafimedia.eu\/esp\/wp-json\/wp\/v2\/pages\/108"}],"collection":[{"href":"https:\/\/grafimedia.eu\/esp\/wp-json\/wp\/v2\/pages"}],"about":[{"href":"https:\/\/grafimedia.eu\/esp\/wp-json\/wp\/v2\/types\/page"}],"author":[{"embeddable":true,"href":"https:\/\/grafimedia.eu\/esp\/wp-json\/wp\/v2\/users\/1"}],"replies":[{"embeddable":true,"href":"https:\/\/grafimedia.eu\/esp\/wp-json\/wp\/v2\/comments?post=108"}],"version-history":[{"count":5,"href":"https:\/\/grafimedia.eu\/esp\/wp-json\/wp\/v2\/pages\/108\/revisions"}],"predecessor-version":[{"id":593,"href":"https:\/\/grafimedia.eu\/esp\/wp-json\/wp\/v2\/pages\/108\/revisions\/593"}],"wp:featuredmedia":[{"embeddable":true,"href":"https:\/\/grafimedia.eu\/esp\/wp-json\/wp\/v2\/media\/470"}],"wp:attachment":[{"href":"https:\/\/grafimedia.eu\/esp\/wp-json\/wp\/v2\/media?parent=108"}],"curies":[{"name":"wp","href":"https:\/\/api.w.org\/{rel}","templated":true}]}}