{"id":104,"date":"2016-02-23T11:55:53","date_gmt":"2016-02-23T11:55:53","guid":{"rendered":"http:\/\/grafimedia.eu\/esp\/?page_id=104"},"modified":"2016-08-27T20:36:49","modified_gmt":"2016-08-27T20:36:49","slug":"country-selector","status":"publish","type":"page","link":"https:\/\/grafimedia.eu\/esp\/country-selector\/","title":{"rendered":"Country selector"},"content":{"rendered":"<p><img decoding=\"async\" src=\"http:\/\/grafimedia.eu\/wp-content\/uploads\/2016\/02\/language_selector.jpg\" alt=\"selector\" height=\"150\" \/><\/p>\n<hr \/>\n<p>&nbsp;<\/p>\n<h1><strong>Selector de pa\u00eds <\/strong><\/h1>\n<p>Nuestra empresa ofrece servicios de TI de salud a todo el mundo. Para su comodidad, puede elegir el pa\u00eds que est\u00e1 m\u00e1s cerca de su ubicaci\u00f3n o el idioma que encuentre m\u00e1s familiar. En muchos casos noticias o l\u00edneas de productos pueden variar en cada pa\u00eds. Visita nuestros sitios web para mantenerse informado.<\/p>\n<p>Web global: <a href=\"http:\/\/grafimedia.eu\">www.grafimedia.eu<\/a><\/p>\n<p>Se puede visitar nuestros otros sitios web en:<\/p>\n<p><a href=\"http:\/\/grafimedia.eu\/de\">Alemania<\/a>\u00a0 \u00a0 <a href=\"http:\/\/grafimedia.eu\/esp\">Espa\u00f1a<\/a>\u00a0 \u00a0\u00a0<a href=\"http:\/\/grafimedia.eu\/fr\">Francia<\/a>\u00a0\u00a0\u00a0<a href=\"http:\/\/grafimedia.eu\/gr\">Grecia<\/a> \u00a0 <a href=\"http:\/\/grafimedia.eu\/it\">Italia<\/a>\u00a0 \u00a0 \u00a0<a href=\"http:\/\/grafimedia.eu\/p\">Portugal<\/a> \u00a0\u00a0 \u00a0<a href=\"http:\/\/grafimedia.eu\/de\">Suiza<\/a><\/p>\n<p>\u00bfLe gustar\u00eda conocer nuestras noticias? A continuaci\u00f3n, suscr\u00edbase a nuestro\u00a0<a href=\"http:\/\/grafimedia.eu\/newsletter-grafimedia\/\">bolet\u00edn\u00a0de noticias\u00a0<\/a>.<\/p>\n<p><img loading=\"lazy\" decoding=\"async\" class=\"aligncenter wp-image-318 \" src=\"http:\/\/grafimedia.eu\/esp\/wp-content\/uploads\/sites\/4\/2016\/06\/Grafimedia-Health-Information-Technology.png\" alt=\"Grafimedia Health Information Technology\" width=\"496\" height=\"461\" srcset=\"https:\/\/grafimedia.eu\/esp\/wp-content\/uploads\/sites\/4\/2016\/06\/Grafimedia-Health-Information-Technology.png 801w, https:\/\/grafimedia.eu\/esp\/wp-content\/uploads\/sites\/4\/2016\/06\/Grafimedia-Health-Information-Technology-300x279.png 300w, https:\/\/grafimedia.eu\/esp\/wp-content\/uploads\/sites\/4\/2016\/06\/Grafimedia-Health-Information-Technology-768x714.png 768w\" sizes=\"(max-width: 496px) 100vw, 496px\" \/><\/p>\n","protected":false},"excerpt":{"rendered":"<p>&nbsp; Selector de pa\u00eds Nuestra empresa ofrece servicios de TI de salud a todo el mundo. Para su comodidad, puede elegir el pa\u00eds que est\u00e1 m\u00e1s cerca de su ubicaci\u00f3n o el idioma que encuentre m\u00e1s familiar. En muchos casos <a class=\"more-link\" href=\"https:\/\/grafimedia.eu\/esp\/country-selector\/\">Continue reading <span class=\"screen-reader-text\">  Country selector<\/span><span class=\"meta-nav\">&rarr;<\/span><\/a><\/p>\n","protected":false},"author":1,"featured_media":319,"parent":0,"menu_order":0,"comment_status":"closed","ping_status":"closed","template":"page-disable-sidebar.php","meta":{"_exactmetrics_skip_tracking":false,"_exactmetrics_sitenote_active":false,"_exactmetrics_sitenote_note":"","_exactmetrics_sitenote_category":0,"footnotes":""},"class_list":["post-104","page","type-page","status-publish","has-post-thumbnail","hentry"],"_links":{"self":[{"href":"https:\/\/grafimedia.eu\/esp\/wp-json\/wp\/v2\/pages\/104"}],"collection":[{"href":"https:\/\/grafimedia.eu\/esp\/wp-json\/wp\/v2\/pages"}],"about":[{"href":"https:\/\/grafimedia.eu\/esp\/wp-json\/wp\/v2\/types\/page"}],"author":[{"embeddable":true,"href":"https:\/\/grafimedia.eu\/esp\/wp-json\/wp\/v2\/users\/1"}],"replies":[{"embeddable":true,"href":"https:\/\/grafimedia.eu\/esp\/wp-json\/wp\/v2\/comments?post=104"}],"version-history":[{"count":5,"href":"https:\/\/grafimedia.eu\/esp\/wp-json\/wp\/v2\/pages\/104\/revisions"}],"predecessor-version":[{"id":490,"href":"https:\/\/grafimedia.eu\/esp\/wp-json\/wp\/v2\/pages\/104\/revisions\/490"}],"wp:featuredmedia":[{"embeddable":true,"href":"https:\/\/grafimedia.eu\/esp\/wp-json\/wp\/v2\/media\/319"}],"wp:attachment":[{"href":"https:\/\/grafimedia.eu\/esp\/wp-json\/wp\/v2\/media?parent=104"}],"curies":[{"name":"wp","href":"https:\/\/api.w.org\/{rel}","templated":true}]}}