{"id":11,"date":"2016-02-10T16:52:02","date_gmt":"2016-02-10T16:52:02","guid":{"rendered":"http:\/\/grafimedia.eu\/de\/?page_id=11"},"modified":"2019-05-04T18:04:19","modified_gmt":"2019-05-04T16:04:19","slug":"11-2","status":"publish","type":"page","link":"https:\/\/grafimedia.eu\/de\/","title":{"rendered":"<img alt=\"Home\" src=\"http:\/\/grafimedia.eu\/wp-content\/uploads\/2016\/02\/HOME_NEGATIVE.png\" \/>"},"content":{"rendered":"<h3 style=\"font-size: 25px; text-align: left;\"><strong><span style=\"color: #0000ff;\">icon grafimedia<\/span><\/strong><\/h3>\n<h3>Gesundheit IT als Service<\/h3>\n<p><strong>Die richtigen Informationen werden zum Gesundheitsvorsorger auf eine intelligente und einfache Art und Weise gebracht.<\/strong><\/p>\n<p>Im Laufe des letzten Jahrzehnts ist der Umfang der medizinischen Informationen exponentiell gewachsen, w\u00e4hrend das Management immer komplexer wird. Heutzutage werden medizinische Daten auf verschiedenen Betriebssystemen hergestellt, unter Verwendung von Protokollen, die die meiste Zeit miteinander nicht kommunizieren k\u00f6nnen. Der unverzichtbare Beitrag von DICOM3\u00a0und HL7 \u00a0Protokolle bei der L\u00f6sung des Problems ist nicht ausreichend. Die einfache Suche und der schnelle Abruf von Informationen ist immer noch eine Herausforderung und Grafimedia hat L\u00f6sungen, die diese Anforderungen erf\u00fcllen.<\/p>\n<p><a href=\"https:\/\/grafimedia.eu\/de\/wp-content\/uploads\/sites\/7\/2018\/03\/Grafimedia-Digital-Health-SaaS-18.jpg\"><img loading=\"lazy\" decoding=\"async\" class=\"aligncenter size-full wp-image-300\" src=\"https:\/\/grafimedia.eu\/de\/wp-content\/uploads\/sites\/7\/2018\/03\/Grafimedia-Digital-Health-SaaS-18.jpg\" alt=\"icon grafimedia Gesundheit IT als Service\" width=\"800\" height=\"480\" srcset=\"https:\/\/grafimedia.eu\/de\/wp-content\/uploads\/sites\/7\/2018\/03\/Grafimedia-Digital-Health-SaaS-18.jpg 800w, https:\/\/grafimedia.eu\/de\/wp-content\/uploads\/sites\/7\/2018\/03\/Grafimedia-Digital-Health-SaaS-18-300x180.jpg 300w, https:\/\/grafimedia.eu\/de\/wp-content\/uploads\/sites\/7\/2018\/03\/Grafimedia-Digital-Health-SaaS-18-768x461.jpg 768w\" sizes=\"(max-width: 800px) 100vw, 800px\" \/><\/a><\/p>\n<p>&nbsp;<\/p>\n<p style=\"font-size: 15px;\">Wir bei Grafimedia nehmen diese Herausforderung an. Wir sind ein Netz von Experten im Bereich Gesundheitsinformationen Technologie, und sind in verschiedenen L\u00e4ndern t\u00e4tig. Wir analysieren, konzipieren, entwickeln und implementieren Workflows f\u00fcr jede Art und Gr\u00f6\u00dfe der medizinischen Einrichtung. Wir n\u00e4hern uns jeden Fall einzeln und versuchen, bestehende Systeme zu integrieren und zu \u00fcberbr\u00fccken und nicht unbedingt zu ersetzen. Zur gleichen Zeit versuchen wir das beste Preis- \/ Leistungsverh\u00e4ltnis anzubieten, ohne Budgets zu \u00fcberschreiten.<\/p>\n<p>Unser Ziel ist immer die ideale Workflow: die medizinische Informationen in Form von Sprache, Text, Audio, Bild oder Video muss f\u00fcr die berechtigte Person in einer schnelle und einfache Weise verf\u00fcgbar sein, unabh\u00e4ngig von dem Standort und dem Ger\u00e4t das verwendet wird. Cloud, IoT, Druck auf Papier und brennen auf CD \/ DVD f\u00fcr die Dokumentation, sind Mittel, um dieses Ziel zu erreichen.<\/p>\n<p>Wir bei Grafimedia bieten alle unsere Dienstleistungen auf einer <strong>Basis Zahlung per Pr\u00fcfung<\/strong>. Bitte kontaktieren Sie unsere <a href=\"mailto:sales@grafimedia.eu\" target=\"_blank\" rel=\"noopener noreferrer\">Sales Department<\/a>\u00a0um Ihren Fall zu analysieren und Ihnen einen Service, der genau auf Ihre Bed\u00fcrfnisse und W\u00fcnsche zugeschnitten ist, anzubieten.<\/p>\n<p><img loading=\"lazy\" decoding=\"async\" class=\"aligncenter size-full wp-image-348\" src=\"https:\/\/grafimedia.eu\/de\/wp-content\/uploads\/sites\/7\/2019\/05\/Grafimedia-Awards-Certifications-2019.png\" alt=\"Grafimedia Awards Certifications 2019\" width=\"1910\" height=\"365\" srcset=\"https:\/\/grafimedia.eu\/de\/wp-content\/uploads\/sites\/7\/2019\/05\/Grafimedia-Awards-Certifications-2019.png 1910w, https:\/\/grafimedia.eu\/de\/wp-content\/uploads\/sites\/7\/2019\/05\/Grafimedia-Awards-Certifications-2019-300x57.png 300w, https:\/\/grafimedia.eu\/de\/wp-content\/uploads\/sites\/7\/2019\/05\/Grafimedia-Awards-Certifications-2019-768x147.png 768w, https:\/\/grafimedia.eu\/de\/wp-content\/uploads\/sites\/7\/2019\/05\/Grafimedia-Awards-Certifications-2019-1024x196.png 1024w\" sizes=\"(max-width: 1910px) 100vw, 1910px\" \/><\/p>\n<p>&nbsp;<\/p>\n<p>&nbsp;<\/p>\n","protected":false},"excerpt":{"rendered":"<p>icon grafimedia Gesundheit IT als Service Die richtigen Informationen werden zum Gesundheitsvorsorger auf eine intelligente und einfache Art und Weise gebracht. Im Laufe des letzten Jahrzehnts ist der Umfang der medizinischen Informationen exponentiell gewachsen, w\u00e4hrend das Management immer komplexer wird. <a class=\"more-link\" href=\"https:\/\/grafimedia.eu\/de\/\">Continue reading <span class=\"screen-reader-text\">  <img decoding=\"async\" alt=\"Home\" src=\"http:\/\/grafimedia.eu\/wp-content\/uploads\/2016\/02\/HOME_NEGATIVE.png\" \/><\/span><span class=\"meta-nav\">&rarr;<\/span><\/a><\/p>\n","protected":false},"author":10,"featured_media":302,"parent":0,"menu_order":0,"comment_status":"closed","ping_status":"closed","template":"page-disable-sidebar.php","meta":{"_exactmetrics_skip_tracking":false,"_exactmetrics_sitenote_active":false,"_exactmetrics_sitenote_note":"","_exactmetrics_sitenote_category":0,"footnotes":""},"class_list":["post-11","page","type-page","status-publish","has-post-thumbnail","hentry"],"_links":{"self":[{"href":"https:\/\/grafimedia.eu\/de\/wp-json\/wp\/v2\/pages\/11"}],"collection":[{"href":"https:\/\/grafimedia.eu\/de\/wp-json\/wp\/v2\/pages"}],"about":[{"href":"https:\/\/grafimedia.eu\/de\/wp-json\/wp\/v2\/types\/page"}],"author":[{"embeddable":true,"href":"https:\/\/grafimedia.eu\/de\/wp-json\/wp\/v2\/users\/10"}],"replies":[{"embeddable":true,"href":"https:\/\/grafimedia.eu\/de\/wp-json\/wp\/v2\/comments?post=11"}],"version-history":[{"count":5,"href":"https:\/\/grafimedia.eu\/de\/wp-json\/wp\/v2\/pages\/11\/revisions"}],"predecessor-version":[{"id":349,"href":"https:\/\/grafimedia.eu\/de\/wp-json\/wp\/v2\/pages\/11\/revisions\/349"}],"wp:featuredmedia":[{"embeddable":true,"href":"https:\/\/grafimedia.eu\/de\/wp-json\/wp\/v2\/media\/302"}],"wp:attachment":[{"href":"https:\/\/grafimedia.eu\/de\/wp-json\/wp\/v2\/media?parent=11"}],"curies":[{"name":"wp","href":"https:\/\/api.w.org\/{rel}","templated":true}]}}